{"id":5798,"date":"2025-10-20T15:08:03","date_gmt":"2025-10-20T08:08:03","guid":{"rendered":"https:\/\/skeyndor.123websitedev.com\/san-pham\/kem-chong-nang-protective-cream-spf-50-san-pham-doc-quyen-cua-cong-nghe-anh-sang-xanh\/"},"modified":"2025-11-06T10:25:21","modified_gmt":"2025-11-06T03:25:21","slug":"kem-chong-nang-protective-cream-spf-50-san-pham-doc-quyen-cua-cong-nghe-anh-sang-xanh","status":"publish","type":"product","link":"https:\/\/skeyndorvietnam.vn\/en\/product\/kem-chong-nang-protective-cream-spf-50-san-pham-doc-quyen-cua-cong-nghe-anh-sang-xanh\/","title":{"rendered":"KEM CH\u1ed0NG N\u1eaeNG PROTECTIVE CREAM SPF 50 (S\u1ea3n ph\u1ea9m \u0111\u1ed9c quy\u1ec1n c\u1ee7a c\u00f4ng ngh\u1ec7 &#8220;\u00c1nh S\u00e1ng Xanh&#8221;)"},"content":{"rendered":"","protected":false},"excerpt":{"rendered":"<p>kem c\u00f3 ch\u1ec9 s\u1ed1 ch\u1ed1ng n\u1eafng r\u1ea5t cao: SPF 50+. B\u1ea3o v\u1ec7 da tr\u00ean ph\u1ed5 r\u1ed9ng, ch\u1ed1ng tia UVB, UVA, HEV, IR kh\u00f4ng th\u1ea5m n\u01b0\u1edbc.<\/p>","protected":false},"featured_media":5800,"comment_status":"open","ping_status":"closed","template":"","meta":[],"product_brand":[],"product_cat":[148],"product_tag":[],"class_list":{"0":"post-5798","1":"product","2":"type-product","3":"status-publish","4":"has-post-thumbnail","6":"product_cat-dong-chong-nang-bao-ve-da","7":"pa_dung-tich-75ml","8":"pa_loai-da-da-kho-da-thuong","11":"instock","12":"purchasable","13":"product-type-simple","14":"product-grid-view"},"yoast_head":"<!-- This site is optimized with the Yoast SEO Premium plugin v20.9 (Yoast SEO v20.9) - https:\/\/yoast.com\/wordpress\/plugins\/seo\/ -->\n<title>KEM CH\u1ed0NG N\u1eaeNG PROTECTIVE CREAM SPF 50 (S\u1ea3n ph\u1ea9m \u0111\u1ed9c quy\u1ec1n c\u1ee7a c\u00f4ng ngh\u1ec7 &quot;\u00c1nh S\u00e1ng Xanh&quot;) - Skeyndor<\/title>\n<meta name=\"robots\" content=\"noindex, follow, max-snippet:-1, max-image-preview:large, max-video-preview:-1\" \/>\n<meta property=\"og:locale\" content=\"en_US\" \/>\n<meta property=\"og:type\" content=\"article\" \/>\n<meta property=\"og:title\" content=\"KEM CH\u1ed0NG N\u1eaeNG PROTECTIVE CREAM SPF 50 (S\u1ea3n ph\u1ea9m \u0111\u1ed9c quy\u1ec1n c\u1ee7a c\u00f4ng ngh\u1ec7 &quot;\u00c1nh S\u00e1ng Xanh&quot;)\" \/>\n<meta property=\"og:description\" content=\"kem c\u00f3 ch\u1ec9 s\u1ed1 ch\u1ed1ng n\u1eafng r\u1ea5t cao: SPF 50+. B\u1ea3o v\u1ec7 da tr\u00ean ph\u1ed5 r\u1ed9ng, ch\u1ed1ng tia UVB, UVA, HEV, IR kh\u00f4ng th\u1ea5m n\u01b0\u1edbc.\" \/>\n<meta property=\"og:url\" content=\"https:\/\/skeyndorvietnam.vn\/en\/product\/kem-chong-nang-protective-cream-spf-50-san-pham-doc-quyen-cua-cong-nghe-anh-sang-xanh\/\" \/>\n<meta property=\"og:site_name\" content=\"Skeyndor\" \/>\n<meta property=\"article:modified_time\" content=\"2025-11-06T03:25:21+00:00\" \/>\n<meta property=\"og:image\" content=\"https:\/\/skeyndorvietnam.vn\/wp-content\/uploads\/2025\/10\/SK46731209.png\" \/>\n\t<meta property=\"og:image:width\" content=\"1200\" \/>\n\t<meta property=\"og:image:height\" content=\"1200\" \/>\n\t<meta property=\"og:image:type\" content=\"image\/png\" \/>\n<meta name=\"twitter:card\" content=\"summary_large_image\" \/>\n<script type=\"application\/ld+json\" class=\"yoast-schema-graph\">{\"@context\":\"https:\/\/schema.org\",\"@graph\":[{\"@type\":\"WebPage\",\"@id\":\"https:\/\/skeyndorvietnam.vn\/san-pham\/kem-chong-nang-protective-cream-spf-50-san-pham-doc-quyen-cua-cong-nghe-anh-sang-xanh\/\",\"url\":\"https:\/\/skeyndorvietnam.vn\/san-pham\/kem-chong-nang-protective-cream-spf-50-san-pham-doc-quyen-cua-cong-nghe-anh-sang-xanh\/\",\"name\":\"KEM CH\u1ed0NG N\u1eaeNG PROTECTIVE CREAM SPF 50 (S\u1ea3n ph\u1ea9m \u0111\u1ed9c quy\u1ec1n c\u1ee7a c\u00f4ng ngh\u1ec7 \\\"\u00c1nh S\u00e1ng Xanh\\\") - Skeyndor\",\"isPartOf\":{\"@id\":\"https:\/\/skeyndorvietnam.vn\/#website\"},\"datePublished\":\"2025-10-20T08:08:03+00:00\",\"dateModified\":\"2025-11-06T03:25:21+00:00\",\"breadcrumb\":{\"@id\":\"https:\/\/skeyndorvietnam.vn\/san-pham\/kem-chong-nang-protective-cream-spf-50-san-pham-doc-quyen-cua-cong-nghe-anh-sang-xanh\/#breadcrumb\"},\"inLanguage\":\"en-US\",\"potentialAction\":[{\"@type\":\"ReadAction\",\"target\":[\"https:\/\/skeyndorvietnam.vn\/san-pham\/kem-chong-nang-protective-cream-spf-50-san-pham-doc-quyen-cua-cong-nghe-anh-sang-xanh\/\"]}]},{\"@type\":\"BreadcrumbList\",\"@id\":\"https:\/\/skeyndorvietnam.vn\/san-pham\/kem-chong-nang-protective-cream-spf-50-san-pham-doc-quyen-cua-cong-nghe-anh-sang-xanh\/#breadcrumb\",\"itemListElement\":[{\"@type\":\"ListItem\",\"position\":1,\"name\":\"Home\",\"item\":\"https:\/\/skeyndorvietnam.vn\/\"},{\"@type\":\"ListItem\",\"position\":2,\"name\":\"S\u1ea3n ph\u1ea9m\",\"item\":\"https:\/\/skeyndorvietnam.vn\/shop\/\"},{\"@type\":\"ListItem\",\"position\":3,\"name\":\"KEM CH\u1ed0NG N\u1eaeNG PROTECTIVE CREAM SPF 50 (S\u1ea3n ph\u1ea9m \u0111\u1ed9c quy\u1ec1n c\u1ee7a c\u00f4ng ngh\u1ec7 &#8220;\u00c1nh S\u00e1ng Xanh&#8221;)\"}]},{\"@type\":\"WebSite\",\"@id\":\"https:\/\/skeyndorvietnam.vn\/#website\",\"url\":\"https:\/\/skeyndorvietnam.vn\/\",\"name\":\"Skeyndor\",\"description\":\"M\u1ef9 ph\u1ea9m cao c\u1ea5p t\u1eeb T\u00e2y Ban Nha - D\u01b0\u1ee1ng da chuy\u00ean s\u00e2u, an to\u00e0n &amp; hi\u1ec7u qu\u1ea3\",\"publisher\":{\"@id\":\"https:\/\/skeyndorvietnam.vn\/#organization\"},\"potentialAction\":[{\"@type\":\"SearchAction\",\"target\":{\"@type\":\"EntryPoint\",\"urlTemplate\":\"https:\/\/skeyndorvietnam.vn\/?s={search_term_string}\"},\"query-input\":\"required name=search_term_string\"}],\"inLanguage\":\"en-US\"},{\"@type\":\"Organization\",\"@id\":\"https:\/\/skeyndorvietnam.vn\/#organization\",\"name\":\"Skeyndor\",\"url\":\"https:\/\/skeyndorvietnam.vn\/\",\"logo\":{\"@type\":\"ImageObject\",\"inLanguage\":\"en-US\",\"@id\":\"https:\/\/skeyndorvietnam.vn\/#\/schema\/logo\/image\/\",\"url\":\"https:\/\/skeyndorvietnam.vn\/wp-content\/uploads\/2023\/10\/logo.png\",\"contentUrl\":\"https:\/\/skeyndorvietnam.vn\/wp-content\/uploads\/2023\/10\/logo.png\",\"width\":145,\"height\":43,\"caption\":\"Skeyndor\"},\"image\":{\"@id\":\"https:\/\/skeyndorvietnam.vn\/#\/schema\/logo\/image\/\"}}]}<\/script>\n<!-- \/ Yoast SEO Premium plugin. -->","yoast_head_json":{"title":"KEM CH\u1ed0NG N\u1eaeNG PROTECTIVE CREAM SPF 50 (S\u1ea3n ph\u1ea9m \u0111\u1ed9c quy\u1ec1n c\u1ee7a c\u00f4ng ngh\u1ec7 \"\u00c1nh S\u00e1ng Xanh\") - Skeyndor","robots":{"index":"noindex","follow":"follow","max-snippet":"max-snippet:-1","max-image-preview":"max-image-preview:large","max-video-preview":"max-video-preview:-1"},"og_locale":"en_US","og_type":"article","og_title":"KEM CH\u1ed0NG N\u1eaeNG PROTECTIVE CREAM SPF 50 (S\u1ea3n ph\u1ea9m \u0111\u1ed9c quy\u1ec1n c\u1ee7a c\u00f4ng ngh\u1ec7 \"\u00c1nh S\u00e1ng Xanh\")","og_description":"kem c\u00f3 ch\u1ec9 s\u1ed1 ch\u1ed1ng n\u1eafng r\u1ea5t cao: SPF 50+. B\u1ea3o v\u1ec7 da tr\u00ean ph\u1ed5 r\u1ed9ng, ch\u1ed1ng tia UVB, UVA, HEV, IR kh\u00f4ng th\u1ea5m n\u01b0\u1edbc.","og_url":"https:\/\/skeyndorvietnam.vn\/en\/product\/kem-chong-nang-protective-cream-spf-50-san-pham-doc-quyen-cua-cong-nghe-anh-sang-xanh\/","og_site_name":"Skeyndor","article_modified_time":"2025-11-06T03:25:21+00:00","og_image":[{"width":1200,"height":1200,"url":"https:\/\/skeyndorvietnam.vn\/wp-content\/uploads\/2025\/10\/SK46731209.png","type":"image\/png"}],"twitter_card":"summary_large_image","schema":{"@context":"https:\/\/schema.org","@graph":[{"@type":"WebPage","@id":"https:\/\/skeyndorvietnam.vn\/san-pham\/kem-chong-nang-protective-cream-spf-50-san-pham-doc-quyen-cua-cong-nghe-anh-sang-xanh\/","url":"https:\/\/skeyndorvietnam.vn\/san-pham\/kem-chong-nang-protective-cream-spf-50-san-pham-doc-quyen-cua-cong-nghe-anh-sang-xanh\/","name":"KEM CH\u1ed0NG N\u1eaeNG PROTECTIVE CREAM SPF 50 (S\u1ea3n ph\u1ea9m \u0111\u1ed9c quy\u1ec1n c\u1ee7a c\u00f4ng ngh\u1ec7 \"\u00c1nh S\u00e1ng Xanh\") - Skeyndor","isPartOf":{"@id":"https:\/\/skeyndorvietnam.vn\/#website"},"datePublished":"2025-10-20T08:08:03+00:00","dateModified":"2025-11-06T03:25:21+00:00","breadcrumb":{"@id":"https:\/\/skeyndorvietnam.vn\/san-pham\/kem-chong-nang-protective-cream-spf-50-san-pham-doc-quyen-cua-cong-nghe-anh-sang-xanh\/#breadcrumb"},"inLanguage":"en-US","potentialAction":[{"@type":"ReadAction","target":["https:\/\/skeyndorvietnam.vn\/san-pham\/kem-chong-nang-protective-cream-spf-50-san-pham-doc-quyen-cua-cong-nghe-anh-sang-xanh\/"]}]},{"@type":"BreadcrumbList","@id":"https:\/\/skeyndorvietnam.vn\/san-pham\/kem-chong-nang-protective-cream-spf-50-san-pham-doc-quyen-cua-cong-nghe-anh-sang-xanh\/#breadcrumb","itemListElement":[{"@type":"ListItem","position":1,"name":"Home","item":"https:\/\/skeyndorvietnam.vn\/"},{"@type":"ListItem","position":2,"name":"S\u1ea3n ph\u1ea9m","item":"https:\/\/skeyndorvietnam.vn\/shop\/"},{"@type":"ListItem","position":3,"name":"KEM CH\u1ed0NG N\u1eaeNG PROTECTIVE CREAM SPF 50 (S\u1ea3n ph\u1ea9m \u0111\u1ed9c quy\u1ec1n c\u1ee7a c\u00f4ng ngh\u1ec7 &#8220;\u00c1nh S\u00e1ng Xanh&#8221;)"}]},{"@type":"WebSite","@id":"https:\/\/skeyndorvietnam.vn\/#website","url":"https:\/\/skeyndorvietnam.vn\/","name":"Skeyndor","description":"M\u1ef9 ph\u1ea9m cao c\u1ea5p t\u1eeb T\u00e2y Ban Nha - D\u01b0\u1ee1ng da chuy\u00ean s\u00e2u, an to\u00e0n &amp; hi\u1ec7u qu\u1ea3","publisher":{"@id":"https:\/\/skeyndorvietnam.vn\/#organization"},"potentialAction":[{"@type":"SearchAction","target":{"@type":"EntryPoint","urlTemplate":"https:\/\/skeyndorvietnam.vn\/?s={search_term_string}"},"query-input":"required name=search_term_string"}],"inLanguage":"en-US"},{"@type":"Organization","@id":"https:\/\/skeyndorvietnam.vn\/#organization","name":"Skeyndor","url":"https:\/\/skeyndorvietnam.vn\/","logo":{"@type":"ImageObject","inLanguage":"en-US","@id":"https:\/\/skeyndorvietnam.vn\/#\/schema\/logo\/image\/","url":"https:\/\/skeyndorvietnam.vn\/wp-content\/uploads\/2023\/10\/logo.png","contentUrl":"https:\/\/skeyndorvietnam.vn\/wp-content\/uploads\/2023\/10\/logo.png","width":145,"height":43,"caption":"Skeyndor"},"image":{"@id":"https:\/\/skeyndorvietnam.vn\/#\/schema\/logo\/image\/"}}]}},"_links":{"self":[{"href":"https:\/\/skeyndorvietnam.vn\/en\/wp-json\/wp\/v2\/product\/5798","targetHints":{"allow":["GET"]}}],"collection":[{"href":"https:\/\/skeyndorvietnam.vn\/en\/wp-json\/wp\/v2\/product"}],"about":[{"href":"https:\/\/skeyndorvietnam.vn\/en\/wp-json\/wp\/v2\/types\/product"}],"replies":[{"embeddable":true,"href":"https:\/\/skeyndorvietnam.vn\/en\/wp-json\/wp\/v2\/comments?post=5798"}],"version-history":[{"count":0,"href":"https:\/\/skeyndorvietnam.vn\/en\/wp-json\/wp\/v2\/product\/5798\/revisions"}],"wp:featuredmedia":[{"embeddable":true,"href":"https:\/\/skeyndorvietnam.vn\/en\/wp-json\/wp\/v2\/media\/5800"}],"wp:attachment":[{"href":"https:\/\/skeyndorvietnam.vn\/en\/wp-json\/wp\/v2\/media?parent=5798"}],"wp:term":[{"taxonomy":"product_brand","embeddable":true,"href":"https:\/\/skeyndorvietnam.vn\/en\/wp-json\/wp\/v2\/product_brand?post=5798"},{"taxonomy":"product_cat","embeddable":true,"href":"https:\/\/skeyndorvietnam.vn\/en\/wp-json\/wp\/v2\/product_cat?post=5798"},{"taxonomy":"product_tag","embeddable":true,"href":"https:\/\/skeyndorvietnam.vn\/en\/wp-json\/wp\/v2\/product_tag?post=5798"}],"curies":[{"name":"wp","href":"https:\/\/api.w.org\/{rel}","templated":true}]}}