{"id":5780,"date":"2025-10-20T14:41:43","date_gmt":"2025-10-20T07:41:43","guid":{"rendered":"https:\/\/skeyndor.123websitedev.com\/san-pham\/v-shape-lifting-home-care-set-nang-co-tai-nha-serum-dinh-hinh-7-mat-na-dinh-hinh-duong-vien-khuon-mat\/"},"modified":"2025-11-06T10:27:05","modified_gmt":"2025-11-06T03:27:05","slug":"v-shape-lifting-home-care-set-nang-co-tai-nha-serum-dinh-hinh-7-mat-na-dinh-hinh-duong-vien-khuon-mat","status":"publish","type":"product","link":"https:\/\/skeyndorvietnam.vn\/en\/product\/v-shape-lifting-home-care-set-nang-co-tai-nha-serum-dinh-hinh-7-mat-na-dinh-hinh-duong-vien-khuon-mat\/","title":{"rendered":"V- SHAPE LIFTING Home Care Set n\u00e2ng c\u01a1 t\u1ea1i nh\u00e0 (Serum \u0111\u1ecbnh h\u00ecnh 7 m\u1eb7t n\u1ea1 \u0111\u1ecbnh h\u00ecnh \u0111\u01b0\u1eddng vi\u1ec1n khu\u00f4n m\u1eb7t)"},"content":{"rendered":"","protected":false},"excerpt":{"rendered":"<p>kem \u0111\u1ecbnh h\u00ecnh \u0111\u01b0\u1eddng vi\u1ec1n khu\u00f4n m\u1eb7t, ch\u1ed1ng ch\u1ea3y x\u1ec7 t\u0103ng c\u01b0\u1eddng k\u00edch th\u00edch s\u1ea3n sinh collagen, t\u0103ng \u0111\u1ed9 s\u0103n ch\u1eafc da, \u0111\u00e0n h\u1ed3i, s\u0103n ch\u1eafc da<\/p>","protected":false},"featured_media":5782,"comment_status":"open","ping_status":"closed","template":"","meta":[],"product_brand":[],"product_cat":[142],"product_tag":[],"class_list":{"0":"post-5780","1":"product","2":"type-product","3":"status-publish","4":"has-post-thumbnail","6":"product_cat-dong-nang-co-lao-hoa","7":"pa_dung-tich-1-cream-1-serum-2-mask","8":"pa_loai-da-moi-loai-da","11":"instock","12":"purchasable","13":"product-type-simple","14":"product-grid-view"},"yoast_head":"<!-- This site is optimized with the Yoast SEO Premium plugin v20.9 (Yoast SEO v20.9) - https:\/\/yoast.com\/wordpress\/plugins\/seo\/ -->\n<title>V- SHAPE LIFTING Home Care Set n\u00e2ng c\u01a1 t\u1ea1i nh\u00e0 (Serum \u0111\u1ecbnh h\u00ecnh 7 m\u1eb7t n\u1ea1 \u0111\u1ecbnh h\u00ecnh \u0111\u01b0\u1eddng vi\u1ec1n khu\u00f4n m\u1eb7t) - Skeyndor<\/title>\n<meta name=\"robots\" content=\"noindex, follow, max-snippet:-1, max-image-preview:large, max-video-preview:-1\" \/>\n<meta property=\"og:locale\" content=\"en_US\" \/>\n<meta property=\"og:type\" content=\"article\" \/>\n<meta property=\"og:title\" content=\"V- SHAPE LIFTING Home Care Set n\u00e2ng c\u01a1 t\u1ea1i nh\u00e0 (Serum \u0111\u1ecbnh h\u00ecnh 7 m\u1eb7t n\u1ea1 \u0111\u1ecbnh h\u00ecnh \u0111\u01b0\u1eddng vi\u1ec1n khu\u00f4n m\u1eb7t)\" \/>\n<meta property=\"og:description\" content=\"kem \u0111\u1ecbnh h\u00ecnh \u0111\u01b0\u1eddng vi\u1ec1n khu\u00f4n m\u1eb7t, ch\u1ed1ng ch\u1ea3y x\u1ec7 t\u0103ng c\u01b0\u1eddng k\u00edch th\u00edch s\u1ea3n sinh collagen, t\u0103ng \u0111\u1ed9 s\u0103n ch\u1eafc da, \u0111\u00e0n h\u1ed3i, s\u0103n ch\u1eafc da\" \/>\n<meta property=\"og:url\" content=\"https:\/\/skeyndorvietnam.vn\/en\/product\/v-shape-lifting-home-care-set-nang-co-tai-nha-serum-dinh-hinh-7-mat-na-dinh-hinh-duong-vien-khuon-mat\/\" \/>\n<meta property=\"og:site_name\" content=\"Skeyndor\" \/>\n<meta property=\"article:modified_time\" content=\"2025-11-06T03:27:05+00:00\" \/>\n<meta property=\"og:image\" content=\"https:\/\/skeyndorvietnam.vn\/wp-content\/uploads\/2025\/10\/SK51451600-1024x1024.png\" \/>\n\t<meta property=\"og:image:width\" content=\"1024\" \/>\n\t<meta property=\"og:image:height\" content=\"1024\" \/>\n\t<meta property=\"og:image:type\" content=\"image\/png\" \/>\n<meta name=\"twitter:card\" content=\"summary_large_image\" \/>\n<script type=\"application\/ld+json\" class=\"yoast-schema-graph\">{\"@context\":\"https:\/\/schema.org\",\"@graph\":[{\"@type\":\"WebPage\",\"@id\":\"https:\/\/skeyndorvietnam.vn\/san-pham\/v-shape-lifting-home-care-set-nang-co-tai-nha-serum-dinh-hinh-7-mat-na-dinh-hinh-duong-vien-khuon-mat\/\",\"url\":\"https:\/\/skeyndorvietnam.vn\/san-pham\/v-shape-lifting-home-care-set-nang-co-tai-nha-serum-dinh-hinh-7-mat-na-dinh-hinh-duong-vien-khuon-mat\/\",\"name\":\"V- SHAPE LIFTING Home Care Set n\u00e2ng c\u01a1 t\u1ea1i nh\u00e0 (Serum \u0111\u1ecbnh h\u00ecnh 7 m\u1eb7t n\u1ea1 \u0111\u1ecbnh h\u00ecnh \u0111\u01b0\u1eddng vi\u1ec1n khu\u00f4n m\u1eb7t) - Skeyndor\",\"isPartOf\":{\"@id\":\"https:\/\/skeyndorvietnam.vn\/#website\"},\"datePublished\":\"2025-10-20T07:41:43+00:00\",\"dateModified\":\"2025-11-06T03:27:05+00:00\",\"breadcrumb\":{\"@id\":\"https:\/\/skeyndorvietnam.vn\/san-pham\/v-shape-lifting-home-care-set-nang-co-tai-nha-serum-dinh-hinh-7-mat-na-dinh-hinh-duong-vien-khuon-mat\/#breadcrumb\"},\"inLanguage\":\"en-US\",\"potentialAction\":[{\"@type\":\"ReadAction\",\"target\":[\"https:\/\/skeyndorvietnam.vn\/san-pham\/v-shape-lifting-home-care-set-nang-co-tai-nha-serum-dinh-hinh-7-mat-na-dinh-hinh-duong-vien-khuon-mat\/\"]}]},{\"@type\":\"BreadcrumbList\",\"@id\":\"https:\/\/skeyndorvietnam.vn\/san-pham\/v-shape-lifting-home-care-set-nang-co-tai-nha-serum-dinh-hinh-7-mat-na-dinh-hinh-duong-vien-khuon-mat\/#breadcrumb\",\"itemListElement\":[{\"@type\":\"ListItem\",\"position\":1,\"name\":\"Home\",\"item\":\"https:\/\/skeyndorvietnam.vn\/\"},{\"@type\":\"ListItem\",\"position\":2,\"name\":\"S\u1ea3n ph\u1ea9m\",\"item\":\"https:\/\/skeyndorvietnam.vn\/shop\/\"},{\"@type\":\"ListItem\",\"position\":3,\"name\":\"V- SHAPE LIFTING Home Care Set n\u00e2ng c\u01a1 t\u1ea1i nh\u00e0 (Serum \u0111\u1ecbnh h\u00ecnh 7 m\u1eb7t n\u1ea1 \u0111\u1ecbnh h\u00ecnh \u0111\u01b0\u1eddng vi\u1ec1n khu\u00f4n m\u1eb7t)\"}]},{\"@type\":\"WebSite\",\"@id\":\"https:\/\/skeyndorvietnam.vn\/#website\",\"url\":\"https:\/\/skeyndorvietnam.vn\/\",\"name\":\"Skeyndor\",\"description\":\"M\u1ef9 ph\u1ea9m cao c\u1ea5p t\u1eeb T\u00e2y Ban Nha - D\u01b0\u1ee1ng da chuy\u00ean s\u00e2u, an to\u00e0n &amp; hi\u1ec7u qu\u1ea3\",\"publisher\":{\"@id\":\"https:\/\/skeyndorvietnam.vn\/#organization\"},\"potentialAction\":[{\"@type\":\"SearchAction\",\"target\":{\"@type\":\"EntryPoint\",\"urlTemplate\":\"https:\/\/skeyndorvietnam.vn\/?s={search_term_string}\"},\"query-input\":\"required name=search_term_string\"}],\"inLanguage\":\"en-US\"},{\"@type\":\"Organization\",\"@id\":\"https:\/\/skeyndorvietnam.vn\/#organization\",\"name\":\"Skeyndor\",\"url\":\"https:\/\/skeyndorvietnam.vn\/\",\"logo\":{\"@type\":\"ImageObject\",\"inLanguage\":\"en-US\",\"@id\":\"https:\/\/skeyndorvietnam.vn\/#\/schema\/logo\/image\/\",\"url\":\"https:\/\/skeyndorvietnam.vn\/wp-content\/uploads\/2023\/10\/logo.png\",\"contentUrl\":\"https:\/\/skeyndorvietnam.vn\/wp-content\/uploads\/2023\/10\/logo.png\",\"width\":145,\"height\":43,\"caption\":\"Skeyndor\"},\"image\":{\"@id\":\"https:\/\/skeyndorvietnam.vn\/#\/schema\/logo\/image\/\"}}]}<\/script>\n<!-- \/ Yoast SEO Premium plugin. -->","yoast_head_json":{"title":"V- SHAPE LIFTING Home Care Set n\u00e2ng c\u01a1 t\u1ea1i nh\u00e0 (Serum \u0111\u1ecbnh h\u00ecnh 7 m\u1eb7t n\u1ea1 \u0111\u1ecbnh h\u00ecnh \u0111\u01b0\u1eddng vi\u1ec1n khu\u00f4n m\u1eb7t) - Skeyndor","robots":{"index":"noindex","follow":"follow","max-snippet":"max-snippet:-1","max-image-preview":"max-image-preview:large","max-video-preview":"max-video-preview:-1"},"og_locale":"en_US","og_type":"article","og_title":"V- SHAPE LIFTING Home Care Set n\u00e2ng c\u01a1 t\u1ea1i nh\u00e0 (Serum \u0111\u1ecbnh h\u00ecnh 7 m\u1eb7t n\u1ea1 \u0111\u1ecbnh h\u00ecnh \u0111\u01b0\u1eddng vi\u1ec1n khu\u00f4n m\u1eb7t)","og_description":"kem \u0111\u1ecbnh h\u00ecnh \u0111\u01b0\u1eddng vi\u1ec1n khu\u00f4n m\u1eb7t, ch\u1ed1ng ch\u1ea3y x\u1ec7 t\u0103ng c\u01b0\u1eddng k\u00edch th\u00edch s\u1ea3n sinh collagen, t\u0103ng \u0111\u1ed9 s\u0103n ch\u1eafc da, \u0111\u00e0n h\u1ed3i, s\u0103n ch\u1eafc da","og_url":"https:\/\/skeyndorvietnam.vn\/en\/product\/v-shape-lifting-home-care-set-nang-co-tai-nha-serum-dinh-hinh-7-mat-na-dinh-hinh-duong-vien-khuon-mat\/","og_site_name":"Skeyndor","article_modified_time":"2025-11-06T03:27:05+00:00","og_image":[{"width":1024,"height":1024,"url":"https:\/\/skeyndorvietnam.vn\/wp-content\/uploads\/2025\/10\/SK51451600-1024x1024.png","type":"image\/png"}],"twitter_card":"summary_large_image","schema":{"@context":"https:\/\/schema.org","@graph":[{"@type":"WebPage","@id":"https:\/\/skeyndorvietnam.vn\/san-pham\/v-shape-lifting-home-care-set-nang-co-tai-nha-serum-dinh-hinh-7-mat-na-dinh-hinh-duong-vien-khuon-mat\/","url":"https:\/\/skeyndorvietnam.vn\/san-pham\/v-shape-lifting-home-care-set-nang-co-tai-nha-serum-dinh-hinh-7-mat-na-dinh-hinh-duong-vien-khuon-mat\/","name":"V- SHAPE LIFTING Home Care Set n\u00e2ng c\u01a1 t\u1ea1i nh\u00e0 (Serum \u0111\u1ecbnh h\u00ecnh 7 m\u1eb7t n\u1ea1 \u0111\u1ecbnh h\u00ecnh \u0111\u01b0\u1eddng vi\u1ec1n khu\u00f4n m\u1eb7t) - Skeyndor","isPartOf":{"@id":"https:\/\/skeyndorvietnam.vn\/#website"},"datePublished":"2025-10-20T07:41:43+00:00","dateModified":"2025-11-06T03:27:05+00:00","breadcrumb":{"@id":"https:\/\/skeyndorvietnam.vn\/san-pham\/v-shape-lifting-home-care-set-nang-co-tai-nha-serum-dinh-hinh-7-mat-na-dinh-hinh-duong-vien-khuon-mat\/#breadcrumb"},"inLanguage":"en-US","potentialAction":[{"@type":"ReadAction","target":["https:\/\/skeyndorvietnam.vn\/san-pham\/v-shape-lifting-home-care-set-nang-co-tai-nha-serum-dinh-hinh-7-mat-na-dinh-hinh-duong-vien-khuon-mat\/"]}]},{"@type":"BreadcrumbList","@id":"https:\/\/skeyndorvietnam.vn\/san-pham\/v-shape-lifting-home-care-set-nang-co-tai-nha-serum-dinh-hinh-7-mat-na-dinh-hinh-duong-vien-khuon-mat\/#breadcrumb","itemListElement":[{"@type":"ListItem","position":1,"name":"Home","item":"https:\/\/skeyndorvietnam.vn\/"},{"@type":"ListItem","position":2,"name":"S\u1ea3n ph\u1ea9m","item":"https:\/\/skeyndorvietnam.vn\/shop\/"},{"@type":"ListItem","position":3,"name":"V- SHAPE LIFTING Home Care Set n\u00e2ng c\u01a1 t\u1ea1i nh\u00e0 (Serum \u0111\u1ecbnh h\u00ecnh 7 m\u1eb7t n\u1ea1 \u0111\u1ecbnh h\u00ecnh \u0111\u01b0\u1eddng vi\u1ec1n khu\u00f4n m\u1eb7t)"}]},{"@type":"WebSite","@id":"https:\/\/skeyndorvietnam.vn\/#website","url":"https:\/\/skeyndorvietnam.vn\/","name":"Skeyndor","description":"M\u1ef9 ph\u1ea9m cao c\u1ea5p t\u1eeb T\u00e2y Ban Nha - D\u01b0\u1ee1ng da chuy\u00ean s\u00e2u, an to\u00e0n &amp; hi\u1ec7u qu\u1ea3","publisher":{"@id":"https:\/\/skeyndorvietnam.vn\/#organization"},"potentialAction":[{"@type":"SearchAction","target":{"@type":"EntryPoint","urlTemplate":"https:\/\/skeyndorvietnam.vn\/?s={search_term_string}"},"query-input":"required name=search_term_string"}],"inLanguage":"en-US"},{"@type":"Organization","@id":"https:\/\/skeyndorvietnam.vn\/#organization","name":"Skeyndor","url":"https:\/\/skeyndorvietnam.vn\/","logo":{"@type":"ImageObject","inLanguage":"en-US","@id":"https:\/\/skeyndorvietnam.vn\/#\/schema\/logo\/image\/","url":"https:\/\/skeyndorvietnam.vn\/wp-content\/uploads\/2023\/10\/logo.png","contentUrl":"https:\/\/skeyndorvietnam.vn\/wp-content\/uploads\/2023\/10\/logo.png","width":145,"height":43,"caption":"Skeyndor"},"image":{"@id":"https:\/\/skeyndorvietnam.vn\/#\/schema\/logo\/image\/"}}]}},"_links":{"self":[{"href":"https:\/\/skeyndorvietnam.vn\/en\/wp-json\/wp\/v2\/product\/5780","targetHints":{"allow":["GET"]}}],"collection":[{"href":"https:\/\/skeyndorvietnam.vn\/en\/wp-json\/wp\/v2\/product"}],"about":[{"href":"https:\/\/skeyndorvietnam.vn\/en\/wp-json\/wp\/v2\/types\/product"}],"replies":[{"embeddable":true,"href":"https:\/\/skeyndorvietnam.vn\/en\/wp-json\/wp\/v2\/comments?post=5780"}],"version-history":[{"count":0,"href":"https:\/\/skeyndorvietnam.vn\/en\/wp-json\/wp\/v2\/product\/5780\/revisions"}],"wp:featuredmedia":[{"embeddable":true,"href":"https:\/\/skeyndorvietnam.vn\/en\/wp-json\/wp\/v2\/media\/5782"}],"wp:attachment":[{"href":"https:\/\/skeyndorvietnam.vn\/en\/wp-json\/wp\/v2\/media?parent=5780"}],"wp:term":[{"taxonomy":"product_brand","embeddable":true,"href":"https:\/\/skeyndorvietnam.vn\/en\/wp-json\/wp\/v2\/product_brand?post=5780"},{"taxonomy":"product_cat","embeddable":true,"href":"https:\/\/skeyndorvietnam.vn\/en\/wp-json\/wp\/v2\/product_cat?post=5780"},{"taxonomy":"product_tag","embeddable":true,"href":"https:\/\/skeyndorvietnam.vn\/en\/wp-json\/wp\/v2\/product_tag?post=5780"}],"curies":[{"name":"wp","href":"https:\/\/api.w.org\/{rel}","templated":true}]}}