{"id":5774,"date":"2025-10-20T14:39:38","date_gmt":"2025-10-20T07:39:38","guid":{"rendered":"https:\/\/skeyndor.123websitedev.com\/san-pham\/lift-contour-face-neck-cream-normalcomb-skins50ml-kem-duong-nang-co-mat-va-co\/"},"modified":"2025-10-23T16:24:26","modified_gmt":"2025-10-23T09:24:26","slug":"lift-contour-face-neck-cream-normalcomb-skins50ml-kem-duong-nang-co-mat-va-co","status":"publish","type":"product","link":"https:\/\/skeyndorvietnam.vn\/en\/product\/lift-contour-face-neck-cream-normalcomb-skins50ml-kem-duong-nang-co-mat-va-co\/","title":{"rendered":"LIFT CONTOUR FACE &#038; NECK CREAM. Normal&#038;Comb. skins(50ml)\n kem d\u01b0\u1ee1ng n\u00e2ng c\u01a1 m\u1eb7t v\u00e0 c\u1ed5"},"content":{"rendered":"","protected":false},"excerpt":{"rendered":"<p>Ch\u1ed1ng ch\u1ea3y x\u1ec7 t\u0103ng c\u01b0\u1eddng colagen t\u1ef1 nhi\u00ean, t\u0103ng \u0111\u1ed9 s\u0103n ch\u1eafc da, c\u1ed1 \u0111\u1ecbnh \u0111\u01b0\u1eddng vi\u1ec1n khu\u00f4n m\u1eb7t.<\/p>","protected":false},"featured_media":5776,"comment_status":"open","ping_status":"open","template":"","meta":[],"product_brand":[],"product_cat":[142],"product_tag":[],"class_list":{"0":"post-5774","1":"product","2":"type-product","3":"status-publish","4":"has-post-thumbnail","6":"product_cat-dong-nang-co-lao-hoa","7":"pa_dung-tich-50-ml","8":"pa_loai-da-da-kho-da-lao-hoa-chay-xe","11":"instock","12":"purchasable","13":"product-type-simple","14":"product-grid-view"},"yoast_head":"<!-- This site is optimized with the Yoast SEO Premium plugin v20.9 (Yoast SEO v20.9) - https:\/\/yoast.com\/wordpress\/plugins\/seo\/ -->\n<title>LIFT CONTOUR FACE &amp; NECK CREAM. Normal&amp;Comb. skins(50ml) kem d\u01b0\u1ee1ng n\u00e2ng c\u01a1 m\u1eb7t v\u00e0 c\u1ed5 - Skeyndor<\/title>\n<meta name=\"robots\" content=\"noindex, follow, max-snippet:-1, max-image-preview:large, max-video-preview:-1\" \/>\n<meta property=\"og:locale\" content=\"en_US\" \/>\n<meta property=\"og:type\" content=\"article\" \/>\n<meta property=\"og:title\" content=\"LIFT CONTOUR FACE &amp; NECK CREAM. Normal&amp;Comb. skins(50ml) kem d\u01b0\u1ee1ng n\u00e2ng c\u01a1 m\u1eb7t v\u00e0 c\u1ed5\" \/>\n<meta property=\"og:description\" content=\"Ch\u1ed1ng ch\u1ea3y x\u1ec7 t\u0103ng c\u01b0\u1eddng colagen t\u1ef1 nhi\u00ean, t\u0103ng \u0111\u1ed9 s\u0103n ch\u1eafc da, c\u1ed1 \u0111\u1ecbnh \u0111\u01b0\u1eddng vi\u1ec1n khu\u00f4n m\u1eb7t.\" \/>\n<meta property=\"og:url\" content=\"https:\/\/skeyndorvietnam.vn\/en\/product\/lift-contour-face-neck-cream-normalcomb-skins50ml-kem-duong-nang-co-mat-va-co\/\" \/>\n<meta property=\"og:site_name\" content=\"Skeyndor\" \/>\n<meta property=\"article:modified_time\" content=\"2025-10-23T09:24:26+00:00\" \/>\n<meta property=\"og:image\" content=\"https:\/\/skeyndorvietnam.vn\/wp-content\/uploads\/2025\/10\/SK51421108.png\" \/>\n\t<meta property=\"og:image:width\" content=\"1453\" \/>\n\t<meta property=\"og:image:height\" content=\"1453\" \/>\n\t<meta property=\"og:image:type\" content=\"image\/png\" \/>\n<meta name=\"twitter:card\" content=\"summary_large_image\" \/>\n<script type=\"application\/ld+json\" class=\"yoast-schema-graph\">{\"@context\":\"https:\/\/schema.org\",\"@graph\":[{\"@type\":\"WebPage\",\"@id\":\"https:\/\/skeyndorvietnam.vn\/en\/product\/lift-contour-face-neck-cream-normalcomb-skins50ml-kem-duong-nang-co-mat-va-co\/\",\"url\":\"https:\/\/skeyndorvietnam.vn\/en\/product\/lift-contour-face-neck-cream-normalcomb-skins50ml-kem-duong-nang-co-mat-va-co\/\",\"name\":\"LIFT CONTOUR FACE & NECK CREAM. Normal&Comb. skins(50ml) kem d\u01b0\u1ee1ng n\u00e2ng c\u01a1 m\u1eb7t v\u00e0 c\u1ed5 - Skeyndor\",\"isPartOf\":{\"@id\":\"https:\/\/skeyndorvietnam.vn\/#website\"},\"datePublished\":\"2025-10-20T07:39:38+00:00\",\"dateModified\":\"2025-10-23T09:24:26+00:00\",\"breadcrumb\":{\"@id\":\"https:\/\/skeyndorvietnam.vn\/en\/product\/lift-contour-face-neck-cream-normalcomb-skins50ml-kem-duong-nang-co-mat-va-co\/#breadcrumb\"},\"inLanguage\":\"en-US\",\"potentialAction\":[{\"@type\":\"ReadAction\",\"target\":[\"https:\/\/skeyndorvietnam.vn\/en\/product\/lift-contour-face-neck-cream-normalcomb-skins50ml-kem-duong-nang-co-mat-va-co\/\"]}]},{\"@type\":\"BreadcrumbList\",\"@id\":\"https:\/\/skeyndorvietnam.vn\/en\/product\/lift-contour-face-neck-cream-normalcomb-skins50ml-kem-duong-nang-co-mat-va-co\/#breadcrumb\",\"itemListElement\":[{\"@type\":\"ListItem\",\"position\":1,\"name\":\"Home\",\"item\":\"https:\/\/skeyndorvietnam.vn\/\"},{\"@type\":\"ListItem\",\"position\":2,\"name\":\"S\u1ea3n ph\u1ea9m\",\"item\":\"https:\/\/skeyndorvietnam.vn\/shop\/\"},{\"@type\":\"ListItem\",\"position\":3,\"name\":\"LIFT CONTOUR FACE &#038; NECK CREAM. Normal&#038;Comb. skins(50ml) kem d\u01b0\u1ee1ng n\u00e2ng c\u01a1 m\u1eb7t v\u00e0 c\u1ed5\"}]},{\"@type\":\"WebSite\",\"@id\":\"https:\/\/skeyndorvietnam.vn\/#website\",\"url\":\"https:\/\/skeyndorvietnam.vn\/\",\"name\":\"Skeyndor\",\"description\":\"M\u1ef9 ph\u1ea9m cao c\u1ea5p t\u1eeb T\u00e2y Ban Nha - D\u01b0\u1ee1ng da chuy\u00ean s\u00e2u, an to\u00e0n &amp; hi\u1ec7u qu\u1ea3\",\"publisher\":{\"@id\":\"https:\/\/skeyndorvietnam.vn\/#organization\"},\"potentialAction\":[{\"@type\":\"SearchAction\",\"target\":{\"@type\":\"EntryPoint\",\"urlTemplate\":\"https:\/\/skeyndorvietnam.vn\/?s={search_term_string}\"},\"query-input\":\"required name=search_term_string\"}],\"inLanguage\":\"en-US\"},{\"@type\":\"Organization\",\"@id\":\"https:\/\/skeyndorvietnam.vn\/#organization\",\"name\":\"Skeyndor\",\"url\":\"https:\/\/skeyndorvietnam.vn\/\",\"logo\":{\"@type\":\"ImageObject\",\"inLanguage\":\"en-US\",\"@id\":\"https:\/\/skeyndorvietnam.vn\/#\/schema\/logo\/image\/\",\"url\":\"https:\/\/skeyndorvietnam.vn\/wp-content\/uploads\/2023\/10\/logo.png\",\"contentUrl\":\"https:\/\/skeyndorvietnam.vn\/wp-content\/uploads\/2023\/10\/logo.png\",\"width\":145,\"height\":43,\"caption\":\"Skeyndor\"},\"image\":{\"@id\":\"https:\/\/skeyndorvietnam.vn\/#\/schema\/logo\/image\/\"}}]}<\/script>\n<!-- \/ Yoast SEO Premium plugin. -->","yoast_head_json":{"title":"LIFT CONTOUR FACE & NECK CREAM. Normal&Comb. skins(50ml) kem d\u01b0\u1ee1ng n\u00e2ng c\u01a1 m\u1eb7t v\u00e0 c\u1ed5 - Skeyndor","robots":{"index":"noindex","follow":"follow","max-snippet":"max-snippet:-1","max-image-preview":"max-image-preview:large","max-video-preview":"max-video-preview:-1"},"og_locale":"en_US","og_type":"article","og_title":"LIFT CONTOUR FACE & NECK CREAM. Normal&Comb. skins(50ml) kem d\u01b0\u1ee1ng n\u00e2ng c\u01a1 m\u1eb7t v\u00e0 c\u1ed5","og_description":"Ch\u1ed1ng ch\u1ea3y x\u1ec7 t\u0103ng c\u01b0\u1eddng colagen t\u1ef1 nhi\u00ean, t\u0103ng \u0111\u1ed9 s\u0103n ch\u1eafc da, c\u1ed1 \u0111\u1ecbnh \u0111\u01b0\u1eddng vi\u1ec1n khu\u00f4n m\u1eb7t.","og_url":"https:\/\/skeyndorvietnam.vn\/en\/product\/lift-contour-face-neck-cream-normalcomb-skins50ml-kem-duong-nang-co-mat-va-co\/","og_site_name":"Skeyndor","article_modified_time":"2025-10-23T09:24:26+00:00","og_image":[{"width":1453,"height":1453,"url":"https:\/\/skeyndorvietnam.vn\/wp-content\/uploads\/2025\/10\/SK51421108.png","type":"image\/png"}],"twitter_card":"summary_large_image","schema":{"@context":"https:\/\/schema.org","@graph":[{"@type":"WebPage","@id":"https:\/\/skeyndorvietnam.vn\/en\/product\/lift-contour-face-neck-cream-normalcomb-skins50ml-kem-duong-nang-co-mat-va-co\/","url":"https:\/\/skeyndorvietnam.vn\/en\/product\/lift-contour-face-neck-cream-normalcomb-skins50ml-kem-duong-nang-co-mat-va-co\/","name":"LIFT CONTOUR FACE & NECK CREAM. Normal&Comb. skins(50ml) kem d\u01b0\u1ee1ng n\u00e2ng c\u01a1 m\u1eb7t v\u00e0 c\u1ed5 - Skeyndor","isPartOf":{"@id":"https:\/\/skeyndorvietnam.vn\/#website"},"datePublished":"2025-10-20T07:39:38+00:00","dateModified":"2025-10-23T09:24:26+00:00","breadcrumb":{"@id":"https:\/\/skeyndorvietnam.vn\/en\/product\/lift-contour-face-neck-cream-normalcomb-skins50ml-kem-duong-nang-co-mat-va-co\/#breadcrumb"},"inLanguage":"en-US","potentialAction":[{"@type":"ReadAction","target":["https:\/\/skeyndorvietnam.vn\/en\/product\/lift-contour-face-neck-cream-normalcomb-skins50ml-kem-duong-nang-co-mat-va-co\/"]}]},{"@type":"BreadcrumbList","@id":"https:\/\/skeyndorvietnam.vn\/en\/product\/lift-contour-face-neck-cream-normalcomb-skins50ml-kem-duong-nang-co-mat-va-co\/#breadcrumb","itemListElement":[{"@type":"ListItem","position":1,"name":"Home","item":"https:\/\/skeyndorvietnam.vn\/"},{"@type":"ListItem","position":2,"name":"S\u1ea3n ph\u1ea9m","item":"https:\/\/skeyndorvietnam.vn\/shop\/"},{"@type":"ListItem","position":3,"name":"LIFT CONTOUR FACE &#038; NECK CREAM. Normal&#038;Comb. skins(50ml) kem d\u01b0\u1ee1ng n\u00e2ng c\u01a1 m\u1eb7t v\u00e0 c\u1ed5"}]},{"@type":"WebSite","@id":"https:\/\/skeyndorvietnam.vn\/#website","url":"https:\/\/skeyndorvietnam.vn\/","name":"Skeyndor","description":"M\u1ef9 ph\u1ea9m cao c\u1ea5p t\u1eeb T\u00e2y Ban Nha - D\u01b0\u1ee1ng da chuy\u00ean s\u00e2u, an to\u00e0n &amp; hi\u1ec7u qu\u1ea3","publisher":{"@id":"https:\/\/skeyndorvietnam.vn\/#organization"},"potentialAction":[{"@type":"SearchAction","target":{"@type":"EntryPoint","urlTemplate":"https:\/\/skeyndorvietnam.vn\/?s={search_term_string}"},"query-input":"required name=search_term_string"}],"inLanguage":"en-US"},{"@type":"Organization","@id":"https:\/\/skeyndorvietnam.vn\/#organization","name":"Skeyndor","url":"https:\/\/skeyndorvietnam.vn\/","logo":{"@type":"ImageObject","inLanguage":"en-US","@id":"https:\/\/skeyndorvietnam.vn\/#\/schema\/logo\/image\/","url":"https:\/\/skeyndorvietnam.vn\/wp-content\/uploads\/2023\/10\/logo.png","contentUrl":"https:\/\/skeyndorvietnam.vn\/wp-content\/uploads\/2023\/10\/logo.png","width":145,"height":43,"caption":"Skeyndor"},"image":{"@id":"https:\/\/skeyndorvietnam.vn\/#\/schema\/logo\/image\/"}}]}},"_links":{"self":[{"href":"https:\/\/skeyndorvietnam.vn\/en\/wp-json\/wp\/v2\/product\/5774","targetHints":{"allow":["GET"]}}],"collection":[{"href":"https:\/\/skeyndorvietnam.vn\/en\/wp-json\/wp\/v2\/product"}],"about":[{"href":"https:\/\/skeyndorvietnam.vn\/en\/wp-json\/wp\/v2\/types\/product"}],"replies":[{"embeddable":true,"href":"https:\/\/skeyndorvietnam.vn\/en\/wp-json\/wp\/v2\/comments?post=5774"}],"version-history":[{"count":0,"href":"https:\/\/skeyndorvietnam.vn\/en\/wp-json\/wp\/v2\/product\/5774\/revisions"}],"wp:featuredmedia":[{"embeddable":true,"href":"https:\/\/skeyndorvietnam.vn\/en\/wp-json\/wp\/v2\/media\/5776"}],"wp:attachment":[{"href":"https:\/\/skeyndorvietnam.vn\/en\/wp-json\/wp\/v2\/media?parent=5774"}],"wp:term":[{"taxonomy":"product_brand","embeddable":true,"href":"https:\/\/skeyndorvietnam.vn\/en\/wp-json\/wp\/v2\/product_brand?post=5774"},{"taxonomy":"product_cat","embeddable":true,"href":"https:\/\/skeyndorvietnam.vn\/en\/wp-json\/wp\/v2\/product_cat?post=5774"},{"taxonomy":"product_tag","embeddable":true,"href":"https:\/\/skeyndorvietnam.vn\/en\/wp-json\/wp\/v2\/product_tag?post=5774"}],"curies":[{"name":"wp","href":"https:\/\/api.w.org\/{rel}","templated":true}]}}