{"id":5753,"date":"2025-10-20T14:34:53","date_gmt":"2025-10-20T07:34:53","guid":{"rendered":"https:\/\/skeyndor.123websitedev.com\/san-pham\/pore-normalising-factor75ml-nhan-to-se-lo-chan-long\/"},"modified":"2025-11-06T10:28:15","modified_gmt":"2025-11-06T03:28:15","slug":"pore-normalising-factor-75ml-nhan-to-se-lo-chan-long","status":"publish","type":"product","link":"https:\/\/skeyndorvietnam.vn\/en\/product\/pore-normalising-factor-75ml-nhan-to-se-lo-chan-long\/","title":{"rendered":"PORE NORMALISING FACTOR (75ml) (Nh\u00e2n t\u1ed1 se l\u1ed7 ch\u00e2n l\u00f4ng)"},"content":{"rendered":"","protected":false},"excerpt":{"rendered":"<p>L\u00e0m s\u1ea1ch , th\u00f4ng tho\u00e1ng l\u1ed7 ch\u00e2n l\u00f4ng , b\u00ecnh th\u01b0\u1eddng ho\u00e1 qu\u00e1 tr\u00ecnh ti\u1ebft b\u00e3 nh\u1eddn , \u0111i\u1ec1u ch\u1ec9nh t\u00ecnh tr\u1ea1ng da b\u00f3ng nh\u1eddn c\u1ee7a da d\u1ea7u m\u1ee5n<\/p>","protected":false},"featured_media":5755,"comment_status":"open","ping_status":"closed","template":"","meta":[],"product_brand":[],"product_cat":[133,134],"product_tag":[],"class_list":{"0":"post-5753","1":"product","2":"type-product","3":"status-publish","4":"has-post-thumbnail","6":"product_cat-dong-dieu-tri-mun","7":"product_cat-dong-kiem-soat-ba-nhon","8":"pa_dung-tich-75-ml","9":"pa_loai-da-da-dau-hon-hop","12":"instock","13":"purchasable","14":"product-type-simple","15":"product-grid-view"},"yoast_head":"<!-- This site is optimized with the Yoast SEO Premium plugin v20.9 (Yoast SEO v20.9) - https:\/\/yoast.com\/wordpress\/plugins\/seo\/ -->\n<title>PORE NORMALISING FACTOR (75ml) (Nh\u00e2n t\u1ed1 se l\u1ed7 ch\u00e2n l\u00f4ng) - Skeyndor<\/title>\n<meta name=\"robots\" content=\"noindex, follow, max-snippet:-1, max-image-preview:large, max-video-preview:-1\" \/>\n<meta property=\"og:locale\" content=\"en_US\" \/>\n<meta property=\"og:type\" content=\"article\" \/>\n<meta property=\"og:title\" content=\"PORE NORMALISING FACTOR (75ml) (Nh\u00e2n t\u1ed1 se l\u1ed7 ch\u00e2n l\u00f4ng)\" \/>\n<meta property=\"og:description\" content=\"L\u00e0m s\u1ea1ch , th\u00f4ng tho\u00e1ng l\u1ed7 ch\u00e2n l\u00f4ng , b\u00ecnh th\u01b0\u1eddng ho\u00e1 qu\u00e1 tr\u00ecnh ti\u1ebft b\u00e3 nh\u1eddn , \u0111i\u1ec1u ch\u1ec9nh t\u00ecnh tr\u1ea1ng da b\u00f3ng nh\u1eddn c\u1ee7a da d\u1ea7u m\u1ee5n\" \/>\n<meta property=\"og:url\" content=\"https:\/\/skeyndorvietnam.vn\/en\/product\/pore-normalising-factor-75ml-nhan-to-se-lo-chan-long\/\" \/>\n<meta property=\"og:site_name\" content=\"Skeyndor\" \/>\n<meta property=\"article:modified_time\" content=\"2025-11-06T03:28:15+00:00\" \/>\n<meta property=\"og:image\" content=\"https:\/\/skeyndorvietnam.vn\/wp-content\/uploads\/2025\/10\/SK22031209.png\" \/>\n\t<meta property=\"og:image:width\" content=\"696\" \/>\n\t<meta property=\"og:image:height\" content=\"696\" \/>\n\t<meta property=\"og:image:type\" content=\"image\/png\" \/>\n<meta name=\"twitter:card\" content=\"summary_large_image\" \/>\n<script type=\"application\/ld+json\" class=\"yoast-schema-graph\">{\"@context\":\"https:\/\/schema.org\",\"@graph\":[{\"@type\":\"WebPage\",\"@id\":\"https:\/\/skeyndorvietnam.vn\/san-pham\/pore-normalising-factor-75ml-nhan-to-se-lo-chan-long\/\",\"url\":\"https:\/\/skeyndorvietnam.vn\/san-pham\/pore-normalising-factor-75ml-nhan-to-se-lo-chan-long\/\",\"name\":\"PORE NORMALISING FACTOR (75ml) (Nh\u00e2n t\u1ed1 se l\u1ed7 ch\u00e2n l\u00f4ng) - Skeyndor\",\"isPartOf\":{\"@id\":\"https:\/\/skeyndorvietnam.vn\/#website\"},\"datePublished\":\"2025-10-20T07:34:53+00:00\",\"dateModified\":\"2025-11-06T03:28:15+00:00\",\"breadcrumb\":{\"@id\":\"https:\/\/skeyndorvietnam.vn\/san-pham\/pore-normalising-factor-75ml-nhan-to-se-lo-chan-long\/#breadcrumb\"},\"inLanguage\":\"en-US\",\"potentialAction\":[{\"@type\":\"ReadAction\",\"target\":[\"https:\/\/skeyndorvietnam.vn\/san-pham\/pore-normalising-factor-75ml-nhan-to-se-lo-chan-long\/\"]}]},{\"@type\":\"BreadcrumbList\",\"@id\":\"https:\/\/skeyndorvietnam.vn\/san-pham\/pore-normalising-factor-75ml-nhan-to-se-lo-chan-long\/#breadcrumb\",\"itemListElement\":[{\"@type\":\"ListItem\",\"position\":1,\"name\":\"Home\",\"item\":\"https:\/\/skeyndorvietnam.vn\/\"},{\"@type\":\"ListItem\",\"position\":2,\"name\":\"S\u1ea3n ph\u1ea9m\",\"item\":\"https:\/\/skeyndorvietnam.vn\/shop\/\"},{\"@type\":\"ListItem\",\"position\":3,\"name\":\"PORE NORMALISING FACTOR (75ml) (Nh\u00e2n t\u1ed1 se l\u1ed7 ch\u00e2n l\u00f4ng)\"}]},{\"@type\":\"WebSite\",\"@id\":\"https:\/\/skeyndorvietnam.vn\/#website\",\"url\":\"https:\/\/skeyndorvietnam.vn\/\",\"name\":\"Skeyndor\",\"description\":\"M\u1ef9 ph\u1ea9m cao c\u1ea5p t\u1eeb T\u00e2y Ban Nha - D\u01b0\u1ee1ng da chuy\u00ean s\u00e2u, an to\u00e0n &amp; hi\u1ec7u qu\u1ea3\",\"publisher\":{\"@id\":\"https:\/\/skeyndorvietnam.vn\/#organization\"},\"potentialAction\":[{\"@type\":\"SearchAction\",\"target\":{\"@type\":\"EntryPoint\",\"urlTemplate\":\"https:\/\/skeyndorvietnam.vn\/?s={search_term_string}\"},\"query-input\":\"required name=search_term_string\"}],\"inLanguage\":\"en-US\"},{\"@type\":\"Organization\",\"@id\":\"https:\/\/skeyndorvietnam.vn\/#organization\",\"name\":\"Skeyndor\",\"url\":\"https:\/\/skeyndorvietnam.vn\/\",\"logo\":{\"@type\":\"ImageObject\",\"inLanguage\":\"en-US\",\"@id\":\"https:\/\/skeyndorvietnam.vn\/#\/schema\/logo\/image\/\",\"url\":\"https:\/\/skeyndorvietnam.vn\/wp-content\/uploads\/2023\/10\/logo.png\",\"contentUrl\":\"https:\/\/skeyndorvietnam.vn\/wp-content\/uploads\/2023\/10\/logo.png\",\"width\":145,\"height\":43,\"caption\":\"Skeyndor\"},\"image\":{\"@id\":\"https:\/\/skeyndorvietnam.vn\/#\/schema\/logo\/image\/\"}}]}<\/script>\n<!-- \/ Yoast SEO Premium plugin. -->","yoast_head_json":{"title":"PORE NORMALISING FACTOR (75ml) (Nh\u00e2n t\u1ed1 se l\u1ed7 ch\u00e2n l\u00f4ng) - Skeyndor","robots":{"index":"noindex","follow":"follow","max-snippet":"max-snippet:-1","max-image-preview":"max-image-preview:large","max-video-preview":"max-video-preview:-1"},"og_locale":"en_US","og_type":"article","og_title":"PORE NORMALISING FACTOR (75ml) (Nh\u00e2n t\u1ed1 se l\u1ed7 ch\u00e2n l\u00f4ng)","og_description":"L\u00e0m s\u1ea1ch , th\u00f4ng tho\u00e1ng l\u1ed7 ch\u00e2n l\u00f4ng , b\u00ecnh th\u01b0\u1eddng ho\u00e1 qu\u00e1 tr\u00ecnh ti\u1ebft b\u00e3 nh\u1eddn , \u0111i\u1ec1u ch\u1ec9nh t\u00ecnh tr\u1ea1ng da b\u00f3ng nh\u1eddn c\u1ee7a da d\u1ea7u m\u1ee5n","og_url":"https:\/\/skeyndorvietnam.vn\/en\/product\/pore-normalising-factor-75ml-nhan-to-se-lo-chan-long\/","og_site_name":"Skeyndor","article_modified_time":"2025-11-06T03:28:15+00:00","og_image":[{"width":696,"height":696,"url":"https:\/\/skeyndorvietnam.vn\/wp-content\/uploads\/2025\/10\/SK22031209.png","type":"image\/png"}],"twitter_card":"summary_large_image","schema":{"@context":"https:\/\/schema.org","@graph":[{"@type":"WebPage","@id":"https:\/\/skeyndorvietnam.vn\/san-pham\/pore-normalising-factor-75ml-nhan-to-se-lo-chan-long\/","url":"https:\/\/skeyndorvietnam.vn\/san-pham\/pore-normalising-factor-75ml-nhan-to-se-lo-chan-long\/","name":"PORE NORMALISING FACTOR (75ml) (Nh\u00e2n t\u1ed1 se l\u1ed7 ch\u00e2n l\u00f4ng) - Skeyndor","isPartOf":{"@id":"https:\/\/skeyndorvietnam.vn\/#website"},"datePublished":"2025-10-20T07:34:53+00:00","dateModified":"2025-11-06T03:28:15+00:00","breadcrumb":{"@id":"https:\/\/skeyndorvietnam.vn\/san-pham\/pore-normalising-factor-75ml-nhan-to-se-lo-chan-long\/#breadcrumb"},"inLanguage":"en-US","potentialAction":[{"@type":"ReadAction","target":["https:\/\/skeyndorvietnam.vn\/san-pham\/pore-normalising-factor-75ml-nhan-to-se-lo-chan-long\/"]}]},{"@type":"BreadcrumbList","@id":"https:\/\/skeyndorvietnam.vn\/san-pham\/pore-normalising-factor-75ml-nhan-to-se-lo-chan-long\/#breadcrumb","itemListElement":[{"@type":"ListItem","position":1,"name":"Home","item":"https:\/\/skeyndorvietnam.vn\/"},{"@type":"ListItem","position":2,"name":"S\u1ea3n ph\u1ea9m","item":"https:\/\/skeyndorvietnam.vn\/shop\/"},{"@type":"ListItem","position":3,"name":"PORE NORMALISING FACTOR (75ml) (Nh\u00e2n t\u1ed1 se l\u1ed7 ch\u00e2n l\u00f4ng)"}]},{"@type":"WebSite","@id":"https:\/\/skeyndorvietnam.vn\/#website","url":"https:\/\/skeyndorvietnam.vn\/","name":"Skeyndor","description":"M\u1ef9 ph\u1ea9m cao c\u1ea5p t\u1eeb T\u00e2y Ban Nha - D\u01b0\u1ee1ng da chuy\u00ean s\u00e2u, an to\u00e0n &amp; hi\u1ec7u qu\u1ea3","publisher":{"@id":"https:\/\/skeyndorvietnam.vn\/#organization"},"potentialAction":[{"@type":"SearchAction","target":{"@type":"EntryPoint","urlTemplate":"https:\/\/skeyndorvietnam.vn\/?s={search_term_string}"},"query-input":"required name=search_term_string"}],"inLanguage":"en-US"},{"@type":"Organization","@id":"https:\/\/skeyndorvietnam.vn\/#organization","name":"Skeyndor","url":"https:\/\/skeyndorvietnam.vn\/","logo":{"@type":"ImageObject","inLanguage":"en-US","@id":"https:\/\/skeyndorvietnam.vn\/#\/schema\/logo\/image\/","url":"https:\/\/skeyndorvietnam.vn\/wp-content\/uploads\/2023\/10\/logo.png","contentUrl":"https:\/\/skeyndorvietnam.vn\/wp-content\/uploads\/2023\/10\/logo.png","width":145,"height":43,"caption":"Skeyndor"},"image":{"@id":"https:\/\/skeyndorvietnam.vn\/#\/schema\/logo\/image\/"}}]}},"_links":{"self":[{"href":"https:\/\/skeyndorvietnam.vn\/en\/wp-json\/wp\/v2\/product\/5753","targetHints":{"allow":["GET"]}}],"collection":[{"href":"https:\/\/skeyndorvietnam.vn\/en\/wp-json\/wp\/v2\/product"}],"about":[{"href":"https:\/\/skeyndorvietnam.vn\/en\/wp-json\/wp\/v2\/types\/product"}],"replies":[{"embeddable":true,"href":"https:\/\/skeyndorvietnam.vn\/en\/wp-json\/wp\/v2\/comments?post=5753"}],"version-history":[{"count":0,"href":"https:\/\/skeyndorvietnam.vn\/en\/wp-json\/wp\/v2\/product\/5753\/revisions"}],"wp:featuredmedia":[{"embeddable":true,"href":"https:\/\/skeyndorvietnam.vn\/en\/wp-json\/wp\/v2\/media\/5755"}],"wp:attachment":[{"href":"https:\/\/skeyndorvietnam.vn\/en\/wp-json\/wp\/v2\/media?parent=5753"}],"wp:term":[{"taxonomy":"product_brand","embeddable":true,"href":"https:\/\/skeyndorvietnam.vn\/en\/wp-json\/wp\/v2\/product_brand?post=5753"},{"taxonomy":"product_cat","embeddable":true,"href":"https:\/\/skeyndorvietnam.vn\/en\/wp-json\/wp\/v2\/product_cat?post=5753"},{"taxonomy":"product_tag","embeddable":true,"href":"https:\/\/skeyndorvietnam.vn\/en\/wp-json\/wp\/v2\/product_tag?post=5753"}],"curies":[{"name":"wp","href":"https:\/\/api.w.org\/{rel}","templated":true}]}}