{"id":5750,"date":"2025-10-20T14:34:48","date_gmt":"2025-10-20T07:34:48","guid":{"rendered":"https:\/\/skeyndor.123websitedev.com\/san-pham\/pure-cleansing-foam150ml-sua-rua-mat-to-bot-da-dau-mun\/"},"modified":"2025-10-23T16:25:26","modified_gmt":"2025-10-23T09:25:26","slug":"pure-cleansing-foam150ml-sua-rua-mat-to-bot-da-dau-mun","status":"publish","type":"product","link":"https:\/\/skeyndorvietnam.vn\/en\/product\/pure-cleansing-foam150ml-sua-rua-mat-to-bot-da-dau-mun\/","title":{"rendered":"PURE CLEANSING FOAM (150ml) (Foaming facial cleanser for oily, acne-prone skin)"},"content":{"rendered":"","protected":false},"excerpt":{"rendered":"<p>L\u00e0m s\u1ea1ch da h\u1eb1ng ng\u00e0y do da ti\u1ebft b\u00e3 nh\u1eddn , ng\u0103n ng\u1eeba h\u00ecnh th\u00e0nh ch\u1ea5t b\u1ea9n chuy\u00ean s\u00e2u<\/p>","protected":false},"featured_media":5752,"comment_status":"open","ping_status":"open","template":"","meta":[],"product_brand":[],"product_cat":[133,134],"product_tag":[],"class_list":{"0":"post-5750","1":"product","2":"type-product","3":"status-publish","4":"has-post-thumbnail","6":"product_cat-dong-dieu-tri-mun","7":"product_cat-dong-kiem-soat-ba-nhon","8":"pa_dung-tich-150-ml","9":"pa_loai-da-da-dau-hon-hop","12":"instock","13":"purchasable","14":"product-type-simple","15":"product-grid-view"},"yoast_head":"<!-- This site is optimized with the Yoast SEO Premium plugin v20.9 (Yoast SEO v20.9) - https:\/\/yoast.com\/wordpress\/plugins\/seo\/ -->\n<title>PURE CLEANSING FOAM(150ml) ( S\u1eeda r\u1eeda m\u1eb7t t\u1ecd b\u1ecdt da d\u1ea7u m\u1ee5n ) - Skeyndor<\/title>\n<meta name=\"robots\" content=\"noindex, follow, max-snippet:-1, max-image-preview:large, max-video-preview:-1\" \/>\n<meta property=\"og:locale\" content=\"en_US\" \/>\n<meta property=\"og:type\" content=\"article\" \/>\n<meta property=\"og:title\" content=\"PURE CLEANSING FOAM(150ml) ( S\u1eeda r\u1eeda m\u1eb7t t\u1ecd b\u1ecdt da d\u1ea7u m\u1ee5n )\" \/>\n<meta property=\"og:description\" content=\"L\u00e0m s\u1ea1ch da h\u1eb1ng ng\u00e0y do da ti\u1ebft b\u00e3 nh\u1eddn , ng\u0103n ng\u1eeba h\u00ecnh th\u00e0nh ch\u1ea5t b\u1ea9n chuy\u00ean s\u00e2u\" \/>\n<meta property=\"og:url\" content=\"https:\/\/skeyndorvietnam.vn\/en\/product\/pure-cleansing-foam150ml-sua-rua-mat-to-bot-da-dau-mun\/\" \/>\n<meta property=\"og:site_name\" content=\"Skeyndor\" \/>\n<meta property=\"article:modified_time\" content=\"2025-10-23T09:25:26+00:00\" \/>\n<meta property=\"og:image\" content=\"https:\/\/skeyndorvietnam.vn\/wp-content\/uploads\/2025\/10\/SK22021316.png\" \/>\n\t<meta property=\"og:image:width\" content=\"696\" \/>\n\t<meta property=\"og:image:height\" content=\"696\" \/>\n\t<meta property=\"og:image:type\" content=\"image\/png\" \/>\n<meta name=\"twitter:card\" content=\"summary_large_image\" \/>\n<script type=\"application\/ld+json\" class=\"yoast-schema-graph\">{\"@context\":\"https:\/\/schema.org\",\"@graph\":[{\"@type\":\"WebPage\",\"@id\":\"https:\/\/skeyndorvietnam.vn\/san-pham\/pure-cleansing-foam150ml-sua-rua-mat-to-bot-da-dau-mun\/\",\"url\":\"https:\/\/skeyndorvietnam.vn\/san-pham\/pure-cleansing-foam150ml-sua-rua-mat-to-bot-da-dau-mun\/\",\"name\":\"PURE CLEANSING FOAM(150ml) ( S\u1eeda r\u1eeda m\u1eb7t t\u1ecd b\u1ecdt da d\u1ea7u m\u1ee5n ) - Skeyndor\",\"isPartOf\":{\"@id\":\"https:\/\/skeyndorvietnam.vn\/#website\"},\"datePublished\":\"2025-10-20T07:34:48+00:00\",\"dateModified\":\"2025-10-23T09:25:26+00:00\",\"breadcrumb\":{\"@id\":\"https:\/\/skeyndorvietnam.vn\/san-pham\/pure-cleansing-foam150ml-sua-rua-mat-to-bot-da-dau-mun\/#breadcrumb\"},\"inLanguage\":\"en-US\",\"potentialAction\":[{\"@type\":\"ReadAction\",\"target\":[\"https:\/\/skeyndorvietnam.vn\/san-pham\/pure-cleansing-foam150ml-sua-rua-mat-to-bot-da-dau-mun\/\"]}]},{\"@type\":\"BreadcrumbList\",\"@id\":\"https:\/\/skeyndorvietnam.vn\/san-pham\/pure-cleansing-foam150ml-sua-rua-mat-to-bot-da-dau-mun\/#breadcrumb\",\"itemListElement\":[{\"@type\":\"ListItem\",\"position\":1,\"name\":\"Home\",\"item\":\"https:\/\/skeyndorvietnam.vn\/\"},{\"@type\":\"ListItem\",\"position\":2,\"name\":\"S\u1ea3n ph\u1ea9m\",\"item\":\"https:\/\/skeyndorvietnam.vn\/shop\/\"},{\"@type\":\"ListItem\",\"position\":3,\"name\":\"PURE CLEANSING FOAM(150ml) ( S\u1eeda r\u1eeda m\u1eb7t t\u1ecd b\u1ecdt da d\u1ea7u m\u1ee5n )\"}]},{\"@type\":\"WebSite\",\"@id\":\"https:\/\/skeyndorvietnam.vn\/#website\",\"url\":\"https:\/\/skeyndorvietnam.vn\/\",\"name\":\"Skeyndor\",\"description\":\"M\u1ef9 ph\u1ea9m cao c\u1ea5p t\u1eeb T\u00e2y Ban Nha - D\u01b0\u1ee1ng da chuy\u00ean s\u00e2u, an to\u00e0n &amp; hi\u1ec7u qu\u1ea3\",\"publisher\":{\"@id\":\"https:\/\/skeyndorvietnam.vn\/#organization\"},\"potentialAction\":[{\"@type\":\"SearchAction\",\"target\":{\"@type\":\"EntryPoint\",\"urlTemplate\":\"https:\/\/skeyndorvietnam.vn\/?s={search_term_string}\"},\"query-input\":\"required name=search_term_string\"}],\"inLanguage\":\"en-US\"},{\"@type\":\"Organization\",\"@id\":\"https:\/\/skeyndorvietnam.vn\/#organization\",\"name\":\"Skeyndor\",\"url\":\"https:\/\/skeyndorvietnam.vn\/\",\"logo\":{\"@type\":\"ImageObject\",\"inLanguage\":\"en-US\",\"@id\":\"https:\/\/skeyndorvietnam.vn\/#\/schema\/logo\/image\/\",\"url\":\"https:\/\/skeyndorvietnam.vn\/wp-content\/uploads\/2023\/10\/logo.png\",\"contentUrl\":\"https:\/\/skeyndorvietnam.vn\/wp-content\/uploads\/2023\/10\/logo.png\",\"width\":145,\"height\":43,\"caption\":\"Skeyndor\"},\"image\":{\"@id\":\"https:\/\/skeyndorvietnam.vn\/#\/schema\/logo\/image\/\"}}]}<\/script>\n<!-- \/ Yoast SEO Premium plugin. -->","yoast_head_json":{"title":"PURE CLEANSING FOAM(150ml) ( S\u1eeda r\u1eeda m\u1eb7t t\u1ecd b\u1ecdt da d\u1ea7u m\u1ee5n ) - Skeyndor","robots":{"index":"noindex","follow":"follow","max-snippet":"max-snippet:-1","max-image-preview":"max-image-preview:large","max-video-preview":"max-video-preview:-1"},"og_locale":"en_US","og_type":"article","og_title":"PURE CLEANSING FOAM(150ml) ( S\u1eeda r\u1eeda m\u1eb7t t\u1ecd b\u1ecdt da d\u1ea7u m\u1ee5n )","og_description":"L\u00e0m s\u1ea1ch da h\u1eb1ng ng\u00e0y do da ti\u1ebft b\u00e3 nh\u1eddn , ng\u0103n ng\u1eeba h\u00ecnh th\u00e0nh ch\u1ea5t b\u1ea9n chuy\u00ean s\u00e2u","og_url":"https:\/\/skeyndorvietnam.vn\/en\/product\/pure-cleansing-foam150ml-sua-rua-mat-to-bot-da-dau-mun\/","og_site_name":"Skeyndor","article_modified_time":"2025-10-23T09:25:26+00:00","og_image":[{"width":696,"height":696,"url":"https:\/\/skeyndorvietnam.vn\/wp-content\/uploads\/2025\/10\/SK22021316.png","type":"image\/png"}],"twitter_card":"summary_large_image","schema":{"@context":"https:\/\/schema.org","@graph":[{"@type":"WebPage","@id":"https:\/\/skeyndorvietnam.vn\/san-pham\/pure-cleansing-foam150ml-sua-rua-mat-to-bot-da-dau-mun\/","url":"https:\/\/skeyndorvietnam.vn\/san-pham\/pure-cleansing-foam150ml-sua-rua-mat-to-bot-da-dau-mun\/","name":"PURE CLEANSING FOAM(150ml) ( S\u1eeda r\u1eeda m\u1eb7t t\u1ecd b\u1ecdt da d\u1ea7u m\u1ee5n ) - Skeyndor","isPartOf":{"@id":"https:\/\/skeyndorvietnam.vn\/#website"},"datePublished":"2025-10-20T07:34:48+00:00","dateModified":"2025-10-23T09:25:26+00:00","breadcrumb":{"@id":"https:\/\/skeyndorvietnam.vn\/san-pham\/pure-cleansing-foam150ml-sua-rua-mat-to-bot-da-dau-mun\/#breadcrumb"},"inLanguage":"en-US","potentialAction":[{"@type":"ReadAction","target":["https:\/\/skeyndorvietnam.vn\/san-pham\/pure-cleansing-foam150ml-sua-rua-mat-to-bot-da-dau-mun\/"]}]},{"@type":"BreadcrumbList","@id":"https:\/\/skeyndorvietnam.vn\/san-pham\/pure-cleansing-foam150ml-sua-rua-mat-to-bot-da-dau-mun\/#breadcrumb","itemListElement":[{"@type":"ListItem","position":1,"name":"Home","item":"https:\/\/skeyndorvietnam.vn\/"},{"@type":"ListItem","position":2,"name":"S\u1ea3n ph\u1ea9m","item":"https:\/\/skeyndorvietnam.vn\/shop\/"},{"@type":"ListItem","position":3,"name":"PURE CLEANSING FOAM(150ml) ( S\u1eeda r\u1eeda m\u1eb7t t\u1ecd b\u1ecdt da d\u1ea7u m\u1ee5n )"}]},{"@type":"WebSite","@id":"https:\/\/skeyndorvietnam.vn\/#website","url":"https:\/\/skeyndorvietnam.vn\/","name":"Skeyndor","description":"M\u1ef9 ph\u1ea9m cao c\u1ea5p t\u1eeb T\u00e2y Ban Nha - D\u01b0\u1ee1ng da chuy\u00ean s\u00e2u, an to\u00e0n &amp; hi\u1ec7u qu\u1ea3","publisher":{"@id":"https:\/\/skeyndorvietnam.vn\/#organization"},"potentialAction":[{"@type":"SearchAction","target":{"@type":"EntryPoint","urlTemplate":"https:\/\/skeyndorvietnam.vn\/?s={search_term_string}"},"query-input":"required name=search_term_string"}],"inLanguage":"en-US"},{"@type":"Organization","@id":"https:\/\/skeyndorvietnam.vn\/#organization","name":"Skeyndor","url":"https:\/\/skeyndorvietnam.vn\/","logo":{"@type":"ImageObject","inLanguage":"en-US","@id":"https:\/\/skeyndorvietnam.vn\/#\/schema\/logo\/image\/","url":"https:\/\/skeyndorvietnam.vn\/wp-content\/uploads\/2023\/10\/logo.png","contentUrl":"https:\/\/skeyndorvietnam.vn\/wp-content\/uploads\/2023\/10\/logo.png","width":145,"height":43,"caption":"Skeyndor"},"image":{"@id":"https:\/\/skeyndorvietnam.vn\/#\/schema\/logo\/image\/"}}]}},"_links":{"self":[{"href":"https:\/\/skeyndorvietnam.vn\/en\/wp-json\/wp\/v2\/product\/5750","targetHints":{"allow":["GET"]}}],"collection":[{"href":"https:\/\/skeyndorvietnam.vn\/en\/wp-json\/wp\/v2\/product"}],"about":[{"href":"https:\/\/skeyndorvietnam.vn\/en\/wp-json\/wp\/v2\/types\/product"}],"replies":[{"embeddable":true,"href":"https:\/\/skeyndorvietnam.vn\/en\/wp-json\/wp\/v2\/comments?post=5750"}],"version-history":[{"count":0,"href":"https:\/\/skeyndorvietnam.vn\/en\/wp-json\/wp\/v2\/product\/5750\/revisions"}],"wp:featuredmedia":[{"embeddable":true,"href":"https:\/\/skeyndorvietnam.vn\/en\/wp-json\/wp\/v2\/media\/5752"}],"wp:attachment":[{"href":"https:\/\/skeyndorvietnam.vn\/en\/wp-json\/wp\/v2\/media?parent=5750"}],"wp:term":[{"taxonomy":"product_brand","embeddable":true,"href":"https:\/\/skeyndorvietnam.vn\/en\/wp-json\/wp\/v2\/product_brand?post=5750"},{"taxonomy":"product_cat","embeddable":true,"href":"https:\/\/skeyndorvietnam.vn\/en\/wp-json\/wp\/v2\/product_cat?post=5750"},{"taxonomy":"product_tag","embeddable":true,"href":"https:\/\/skeyndorvietnam.vn\/en\/wp-json\/wp\/v2\/product_tag?post=5750"}],"curies":[{"name":"wp","href":"https:\/\/api.w.org\/{rel}","templated":true}]}}