{"id":5732,"date":"2025-10-20T10:07:53","date_gmt":"2025-10-20T03:07:53","guid":{"rendered":"https:\/\/skeyndor.123websitedev.com\/san-pham\/expert-cleanse-pro-rebalancing-vitamin-essence-200ml-nuoc-than-cung-cap-vitamin-cho-da\/"},"modified":"2025-10-23T16:20:32","modified_gmt":"2025-10-23T09:20:32","slug":"expert-cleanse-pro-rebalancing-vitamin-essence-200ml-nuoc-than-cung-cap-vitamin-cho-da","status":"publish","type":"product","link":"https:\/\/skeyndorvietnam.vn\/en\/product\/expert-cleanse-pro-rebalancing-vitamin-essence-200ml-nuoc-than-cung-cap-vitamin-cho-da\/","title":{"rendered":"Expert Cleanse Pro Rebalancing Vitamin Essence 200ml\n n\u01b0\u1edbc th\u1ea7n cung c\u1ea5p vitamin cho da"},"content":{"rendered":"","protected":false},"excerpt":{"rendered":"<p>Dung d\u1ecbch &#8221; n\u01b0\u1edbc th\u1ea7n &#8221; v\u1edbi k\u1ebft c\u1ea5u \u0111\u1eb7c bi\u1ec7t v\u00e0 h\u01b0\u01a1ng th\u01a1m tr\u00e1i c\u00e2y ng\u1ecdt ng\u00e0o, m\u00e3nh li\u1ec7t. C\u00f4ng th\u1ee9c t\u1eeb n\u01b0\u1edbc kho\u00e1ng bi\u1ec3n , Postbiotic l\u00ean men t\u01b0 nhi\u00ean v\u00e0 vitamin. M\u1ed9t s\u1ea3n ph\u1ea9m c\u1ea7n thi\u1ebft t\u00e1c \u0111\u1ed9ng 3in1: h\u1ed3i sinh l\u00e0n da, t\u0103ng c\u01b0\u1eddng d\u01b0\u1ee1ng \u1ea9m v\u00e0 c\u00e2n b\u1eb1ng h\u1ec7 vi sinh b\u1ea3o v\u1ec7 da. Cho 1 k\u1ebft th\u00fac m\u01b0\u1ee3t m\u00e0 t\u1ee9c th\u00ec.<\/p>","protected":false},"featured_media":5734,"comment_status":"open","ping_status":"open","template":"","meta":[],"product_brand":[],"product_cat":[85,125],"product_tag":[],"class_list":{"0":"post-5732","1":"product","2":"type-product","3":"status-publish","4":"has-post-thumbnail","6":"product_cat-dong-cap-am","7":"product_cat-dong-cham-soc","8":"pa_dung-tich-200-ml","9":"pa_loai-da-moi-loai-da","12":"instock","13":"purchasable","14":"product-type-simple","15":"product-grid-view"},"yoast_head":"<!-- This site is optimized with the Yoast SEO Premium plugin v20.9 (Yoast SEO v20.9) - https:\/\/yoast.com\/wordpress\/plugins\/seo\/ -->\n<title>Expert Cleanse Pro Rebalancing Vitamin Essence 200ml n\u01b0\u1edbc th\u1ea7n cung c\u1ea5p vitamin cho da - Skeyndor<\/title>\n<meta name=\"robots\" content=\"noindex, follow, max-snippet:-1, max-image-preview:large, max-video-preview:-1\" \/>\n<meta property=\"og:locale\" content=\"en_US\" \/>\n<meta property=\"og:type\" content=\"article\" \/>\n<meta property=\"og:title\" content=\"Expert Cleanse Pro Rebalancing Vitamin Essence 200ml n\u01b0\u1edbc th\u1ea7n cung c\u1ea5p vitamin cho da\" \/>\n<meta property=\"og:description\" content=\"Dung d\u1ecbch &quot; n\u01b0\u1edbc th\u1ea7n &quot; v\u1edbi k\u1ebft c\u1ea5u \u0111\u1eb7c bi\u1ec7t v\u00e0 h\u01b0\u01a1ng th\u01a1m tr\u00e1i c\u00e2y ng\u1ecdt ng\u00e0o, m\u00e3nh li\u1ec7t. C\u00f4ng th\u1ee9c t\u1eeb n\u01b0\u1edbc kho\u00e1ng bi\u1ec3n , Postbiotic l\u00ean men t\u01b0 nhi\u00ean v\u00e0 vitamin. M\u1ed9t s\u1ea3n ph\u1ea9m c\u1ea7n thi\u1ebft t\u00e1c \u0111\u1ed9ng 3in1: h\u1ed3i sinh l\u00e0n da, t\u0103ng c\u01b0\u1eddng d\u01b0\u1ee1ng \u1ea9m v\u00e0 c\u00e2n b\u1eb1ng h\u1ec7 vi sinh b\u1ea3o v\u1ec7 da. Cho 1 k\u1ebft th\u00fac m\u01b0\u1ee3t m\u00e0 t\u1ee9c th\u00ec.\" \/>\n<meta property=\"og:url\" content=\"https:\/\/skeyndorvietnam.vn\/en\/product\/expert-cleanse-pro-rebalancing-vitamin-essence-200ml-nuoc-than-cung-cap-vitamin-cho-da\/\" \/>\n<meta property=\"og:site_name\" content=\"Skeyndor\" \/>\n<meta property=\"article:modified_time\" content=\"2025-10-23T09:20:32+00:00\" \/>\n<meta property=\"og:image\" content=\"https:\/\/skeyndorvietnam.vn\/wp-content\/uploads\/2025\/10\/SK20051320-scaled.png\" \/>\n\t<meta property=\"og:image:width\" content=\"2560\" \/>\n\t<meta property=\"og:image:height\" content=\"2560\" \/>\n\t<meta property=\"og:image:type\" content=\"image\/png\" \/>\n<meta name=\"twitter:card\" content=\"summary_large_image\" \/>\n<script type=\"application\/ld+json\" class=\"yoast-schema-graph\">{\"@context\":\"https:\/\/schema.org\",\"@graph\":[{\"@type\":\"WebPage\",\"@id\":\"https:\/\/skeyndorvietnam.vn\/en\/product\/expert-cleanse-pro-rebalancing-vitamin-essence-200ml-nuoc-than-cung-cap-vitamin-cho-da\/\",\"url\":\"https:\/\/skeyndorvietnam.vn\/en\/product\/expert-cleanse-pro-rebalancing-vitamin-essence-200ml-nuoc-than-cung-cap-vitamin-cho-da\/\",\"name\":\"Expert Cleanse Pro Rebalancing Vitamin Essence 200ml n\u01b0\u1edbc th\u1ea7n cung c\u1ea5p vitamin cho da - Skeyndor\",\"isPartOf\":{\"@id\":\"https:\/\/skeyndorvietnam.vn\/#website\"},\"datePublished\":\"2025-10-20T03:07:53+00:00\",\"dateModified\":\"2025-10-23T09:20:32+00:00\",\"breadcrumb\":{\"@id\":\"https:\/\/skeyndorvietnam.vn\/en\/product\/expert-cleanse-pro-rebalancing-vitamin-essence-200ml-nuoc-than-cung-cap-vitamin-cho-da\/#breadcrumb\"},\"inLanguage\":\"en-US\",\"potentialAction\":[{\"@type\":\"ReadAction\",\"target\":[\"https:\/\/skeyndorvietnam.vn\/en\/product\/expert-cleanse-pro-rebalancing-vitamin-essence-200ml-nuoc-than-cung-cap-vitamin-cho-da\/\"]}]},{\"@type\":\"BreadcrumbList\",\"@id\":\"https:\/\/skeyndorvietnam.vn\/en\/product\/expert-cleanse-pro-rebalancing-vitamin-essence-200ml-nuoc-than-cung-cap-vitamin-cho-da\/#breadcrumb\",\"itemListElement\":[{\"@type\":\"ListItem\",\"position\":1,\"name\":\"Home\",\"item\":\"https:\/\/skeyndorvietnam.vn\/\"},{\"@type\":\"ListItem\",\"position\":2,\"name\":\"S\u1ea3n ph\u1ea9m\",\"item\":\"https:\/\/skeyndorvietnam.vn\/shop\/\"},{\"@type\":\"ListItem\",\"position\":3,\"name\":\"Expert Cleanse Pro Rebalancing Vitamin Essence 200ml n\u01b0\u1edbc th\u1ea7n cung c\u1ea5p vitamin cho da\"}]},{\"@type\":\"WebSite\",\"@id\":\"https:\/\/skeyndorvietnam.vn\/#website\",\"url\":\"https:\/\/skeyndorvietnam.vn\/\",\"name\":\"Skeyndor\",\"description\":\"M\u1ef9 ph\u1ea9m cao c\u1ea5p t\u1eeb T\u00e2y Ban Nha - D\u01b0\u1ee1ng da chuy\u00ean s\u00e2u, an to\u00e0n &amp; hi\u1ec7u qu\u1ea3\",\"publisher\":{\"@id\":\"https:\/\/skeyndorvietnam.vn\/#organization\"},\"potentialAction\":[{\"@type\":\"SearchAction\",\"target\":{\"@type\":\"EntryPoint\",\"urlTemplate\":\"https:\/\/skeyndorvietnam.vn\/?s={search_term_string}\"},\"query-input\":\"required name=search_term_string\"}],\"inLanguage\":\"en-US\"},{\"@type\":\"Organization\",\"@id\":\"https:\/\/skeyndorvietnam.vn\/#organization\",\"name\":\"Skeyndor\",\"url\":\"https:\/\/skeyndorvietnam.vn\/\",\"logo\":{\"@type\":\"ImageObject\",\"inLanguage\":\"en-US\",\"@id\":\"https:\/\/skeyndorvietnam.vn\/#\/schema\/logo\/image\/\",\"url\":\"https:\/\/skeyndorvietnam.vn\/wp-content\/uploads\/2023\/10\/logo.png\",\"contentUrl\":\"https:\/\/skeyndorvietnam.vn\/wp-content\/uploads\/2023\/10\/logo.png\",\"width\":145,\"height\":43,\"caption\":\"Skeyndor\"},\"image\":{\"@id\":\"https:\/\/skeyndorvietnam.vn\/#\/schema\/logo\/image\/\"}}]}<\/script>\n<!-- \/ Yoast SEO Premium plugin. -->","yoast_head_json":{"title":"Expert Cleanse Pro Rebalancing Vitamin Essence 200ml n\u01b0\u1edbc th\u1ea7n cung c\u1ea5p vitamin cho da - Skeyndor","robots":{"index":"noindex","follow":"follow","max-snippet":"max-snippet:-1","max-image-preview":"max-image-preview:large","max-video-preview":"max-video-preview:-1"},"og_locale":"en_US","og_type":"article","og_title":"Expert Cleanse Pro Rebalancing Vitamin Essence 200ml n\u01b0\u1edbc th\u1ea7n cung c\u1ea5p vitamin cho da","og_description":"Dung d\u1ecbch \" n\u01b0\u1edbc th\u1ea7n \" v\u1edbi k\u1ebft c\u1ea5u \u0111\u1eb7c bi\u1ec7t v\u00e0 h\u01b0\u01a1ng th\u01a1m tr\u00e1i c\u00e2y ng\u1ecdt ng\u00e0o, m\u00e3nh li\u1ec7t. C\u00f4ng th\u1ee9c t\u1eeb n\u01b0\u1edbc kho\u00e1ng bi\u1ec3n , Postbiotic l\u00ean men t\u01b0 nhi\u00ean v\u00e0 vitamin. M\u1ed9t s\u1ea3n ph\u1ea9m c\u1ea7n thi\u1ebft t\u00e1c \u0111\u1ed9ng 3in1: h\u1ed3i sinh l\u00e0n da, t\u0103ng c\u01b0\u1eddng d\u01b0\u1ee1ng \u1ea9m v\u00e0 c\u00e2n b\u1eb1ng h\u1ec7 vi sinh b\u1ea3o v\u1ec7 da. Cho 1 k\u1ebft th\u00fac m\u01b0\u1ee3t m\u00e0 t\u1ee9c th\u00ec.","og_url":"https:\/\/skeyndorvietnam.vn\/en\/product\/expert-cleanse-pro-rebalancing-vitamin-essence-200ml-nuoc-than-cung-cap-vitamin-cho-da\/","og_site_name":"Skeyndor","article_modified_time":"2025-10-23T09:20:32+00:00","og_image":[{"width":2560,"height":2560,"url":"https:\/\/skeyndorvietnam.vn\/wp-content\/uploads\/2025\/10\/SK20051320-scaled.png","type":"image\/png"}],"twitter_card":"summary_large_image","schema":{"@context":"https:\/\/schema.org","@graph":[{"@type":"WebPage","@id":"https:\/\/skeyndorvietnam.vn\/en\/product\/expert-cleanse-pro-rebalancing-vitamin-essence-200ml-nuoc-than-cung-cap-vitamin-cho-da\/","url":"https:\/\/skeyndorvietnam.vn\/en\/product\/expert-cleanse-pro-rebalancing-vitamin-essence-200ml-nuoc-than-cung-cap-vitamin-cho-da\/","name":"Expert Cleanse Pro Rebalancing Vitamin Essence 200ml n\u01b0\u1edbc th\u1ea7n cung c\u1ea5p vitamin cho da - Skeyndor","isPartOf":{"@id":"https:\/\/skeyndorvietnam.vn\/#website"},"datePublished":"2025-10-20T03:07:53+00:00","dateModified":"2025-10-23T09:20:32+00:00","breadcrumb":{"@id":"https:\/\/skeyndorvietnam.vn\/en\/product\/expert-cleanse-pro-rebalancing-vitamin-essence-200ml-nuoc-than-cung-cap-vitamin-cho-da\/#breadcrumb"},"inLanguage":"en-US","potentialAction":[{"@type":"ReadAction","target":["https:\/\/skeyndorvietnam.vn\/en\/product\/expert-cleanse-pro-rebalancing-vitamin-essence-200ml-nuoc-than-cung-cap-vitamin-cho-da\/"]}]},{"@type":"BreadcrumbList","@id":"https:\/\/skeyndorvietnam.vn\/en\/product\/expert-cleanse-pro-rebalancing-vitamin-essence-200ml-nuoc-than-cung-cap-vitamin-cho-da\/#breadcrumb","itemListElement":[{"@type":"ListItem","position":1,"name":"Home","item":"https:\/\/skeyndorvietnam.vn\/"},{"@type":"ListItem","position":2,"name":"S\u1ea3n ph\u1ea9m","item":"https:\/\/skeyndorvietnam.vn\/shop\/"},{"@type":"ListItem","position":3,"name":"Expert Cleanse Pro Rebalancing Vitamin Essence 200ml n\u01b0\u1edbc th\u1ea7n cung c\u1ea5p vitamin cho da"}]},{"@type":"WebSite","@id":"https:\/\/skeyndorvietnam.vn\/#website","url":"https:\/\/skeyndorvietnam.vn\/","name":"Skeyndor","description":"M\u1ef9 ph\u1ea9m cao c\u1ea5p t\u1eeb T\u00e2y Ban Nha - D\u01b0\u1ee1ng da chuy\u00ean s\u00e2u, an to\u00e0n &amp; hi\u1ec7u qu\u1ea3","publisher":{"@id":"https:\/\/skeyndorvietnam.vn\/#organization"},"potentialAction":[{"@type":"SearchAction","target":{"@type":"EntryPoint","urlTemplate":"https:\/\/skeyndorvietnam.vn\/?s={search_term_string}"},"query-input":"required name=search_term_string"}],"inLanguage":"en-US"},{"@type":"Organization","@id":"https:\/\/skeyndorvietnam.vn\/#organization","name":"Skeyndor","url":"https:\/\/skeyndorvietnam.vn\/","logo":{"@type":"ImageObject","inLanguage":"en-US","@id":"https:\/\/skeyndorvietnam.vn\/#\/schema\/logo\/image\/","url":"https:\/\/skeyndorvietnam.vn\/wp-content\/uploads\/2023\/10\/logo.png","contentUrl":"https:\/\/skeyndorvietnam.vn\/wp-content\/uploads\/2023\/10\/logo.png","width":145,"height":43,"caption":"Skeyndor"},"image":{"@id":"https:\/\/skeyndorvietnam.vn\/#\/schema\/logo\/image\/"}}]}},"_links":{"self":[{"href":"https:\/\/skeyndorvietnam.vn\/en\/wp-json\/wp\/v2\/product\/5732","targetHints":{"allow":["GET"]}}],"collection":[{"href":"https:\/\/skeyndorvietnam.vn\/en\/wp-json\/wp\/v2\/product"}],"about":[{"href":"https:\/\/skeyndorvietnam.vn\/en\/wp-json\/wp\/v2\/types\/product"}],"replies":[{"embeddable":true,"href":"https:\/\/skeyndorvietnam.vn\/en\/wp-json\/wp\/v2\/comments?post=5732"}],"version-history":[{"count":0,"href":"https:\/\/skeyndorvietnam.vn\/en\/wp-json\/wp\/v2\/product\/5732\/revisions"}],"wp:featuredmedia":[{"embeddable":true,"href":"https:\/\/skeyndorvietnam.vn\/en\/wp-json\/wp\/v2\/media\/5734"}],"wp:attachment":[{"href":"https:\/\/skeyndorvietnam.vn\/en\/wp-json\/wp\/v2\/media?parent=5732"}],"wp:term":[{"taxonomy":"product_brand","embeddable":true,"href":"https:\/\/skeyndorvietnam.vn\/en\/wp-json\/wp\/v2\/product_brand?post=5732"},{"taxonomy":"product_cat","embeddable":true,"href":"https:\/\/skeyndorvietnam.vn\/en\/wp-json\/wp\/v2\/product_cat?post=5732"},{"taxonomy":"product_tag","embeddable":true,"href":"https:\/\/skeyndorvietnam.vn\/en\/wp-json\/wp\/v2\/product_tag?post=5732"}],"curies":[{"name":"wp","href":"https:\/\/api.w.org\/{rel}","templated":true}]}}