{"id":5719,"date":"2025-10-20T09:28:31","date_gmt":"2025-10-20T02:28:31","guid":{"rendered":"https:\/\/skeyndor.123websitedev.com\/san-pham\/expert-cleanse-pro-scaling-gel-250-ml-gel-tay-da-chet-moi-loai-da\/"},"modified":"2025-10-23T16:20:36","modified_gmt":"2025-10-23T09:20:36","slug":"expert-cleanse-pro-scaling-gel-250-ml-gel-tay-da-chet-moi-loai-da","status":"publish","type":"product","link":"https:\/\/skeyndorvietnam.vn\/en\/product\/expert-cleanse-pro-scaling-gel-250-ml-gel-tay-da-chet-moi-loai-da\/","title":{"rendered":"EXPERT CLEANSE PRO SCALING GEL 250 ml.\n Gel t\u1ea9y da ch\u1ebft m\u1ecdi lo\u1ea1i da"},"content":{"rendered":"","protected":false},"excerpt":{"rendered":"<p>Gel l\u1ecfng l\u00e0m m\u1ec1m k\u1ebft c\u1ea5u da v\u00e0 kh\u00f4ng g\u00e2y k\u00edch \u1ee9ng lo\u1ea1i b\u1ecf t\u1ebf b\u00e0o ch\u1ebft gi\u00fap k\u00edch th\u00edch qu\u00e1 tr\u00ecnh t\u00e1i t\u1ea1o. \u0110\u1eb7c bi\u1ec7t l\u00e0 da d\u1ea7u m\u1ee5n \u0111\u1ea7u \u0111en, m\u1ee5n tr\u1ee9ng c\u00e1.<\/p>","protected":false},"featured_media":5721,"comment_status":"open","ping_status":"open","template":"","meta":[],"product_brand":[],"product_cat":[120],"product_tag":[],"class_list":{"0":"post-5719","1":"product","2":"type-product","3":"status-publish","4":"has-post-thumbnail","6":"product_cat-dong-cham-soc-lam-sach","7":"pa_dung-tich-250-ml","8":"pa_loai-da-moi-loai-da","11":"instock","12":"purchasable","13":"product-type-simple","14":"product-grid-view"},"yoast_head":"<!-- This site is optimized with the Yoast SEO Premium plugin v20.9 (Yoast SEO v20.9) - https:\/\/yoast.com\/wordpress\/plugins\/seo\/ -->\n<title>EXPERT CLEANSE PRO SCALING GEL 250 ml. Gel t\u1ea9y da ch\u1ebft m\u1ecdi lo\u1ea1i da - Skeyndor<\/title>\n<meta name=\"robots\" content=\"noindex, follow, max-snippet:-1, max-image-preview:large, max-video-preview:-1\" \/>\n<meta property=\"og:locale\" content=\"en_US\" \/>\n<meta property=\"og:type\" content=\"article\" \/>\n<meta property=\"og:title\" content=\"EXPERT CLEANSE PRO SCALING GEL 250 ml. Gel t\u1ea9y da ch\u1ebft m\u1ecdi lo\u1ea1i da\" \/>\n<meta property=\"og:description\" content=\"Gel l\u1ecfng l\u00e0m m\u1ec1m k\u1ebft c\u1ea5u da v\u00e0 kh\u00f4ng g\u00e2y k\u00edch \u1ee9ng lo\u1ea1i b\u1ecf t\u1ebf b\u00e0o ch\u1ebft gi\u00fap k\u00edch th\u00edch qu\u00e1 tr\u00ecnh t\u00e1i t\u1ea1o. \u0110\u1eb7c bi\u1ec7t l\u00e0 da d\u1ea7u m\u1ee5n \u0111\u1ea7u \u0111en, m\u1ee5n tr\u1ee9ng c\u00e1.\" \/>\n<meta property=\"og:url\" content=\"https:\/\/skeyndorvietnam.vn\/en\/product\/expert-cleanse-pro-scaling-gel-250-ml-gel-tay-da-chet-moi-loai-da\/\" \/>\n<meta property=\"og:site_name\" content=\"Skeyndor\" \/>\n<meta property=\"article:modified_time\" content=\"2025-10-23T09:20:36+00:00\" \/>\n<meta property=\"og:image\" content=\"https:\/\/skeyndorvietnam.vn\/wp-content\/uploads\/2025\/10\/SK20082325-scaled.png\" \/>\n\t<meta property=\"og:image:width\" content=\"2560\" \/>\n\t<meta property=\"og:image:height\" content=\"2560\" \/>\n\t<meta property=\"og:image:type\" content=\"image\/png\" \/>\n<meta name=\"twitter:card\" content=\"summary_large_image\" \/>\n<script type=\"application\/ld+json\" class=\"yoast-schema-graph\">{\"@context\":\"https:\/\/schema.org\",\"@graph\":[{\"@type\":\"WebPage\",\"@id\":\"https:\/\/skeyndorvietnam.vn\/san-pham\/expert-cleanse-pro-scaling-gel-250-ml-gel-tay-da-chet-moi-loai-da\/\",\"url\":\"https:\/\/skeyndorvietnam.vn\/san-pham\/expert-cleanse-pro-scaling-gel-250-ml-gel-tay-da-chet-moi-loai-da\/\",\"name\":\"EXPERT CLEANSE PRO SCALING GEL 250 ml. Gel t\u1ea9y da ch\u1ebft m\u1ecdi lo\u1ea1i da - Skeyndor\",\"isPartOf\":{\"@id\":\"https:\/\/skeyndorvietnam.vn\/#website\"},\"datePublished\":\"2025-10-20T02:28:31+00:00\",\"dateModified\":\"2025-10-23T09:20:36+00:00\",\"breadcrumb\":{\"@id\":\"https:\/\/skeyndorvietnam.vn\/san-pham\/expert-cleanse-pro-scaling-gel-250-ml-gel-tay-da-chet-moi-loai-da\/#breadcrumb\"},\"inLanguage\":\"en-US\",\"potentialAction\":[{\"@type\":\"ReadAction\",\"target\":[\"https:\/\/skeyndorvietnam.vn\/san-pham\/expert-cleanse-pro-scaling-gel-250-ml-gel-tay-da-chet-moi-loai-da\/\"]}]},{\"@type\":\"BreadcrumbList\",\"@id\":\"https:\/\/skeyndorvietnam.vn\/san-pham\/expert-cleanse-pro-scaling-gel-250-ml-gel-tay-da-chet-moi-loai-da\/#breadcrumb\",\"itemListElement\":[{\"@type\":\"ListItem\",\"position\":1,\"name\":\"Home\",\"item\":\"https:\/\/skeyndorvietnam.vn\/\"},{\"@type\":\"ListItem\",\"position\":2,\"name\":\"S\u1ea3n ph\u1ea9m\",\"item\":\"https:\/\/skeyndorvietnam.vn\/shop\/\"},{\"@type\":\"ListItem\",\"position\":3,\"name\":\"EXPERT CLEANSE PRO SCALING GEL 250 ml. Gel t\u1ea9y da ch\u1ebft m\u1ecdi lo\u1ea1i da\"}]},{\"@type\":\"WebSite\",\"@id\":\"https:\/\/skeyndorvietnam.vn\/#website\",\"url\":\"https:\/\/skeyndorvietnam.vn\/\",\"name\":\"Skeyndor\",\"description\":\"M\u1ef9 ph\u1ea9m cao c\u1ea5p t\u1eeb T\u00e2y Ban Nha - D\u01b0\u1ee1ng da chuy\u00ean s\u00e2u, an to\u00e0n &amp; hi\u1ec7u qu\u1ea3\",\"publisher\":{\"@id\":\"https:\/\/skeyndorvietnam.vn\/#organization\"},\"potentialAction\":[{\"@type\":\"SearchAction\",\"target\":{\"@type\":\"EntryPoint\",\"urlTemplate\":\"https:\/\/skeyndorvietnam.vn\/?s={search_term_string}\"},\"query-input\":\"required name=search_term_string\"}],\"inLanguage\":\"en-US\"},{\"@type\":\"Organization\",\"@id\":\"https:\/\/skeyndorvietnam.vn\/#organization\",\"name\":\"Skeyndor\",\"url\":\"https:\/\/skeyndorvietnam.vn\/\",\"logo\":{\"@type\":\"ImageObject\",\"inLanguage\":\"en-US\",\"@id\":\"https:\/\/skeyndorvietnam.vn\/#\/schema\/logo\/image\/\",\"url\":\"https:\/\/skeyndorvietnam.vn\/wp-content\/uploads\/2023\/10\/logo.png\",\"contentUrl\":\"https:\/\/skeyndorvietnam.vn\/wp-content\/uploads\/2023\/10\/logo.png\",\"width\":145,\"height\":43,\"caption\":\"Skeyndor\"},\"image\":{\"@id\":\"https:\/\/skeyndorvietnam.vn\/#\/schema\/logo\/image\/\"}}]}<\/script>\n<!-- \/ Yoast SEO Premium plugin. -->","yoast_head_json":{"title":"EXPERT CLEANSE PRO SCALING GEL 250 ml. Gel t\u1ea9y da ch\u1ebft m\u1ecdi lo\u1ea1i da - Skeyndor","robots":{"index":"noindex","follow":"follow","max-snippet":"max-snippet:-1","max-image-preview":"max-image-preview:large","max-video-preview":"max-video-preview:-1"},"og_locale":"en_US","og_type":"article","og_title":"EXPERT CLEANSE PRO SCALING GEL 250 ml. Gel t\u1ea9y da ch\u1ebft m\u1ecdi lo\u1ea1i da","og_description":"Gel l\u1ecfng l\u00e0m m\u1ec1m k\u1ebft c\u1ea5u da v\u00e0 kh\u00f4ng g\u00e2y k\u00edch \u1ee9ng lo\u1ea1i b\u1ecf t\u1ebf b\u00e0o ch\u1ebft gi\u00fap k\u00edch th\u00edch qu\u00e1 tr\u00ecnh t\u00e1i t\u1ea1o. \u0110\u1eb7c bi\u1ec7t l\u00e0 da d\u1ea7u m\u1ee5n \u0111\u1ea7u \u0111en, m\u1ee5n tr\u1ee9ng c\u00e1.","og_url":"https:\/\/skeyndorvietnam.vn\/en\/product\/expert-cleanse-pro-scaling-gel-250-ml-gel-tay-da-chet-moi-loai-da\/","og_site_name":"Skeyndor","article_modified_time":"2025-10-23T09:20:36+00:00","og_image":[{"width":2560,"height":2560,"url":"https:\/\/skeyndorvietnam.vn\/wp-content\/uploads\/2025\/10\/SK20082325-scaled.png","type":"image\/png"}],"twitter_card":"summary_large_image","schema":{"@context":"https:\/\/schema.org","@graph":[{"@type":"WebPage","@id":"https:\/\/skeyndorvietnam.vn\/san-pham\/expert-cleanse-pro-scaling-gel-250-ml-gel-tay-da-chet-moi-loai-da\/","url":"https:\/\/skeyndorvietnam.vn\/san-pham\/expert-cleanse-pro-scaling-gel-250-ml-gel-tay-da-chet-moi-loai-da\/","name":"EXPERT CLEANSE PRO SCALING GEL 250 ml. Gel t\u1ea9y da ch\u1ebft m\u1ecdi lo\u1ea1i da - Skeyndor","isPartOf":{"@id":"https:\/\/skeyndorvietnam.vn\/#website"},"datePublished":"2025-10-20T02:28:31+00:00","dateModified":"2025-10-23T09:20:36+00:00","breadcrumb":{"@id":"https:\/\/skeyndorvietnam.vn\/san-pham\/expert-cleanse-pro-scaling-gel-250-ml-gel-tay-da-chet-moi-loai-da\/#breadcrumb"},"inLanguage":"en-US","potentialAction":[{"@type":"ReadAction","target":["https:\/\/skeyndorvietnam.vn\/san-pham\/expert-cleanse-pro-scaling-gel-250-ml-gel-tay-da-chet-moi-loai-da\/"]}]},{"@type":"BreadcrumbList","@id":"https:\/\/skeyndorvietnam.vn\/san-pham\/expert-cleanse-pro-scaling-gel-250-ml-gel-tay-da-chet-moi-loai-da\/#breadcrumb","itemListElement":[{"@type":"ListItem","position":1,"name":"Home","item":"https:\/\/skeyndorvietnam.vn\/"},{"@type":"ListItem","position":2,"name":"S\u1ea3n ph\u1ea9m","item":"https:\/\/skeyndorvietnam.vn\/shop\/"},{"@type":"ListItem","position":3,"name":"EXPERT CLEANSE PRO SCALING GEL 250 ml. Gel t\u1ea9y da ch\u1ebft m\u1ecdi lo\u1ea1i da"}]},{"@type":"WebSite","@id":"https:\/\/skeyndorvietnam.vn\/#website","url":"https:\/\/skeyndorvietnam.vn\/","name":"Skeyndor","description":"M\u1ef9 ph\u1ea9m cao c\u1ea5p t\u1eeb T\u00e2y Ban Nha - D\u01b0\u1ee1ng da chuy\u00ean s\u00e2u, an to\u00e0n &amp; hi\u1ec7u qu\u1ea3","publisher":{"@id":"https:\/\/skeyndorvietnam.vn\/#organization"},"potentialAction":[{"@type":"SearchAction","target":{"@type":"EntryPoint","urlTemplate":"https:\/\/skeyndorvietnam.vn\/?s={search_term_string}"},"query-input":"required name=search_term_string"}],"inLanguage":"en-US"},{"@type":"Organization","@id":"https:\/\/skeyndorvietnam.vn\/#organization","name":"Skeyndor","url":"https:\/\/skeyndorvietnam.vn\/","logo":{"@type":"ImageObject","inLanguage":"en-US","@id":"https:\/\/skeyndorvietnam.vn\/#\/schema\/logo\/image\/","url":"https:\/\/skeyndorvietnam.vn\/wp-content\/uploads\/2023\/10\/logo.png","contentUrl":"https:\/\/skeyndorvietnam.vn\/wp-content\/uploads\/2023\/10\/logo.png","width":145,"height":43,"caption":"Skeyndor"},"image":{"@id":"https:\/\/skeyndorvietnam.vn\/#\/schema\/logo\/image\/"}}]}},"_links":{"self":[{"href":"https:\/\/skeyndorvietnam.vn\/en\/wp-json\/wp\/v2\/product\/5719","targetHints":{"allow":["GET"]}}],"collection":[{"href":"https:\/\/skeyndorvietnam.vn\/en\/wp-json\/wp\/v2\/product"}],"about":[{"href":"https:\/\/skeyndorvietnam.vn\/en\/wp-json\/wp\/v2\/types\/product"}],"replies":[{"embeddable":true,"href":"https:\/\/skeyndorvietnam.vn\/en\/wp-json\/wp\/v2\/comments?post=5719"}],"version-history":[{"count":0,"href":"https:\/\/skeyndorvietnam.vn\/en\/wp-json\/wp\/v2\/product\/5719\/revisions"}],"wp:featuredmedia":[{"embeddable":true,"href":"https:\/\/skeyndorvietnam.vn\/en\/wp-json\/wp\/v2\/media\/5721"}],"wp:attachment":[{"href":"https:\/\/skeyndorvietnam.vn\/en\/wp-json\/wp\/v2\/media?parent=5719"}],"wp:term":[{"taxonomy":"product_brand","embeddable":true,"href":"https:\/\/skeyndorvietnam.vn\/en\/wp-json\/wp\/v2\/product_brand?post=5719"},{"taxonomy":"product_cat","embeddable":true,"href":"https:\/\/skeyndorvietnam.vn\/en\/wp-json\/wp\/v2\/product_cat?post=5719"},{"taxonomy":"product_tag","embeddable":true,"href":"https:\/\/skeyndorvietnam.vn\/en\/wp-json\/wp\/v2\/product_tag?post=5719"}],"curies":[{"name":"wp","href":"https:\/\/api.w.org\/{rel}","templated":true}]}}