{"id":5689,"date":"2025-10-20T09:05:22","date_gmt":"2025-10-20T02:05:22","guid":{"rendered":"https:\/\/skeyndor.123websitedev.com\/san-pham\/expert-cleanse-pro-rich-foam-in-milk-200-ml-sua-rua-mat-dang-bot-min\/"},"modified":"2025-10-23T16:20:38","modified_gmt":"2025-10-23T09:20:38","slug":"expert-cleanse-pro-rich-foam-in-milk-200-ml-sua-rua-mat-dang-bot-min","status":"publish","type":"product","link":"https:\/\/skeyndorvietnam.vn\/en\/product\/expert-cleanse-pro-rich-foam-in-milk-200-ml-sua-rua-mat-dang-bot-min\/","title":{"rendered":"EXPERT CLEANSE PRO RICH FOAM-IN-MILK 200 ml. Fine foam cleanser"},"content":{"rendered":"","protected":false},"excerpt":{"rendered":"<p>nh\u0169 t\u01b0\u01a1ng d\u1ea1ng kem t\u1ea1o ra m\u1ed9t lo\u1ea1i mousse nh\u1eb9 khi \u0111\u01b0\u1ee3c lo\u1ea1i b\u1ecf b\u1eb1ng n\u01b0\u1edbc. N\u00f3 ch\u1ee9a c\u00e1c ch\u1ea5t l\u00e0m m\u1ec1m t\u1ef1 nhi\u00ean \u0111\u1ec3 nu\u00f4i d\u01b0\u1ee1ng v\u00e0 b\u1ea3o v\u1ec7 lipid c\u1ee7a ch\u1ee9c n\u0103ng r\u00e0o c\u1ea3n trong da kh\u00f4. S\u1ea3n ph\u1ea9m ph\u00f9 h\u1ee3p v\u1edbi da th\u01b0\u1eddng v\u00e0 da kh\u00f4<\/p>","protected":false},"featured_media":5691,"comment_status":"open","ping_status":"open","template":"","meta":[],"product_brand":[],"product_cat":[114],"product_tag":[],"class_list":{"0":"post-5689","1":"product","2":"type-product","3":"status-publish","4":"has-post-thumbnail","6":"product_cat-dong-lam-sach","7":"pa_dung-tich-200-ml","8":"pa_loai-da-da-kho-da-thuong","11":"instock","12":"purchasable","13":"product-type-simple","14":"product-grid-view"},"yoast_head":"<!-- This site is optimized with the Yoast SEO Premium plugin v20.9 (Yoast SEO v20.9) - https:\/\/yoast.com\/wordpress\/plugins\/seo\/ -->\n<title>EXPERT CLEANSE PRO RICH FOAM-IN-MILK 200 ml. S\u1eefa r\u1eeda m\u1eb7t d\u1ea1ng b\u1ecdt m\u1ecbn - Skeyndor<\/title>\n<meta name=\"robots\" content=\"noindex, follow, max-snippet:-1, max-image-preview:large, max-video-preview:-1\" \/>\n<meta property=\"og:locale\" content=\"en_US\" \/>\n<meta property=\"og:type\" content=\"article\" \/>\n<meta property=\"og:title\" content=\"EXPERT CLEANSE PRO RICH FOAM-IN-MILK 200 ml. S\u1eefa r\u1eeda m\u1eb7t d\u1ea1ng b\u1ecdt m\u1ecbn\" \/>\n<meta property=\"og:description\" content=\"nh\u0169 t\u01b0\u01a1ng d\u1ea1ng kem t\u1ea1o ra m\u1ed9t lo\u1ea1i mousse nh\u1eb9 khi \u0111\u01b0\u1ee3c lo\u1ea1i b\u1ecf b\u1eb1ng n\u01b0\u1edbc. N\u00f3 ch\u1ee9a c\u00e1c ch\u1ea5t l\u00e0m m\u1ec1m t\u1ef1 nhi\u00ean \u0111\u1ec3 nu\u00f4i d\u01b0\u1ee1ng v\u00e0 b\u1ea3o v\u1ec7 lipid c\u1ee7a ch\u1ee9c n\u0103ng r\u00e0o c\u1ea3n trong da kh\u00f4. S\u1ea3n ph\u1ea9m ph\u00f9 h\u1ee3p v\u1edbi da th\u01b0\u1eddng v\u00e0 da kh\u00f4\" \/>\n<meta property=\"og:url\" content=\"https:\/\/skeyndorvietnam.vn\/en\/product\/expert-cleanse-pro-rich-foam-in-milk-200-ml-sua-rua-mat-dang-bot-min\/\" \/>\n<meta property=\"og:site_name\" content=\"Skeyndor\" \/>\n<meta property=\"article:modified_time\" content=\"2025-10-23T09:20:38+00:00\" \/>\n<meta property=\"og:image\" content=\"https:\/\/skeyndorvietnam.vn\/wp-content\/uploads\/2025\/10\/SK20031320-1024x1024.png\" \/>\n\t<meta property=\"og:image:width\" content=\"1024\" \/>\n\t<meta property=\"og:image:height\" content=\"1024\" \/>\n\t<meta property=\"og:image:type\" content=\"image\/png\" \/>\n<meta name=\"twitter:card\" content=\"summary_large_image\" \/>\n<script type=\"application\/ld+json\" class=\"yoast-schema-graph\">{\"@context\":\"https:\/\/schema.org\",\"@graph\":[{\"@type\":\"WebPage\",\"@id\":\"https:\/\/skeyndorvietnam.vn\/en\/product\/expert-cleanse-pro-rich-foam-in-milk-200-ml-sua-rua-mat-dang-bot-min\/\",\"url\":\"https:\/\/skeyndorvietnam.vn\/en\/product\/expert-cleanse-pro-rich-foam-in-milk-200-ml-sua-rua-mat-dang-bot-min\/\",\"name\":\"EXPERT CLEANSE PRO RICH FOAM-IN-MILK 200 ml. S\u1eefa r\u1eeda m\u1eb7t d\u1ea1ng b\u1ecdt m\u1ecbn - Skeyndor\",\"isPartOf\":{\"@id\":\"https:\/\/skeyndorvietnam.vn\/#website\"},\"datePublished\":\"2025-10-20T02:05:22+00:00\",\"dateModified\":\"2025-10-23T09:20:38+00:00\",\"breadcrumb\":{\"@id\":\"https:\/\/skeyndorvietnam.vn\/en\/product\/expert-cleanse-pro-rich-foam-in-milk-200-ml-sua-rua-mat-dang-bot-min\/#breadcrumb\"},\"inLanguage\":\"en-US\",\"potentialAction\":[{\"@type\":\"ReadAction\",\"target\":[\"https:\/\/skeyndorvietnam.vn\/en\/product\/expert-cleanse-pro-rich-foam-in-milk-200-ml-sua-rua-mat-dang-bot-min\/\"]}]},{\"@type\":\"BreadcrumbList\",\"@id\":\"https:\/\/skeyndorvietnam.vn\/en\/product\/expert-cleanse-pro-rich-foam-in-milk-200-ml-sua-rua-mat-dang-bot-min\/#breadcrumb\",\"itemListElement\":[{\"@type\":\"ListItem\",\"position\":1,\"name\":\"Home\",\"item\":\"https:\/\/skeyndorvietnam.vn\/\"},{\"@type\":\"ListItem\",\"position\":2,\"name\":\"S\u1ea3n ph\u1ea9m\",\"item\":\"https:\/\/skeyndorvietnam.vn\/shop\/\"},{\"@type\":\"ListItem\",\"position\":3,\"name\":\"EXPERT CLEANSE PRO RICH FOAM-IN-MILK 200 ml. S\u1eefa r\u1eeda m\u1eb7t d\u1ea1ng b\u1ecdt m\u1ecbn\"}]},{\"@type\":\"WebSite\",\"@id\":\"https:\/\/skeyndorvietnam.vn\/#website\",\"url\":\"https:\/\/skeyndorvietnam.vn\/\",\"name\":\"Skeyndor\",\"description\":\"M\u1ef9 ph\u1ea9m cao c\u1ea5p t\u1eeb T\u00e2y Ban Nha - D\u01b0\u1ee1ng da chuy\u00ean s\u00e2u, an to\u00e0n &amp; hi\u1ec7u qu\u1ea3\",\"publisher\":{\"@id\":\"https:\/\/skeyndorvietnam.vn\/#organization\"},\"potentialAction\":[{\"@type\":\"SearchAction\",\"target\":{\"@type\":\"EntryPoint\",\"urlTemplate\":\"https:\/\/skeyndorvietnam.vn\/?s={search_term_string}\"},\"query-input\":\"required name=search_term_string\"}],\"inLanguage\":\"en-US\"},{\"@type\":\"Organization\",\"@id\":\"https:\/\/skeyndorvietnam.vn\/#organization\",\"name\":\"Skeyndor\",\"url\":\"https:\/\/skeyndorvietnam.vn\/\",\"logo\":{\"@type\":\"ImageObject\",\"inLanguage\":\"en-US\",\"@id\":\"https:\/\/skeyndorvietnam.vn\/#\/schema\/logo\/image\/\",\"url\":\"https:\/\/skeyndorvietnam.vn\/wp-content\/uploads\/2023\/10\/logo.png\",\"contentUrl\":\"https:\/\/skeyndorvietnam.vn\/wp-content\/uploads\/2023\/10\/logo.png\",\"width\":145,\"height\":43,\"caption\":\"Skeyndor\"},\"image\":{\"@id\":\"https:\/\/skeyndorvietnam.vn\/#\/schema\/logo\/image\/\"}}]}<\/script>\n<!-- \/ Yoast SEO Premium plugin. -->","yoast_head_json":{"title":"EXPERT CLEANSE PRO RICH FOAM-IN-MILK 200 ml. S\u1eefa r\u1eeda m\u1eb7t d\u1ea1ng b\u1ecdt m\u1ecbn - Skeyndor","robots":{"index":"noindex","follow":"follow","max-snippet":"max-snippet:-1","max-image-preview":"max-image-preview:large","max-video-preview":"max-video-preview:-1"},"og_locale":"en_US","og_type":"article","og_title":"EXPERT CLEANSE PRO RICH FOAM-IN-MILK 200 ml. S\u1eefa r\u1eeda m\u1eb7t d\u1ea1ng b\u1ecdt m\u1ecbn","og_description":"nh\u0169 t\u01b0\u01a1ng d\u1ea1ng kem t\u1ea1o ra m\u1ed9t lo\u1ea1i mousse nh\u1eb9 khi \u0111\u01b0\u1ee3c lo\u1ea1i b\u1ecf b\u1eb1ng n\u01b0\u1edbc. N\u00f3 ch\u1ee9a c\u00e1c ch\u1ea5t l\u00e0m m\u1ec1m t\u1ef1 nhi\u00ean \u0111\u1ec3 nu\u00f4i d\u01b0\u1ee1ng v\u00e0 b\u1ea3o v\u1ec7 lipid c\u1ee7a ch\u1ee9c n\u0103ng r\u00e0o c\u1ea3n trong da kh\u00f4. S\u1ea3n ph\u1ea9m ph\u00f9 h\u1ee3p v\u1edbi da th\u01b0\u1eddng v\u00e0 da kh\u00f4","og_url":"https:\/\/skeyndorvietnam.vn\/en\/product\/expert-cleanse-pro-rich-foam-in-milk-200-ml-sua-rua-mat-dang-bot-min\/","og_site_name":"Skeyndor","article_modified_time":"2025-10-23T09:20:38+00:00","og_image":[{"width":1024,"height":1024,"url":"https:\/\/skeyndorvietnam.vn\/wp-content\/uploads\/2025\/10\/SK20031320-1024x1024.png","type":"image\/png"}],"twitter_card":"summary_large_image","schema":{"@context":"https:\/\/schema.org","@graph":[{"@type":"WebPage","@id":"https:\/\/skeyndorvietnam.vn\/en\/product\/expert-cleanse-pro-rich-foam-in-milk-200-ml-sua-rua-mat-dang-bot-min\/","url":"https:\/\/skeyndorvietnam.vn\/en\/product\/expert-cleanse-pro-rich-foam-in-milk-200-ml-sua-rua-mat-dang-bot-min\/","name":"EXPERT CLEANSE PRO RICH FOAM-IN-MILK 200 ml. S\u1eefa r\u1eeda m\u1eb7t d\u1ea1ng b\u1ecdt m\u1ecbn - Skeyndor","isPartOf":{"@id":"https:\/\/skeyndorvietnam.vn\/#website"},"datePublished":"2025-10-20T02:05:22+00:00","dateModified":"2025-10-23T09:20:38+00:00","breadcrumb":{"@id":"https:\/\/skeyndorvietnam.vn\/en\/product\/expert-cleanse-pro-rich-foam-in-milk-200-ml-sua-rua-mat-dang-bot-min\/#breadcrumb"},"inLanguage":"en-US","potentialAction":[{"@type":"ReadAction","target":["https:\/\/skeyndorvietnam.vn\/en\/product\/expert-cleanse-pro-rich-foam-in-milk-200-ml-sua-rua-mat-dang-bot-min\/"]}]},{"@type":"BreadcrumbList","@id":"https:\/\/skeyndorvietnam.vn\/en\/product\/expert-cleanse-pro-rich-foam-in-milk-200-ml-sua-rua-mat-dang-bot-min\/#breadcrumb","itemListElement":[{"@type":"ListItem","position":1,"name":"Home","item":"https:\/\/skeyndorvietnam.vn\/"},{"@type":"ListItem","position":2,"name":"S\u1ea3n ph\u1ea9m","item":"https:\/\/skeyndorvietnam.vn\/shop\/"},{"@type":"ListItem","position":3,"name":"EXPERT CLEANSE PRO RICH FOAM-IN-MILK 200 ml. S\u1eefa r\u1eeda m\u1eb7t d\u1ea1ng b\u1ecdt m\u1ecbn"}]},{"@type":"WebSite","@id":"https:\/\/skeyndorvietnam.vn\/#website","url":"https:\/\/skeyndorvietnam.vn\/","name":"Skeyndor","description":"M\u1ef9 ph\u1ea9m cao c\u1ea5p t\u1eeb T\u00e2y Ban Nha - D\u01b0\u1ee1ng da chuy\u00ean s\u00e2u, an to\u00e0n &amp; hi\u1ec7u qu\u1ea3","publisher":{"@id":"https:\/\/skeyndorvietnam.vn\/#organization"},"potentialAction":[{"@type":"SearchAction","target":{"@type":"EntryPoint","urlTemplate":"https:\/\/skeyndorvietnam.vn\/?s={search_term_string}"},"query-input":"required name=search_term_string"}],"inLanguage":"en-US"},{"@type":"Organization","@id":"https:\/\/skeyndorvietnam.vn\/#organization","name":"Skeyndor","url":"https:\/\/skeyndorvietnam.vn\/","logo":{"@type":"ImageObject","inLanguage":"en-US","@id":"https:\/\/skeyndorvietnam.vn\/#\/schema\/logo\/image\/","url":"https:\/\/skeyndorvietnam.vn\/wp-content\/uploads\/2023\/10\/logo.png","contentUrl":"https:\/\/skeyndorvietnam.vn\/wp-content\/uploads\/2023\/10\/logo.png","width":145,"height":43,"caption":"Skeyndor"},"image":{"@id":"https:\/\/skeyndorvietnam.vn\/#\/schema\/logo\/image\/"}}]}},"_links":{"self":[{"href":"https:\/\/skeyndorvietnam.vn\/en\/wp-json\/wp\/v2\/product\/5689","targetHints":{"allow":["GET"]}}],"collection":[{"href":"https:\/\/skeyndorvietnam.vn\/en\/wp-json\/wp\/v2\/product"}],"about":[{"href":"https:\/\/skeyndorvietnam.vn\/en\/wp-json\/wp\/v2\/types\/product"}],"replies":[{"embeddable":true,"href":"https:\/\/skeyndorvietnam.vn\/en\/wp-json\/wp\/v2\/comments?post=5689"}],"version-history":[{"count":0,"href":"https:\/\/skeyndorvietnam.vn\/en\/wp-json\/wp\/v2\/product\/5689\/revisions"}],"wp:featuredmedia":[{"embeddable":true,"href":"https:\/\/skeyndorvietnam.vn\/en\/wp-json\/wp\/v2\/media\/5691"}],"wp:attachment":[{"href":"https:\/\/skeyndorvietnam.vn\/en\/wp-json\/wp\/v2\/media?parent=5689"}],"wp:term":[{"taxonomy":"product_brand","embeddable":true,"href":"https:\/\/skeyndorvietnam.vn\/en\/wp-json\/wp\/v2\/product_brand?post=5689"},{"taxonomy":"product_cat","embeddable":true,"href":"https:\/\/skeyndorvietnam.vn\/en\/wp-json\/wp\/v2\/product_cat?post=5689"},{"taxonomy":"product_tag","embeddable":true,"href":"https:\/\/skeyndorvietnam.vn\/en\/wp-json\/wp\/v2\/product_tag?post=5689"}],"curies":[{"name":"wp","href":"https:\/\/api.w.org\/{rel}","templated":true}]}}