{"id":5685,"date":"2025-10-20T09:04:05","date_gmt":"2025-10-20T02:04:05","guid":{"rendered":"https:\/\/skeyndor.123websitedev.com\/san-pham\/expert-cleanse-pro-mattifying-foam-in-gel-200-ml-gel-lam-sach-dong-chuyen-nghiep-co-bot\/"},"modified":"2025-10-23T16:20:39","modified_gmt":"2025-10-23T09:20:39","slug":"expert-cleanse-pro-mattifying-foam-in-gel-200-ml-gel-lam-sach-dong-chuyen-nghiep-co-bot","status":"publish","type":"product","link":"https:\/\/skeyndorvietnam.vn\/en\/product\/expert-cleanse-pro-mattifying-foam-in-gel-200-ml-gel-lam-sach-dong-chuyen-nghiep-co-bot\/","title":{"rendered":"EXPERT CLEANSE PRO MATTIFYING FOAM-IN-GEL 200 ml.\n Gel l\u00e0m s\u1ea1ch d\u00f2ng chuy\u00ean nghi\u1ec7p c\u00f3 b\u1ecdt"},"content":{"rendered":"","protected":false},"excerpt":{"rendered":"<p>N\u00f3 l\u00e0 d\u1ea1ng gel bi\u1ebfn th\u00e0nh m\u1ed9t lo\u1ea1i mousse d\u1ec5 ch\u1ecbu khi t\u1ea1o b\u1ecdt. \u0110\u01b0\u1ee3c l\u00e0m gi\u00e0u v\u1edbi c\u00e1c ch\u1ea5t ho\u1ea1t \u0111\u1ed9ng tr\u00ean b\u1ec1 m\u1eb7t t\u1ef1 nhi\u00ean si\u00eau nh\u1eb9 v\u00e0 l\u00ean men Postbiotic b\u1ed5 d\u01b0\u1ee1ng, n\u00f3 kh\u00f4ng ch\u1ec9 l\u00e0m s\u1ea1ch l\u00e0n da c\u1ee7a b\u1ea1n m\u00e0 c\u00f2n gi\u00fap b\u1ea3o v\u1ec7 h\u1ec7 th\u1ef1c v\u1eadt qu\u00fd gi\u00e1 c\u1ee7a n\u00f3. N\u00f3i l\u1eddi t\u1ea1m bi\u1ec7t v\u1edbi s\u1ef1 t\u1ecfa s\u00e1ng v\u00e0 xin ch\u00e0o m\u1ed9t l\u00e0n da m\u1edd \u0111\u1eb9p. S\u1ea3n ph\u1ea9m ph\u00f9 h\u1ee3p cho da d\u1ea7u \u0111\u1ebfn da h\u1ed7n h\u1ee3p<\/p>","protected":false},"featured_media":5687,"comment_status":"open","ping_status":"open","template":"","meta":[],"product_brand":[],"product_cat":[114],"product_tag":[],"class_list":{"0":"post-5685","1":"product","2":"type-product","3":"status-publish","4":"has-post-thumbnail","6":"product_cat-dong-lam-sach","7":"pa_dung-tich-200-ml","8":"pa_loai-da-da-dau-da-hon-hop","11":"instock","12":"purchasable","13":"product-type-simple","14":"product-grid-view"},"yoast_head":"<!-- This site is optimized with the Yoast SEO Premium plugin v20.9 (Yoast SEO v20.9) - https:\/\/yoast.com\/wordpress\/plugins\/seo\/ -->\n<title>EXPERT CLEANSE PRO MATTIFYING FOAM-IN-GEL 200 ml. Gel l\u00e0m s\u1ea1ch d\u00f2ng chuy\u00ean nghi\u1ec7p c\u00f3 b\u1ecdt - Skeyndor<\/title>\n<meta name=\"robots\" content=\"noindex, follow, max-snippet:-1, max-image-preview:large, max-video-preview:-1\" \/>\n<meta property=\"og:locale\" content=\"en_US\" \/>\n<meta property=\"og:type\" content=\"article\" \/>\n<meta property=\"og:title\" content=\"EXPERT CLEANSE PRO MATTIFYING FOAM-IN-GEL 200 ml. Gel l\u00e0m s\u1ea1ch d\u00f2ng chuy\u00ean nghi\u1ec7p c\u00f3 b\u1ecdt\" \/>\n<meta property=\"og:description\" content=\"N\u00f3 l\u00e0 d\u1ea1ng gel bi\u1ebfn th\u00e0nh m\u1ed9t lo\u1ea1i mousse d\u1ec5 ch\u1ecbu khi t\u1ea1o b\u1ecdt. \u0110\u01b0\u1ee3c l\u00e0m gi\u00e0u v\u1edbi c\u00e1c ch\u1ea5t ho\u1ea1t \u0111\u1ed9ng tr\u00ean b\u1ec1 m\u1eb7t t\u1ef1 nhi\u00ean si\u00eau nh\u1eb9 v\u00e0 l\u00ean men Postbiotic b\u1ed5 d\u01b0\u1ee1ng, n\u00f3 kh\u00f4ng ch\u1ec9 l\u00e0m s\u1ea1ch l\u00e0n da c\u1ee7a b\u1ea1n m\u00e0 c\u00f2n gi\u00fap b\u1ea3o v\u1ec7 h\u1ec7 th\u1ef1c v\u1eadt qu\u00fd gi\u00e1 c\u1ee7a n\u00f3. N\u00f3i l\u1eddi t\u1ea1m bi\u1ec7t v\u1edbi s\u1ef1 t\u1ecfa s\u00e1ng v\u00e0 xin ch\u00e0o m\u1ed9t l\u00e0n da m\u1edd \u0111\u1eb9p. S\u1ea3n ph\u1ea9m ph\u00f9 h\u1ee3p cho da d\u1ea7u \u0111\u1ebfn da h\u1ed7n h\u1ee3p\" \/>\n<meta property=\"og:url\" content=\"https:\/\/skeyndorvietnam.vn\/en\/product\/expert-cleanse-pro-mattifying-foam-in-gel-200-ml-gel-lam-sach-dong-chuyen-nghiep-co-bot\/\" \/>\n<meta property=\"og:site_name\" content=\"Skeyndor\" \/>\n<meta property=\"article:modified_time\" content=\"2025-10-23T09:20:39+00:00\" \/>\n<meta property=\"og:image\" content=\"https:\/\/skeyndorvietnam.vn\/wp-content\/uploads\/2025\/10\/SK20021320-1024x1024.png\" \/>\n\t<meta property=\"og:image:width\" content=\"1024\" \/>\n\t<meta property=\"og:image:height\" content=\"1024\" \/>\n\t<meta property=\"og:image:type\" content=\"image\/png\" \/>\n<meta name=\"twitter:card\" content=\"summary_large_image\" \/>\n<script type=\"application\/ld+json\" class=\"yoast-schema-graph\">{\"@context\":\"https:\/\/schema.org\",\"@graph\":[{\"@type\":\"WebPage\",\"@id\":\"https:\/\/skeyndorvietnam.vn\/san-pham\/expert-cleanse-pro-mattifying-foam-in-gel-200-ml-gel-lam-sach-dong-chuyen-nghiep-co-bot\/\",\"url\":\"https:\/\/skeyndorvietnam.vn\/san-pham\/expert-cleanse-pro-mattifying-foam-in-gel-200-ml-gel-lam-sach-dong-chuyen-nghiep-co-bot\/\",\"name\":\"EXPERT CLEANSE PRO MATTIFYING FOAM-IN-GEL 200 ml. Gel l\u00e0m s\u1ea1ch d\u00f2ng chuy\u00ean nghi\u1ec7p c\u00f3 b\u1ecdt - Skeyndor\",\"isPartOf\":{\"@id\":\"https:\/\/skeyndorvietnam.vn\/#website\"},\"datePublished\":\"2025-10-20T02:04:05+00:00\",\"dateModified\":\"2025-10-23T09:20:39+00:00\",\"breadcrumb\":{\"@id\":\"https:\/\/skeyndorvietnam.vn\/san-pham\/expert-cleanse-pro-mattifying-foam-in-gel-200-ml-gel-lam-sach-dong-chuyen-nghiep-co-bot\/#breadcrumb\"},\"inLanguage\":\"en-US\",\"potentialAction\":[{\"@type\":\"ReadAction\",\"target\":[\"https:\/\/skeyndorvietnam.vn\/san-pham\/expert-cleanse-pro-mattifying-foam-in-gel-200-ml-gel-lam-sach-dong-chuyen-nghiep-co-bot\/\"]}]},{\"@type\":\"BreadcrumbList\",\"@id\":\"https:\/\/skeyndorvietnam.vn\/san-pham\/expert-cleanse-pro-mattifying-foam-in-gel-200-ml-gel-lam-sach-dong-chuyen-nghiep-co-bot\/#breadcrumb\",\"itemListElement\":[{\"@type\":\"ListItem\",\"position\":1,\"name\":\"Home\",\"item\":\"https:\/\/skeyndorvietnam.vn\/\"},{\"@type\":\"ListItem\",\"position\":2,\"name\":\"S\u1ea3n ph\u1ea9m\",\"item\":\"https:\/\/skeyndorvietnam.vn\/shop\/\"},{\"@type\":\"ListItem\",\"position\":3,\"name\":\"EXPERT CLEANSE PRO MATTIFYING FOAM-IN-GEL 200 ml. Gel l\u00e0m s\u1ea1ch d\u00f2ng chuy\u00ean nghi\u1ec7p c\u00f3 b\u1ecdt\"}]},{\"@type\":\"WebSite\",\"@id\":\"https:\/\/skeyndorvietnam.vn\/#website\",\"url\":\"https:\/\/skeyndorvietnam.vn\/\",\"name\":\"Skeyndor\",\"description\":\"M\u1ef9 ph\u1ea9m cao c\u1ea5p t\u1eeb T\u00e2y Ban Nha - D\u01b0\u1ee1ng da chuy\u00ean s\u00e2u, an to\u00e0n &amp; hi\u1ec7u qu\u1ea3\",\"publisher\":{\"@id\":\"https:\/\/skeyndorvietnam.vn\/#organization\"},\"potentialAction\":[{\"@type\":\"SearchAction\",\"target\":{\"@type\":\"EntryPoint\",\"urlTemplate\":\"https:\/\/skeyndorvietnam.vn\/?s={search_term_string}\"},\"query-input\":\"required name=search_term_string\"}],\"inLanguage\":\"en-US\"},{\"@type\":\"Organization\",\"@id\":\"https:\/\/skeyndorvietnam.vn\/#organization\",\"name\":\"Skeyndor\",\"url\":\"https:\/\/skeyndorvietnam.vn\/\",\"logo\":{\"@type\":\"ImageObject\",\"inLanguage\":\"en-US\",\"@id\":\"https:\/\/skeyndorvietnam.vn\/#\/schema\/logo\/image\/\",\"url\":\"https:\/\/skeyndorvietnam.vn\/wp-content\/uploads\/2023\/10\/logo.png\",\"contentUrl\":\"https:\/\/skeyndorvietnam.vn\/wp-content\/uploads\/2023\/10\/logo.png\",\"width\":145,\"height\":43,\"caption\":\"Skeyndor\"},\"image\":{\"@id\":\"https:\/\/skeyndorvietnam.vn\/#\/schema\/logo\/image\/\"}}]}<\/script>\n<!-- \/ Yoast SEO Premium plugin. -->","yoast_head_json":{"title":"EXPERT CLEANSE PRO MATTIFYING FOAM-IN-GEL 200 ml. Gel l\u00e0m s\u1ea1ch d\u00f2ng chuy\u00ean nghi\u1ec7p c\u00f3 b\u1ecdt - Skeyndor","robots":{"index":"noindex","follow":"follow","max-snippet":"max-snippet:-1","max-image-preview":"max-image-preview:large","max-video-preview":"max-video-preview:-1"},"og_locale":"en_US","og_type":"article","og_title":"EXPERT CLEANSE PRO MATTIFYING FOAM-IN-GEL 200 ml. Gel l\u00e0m s\u1ea1ch d\u00f2ng chuy\u00ean nghi\u1ec7p c\u00f3 b\u1ecdt","og_description":"N\u00f3 l\u00e0 d\u1ea1ng gel bi\u1ebfn th\u00e0nh m\u1ed9t lo\u1ea1i mousse d\u1ec5 ch\u1ecbu khi t\u1ea1o b\u1ecdt. \u0110\u01b0\u1ee3c l\u00e0m gi\u00e0u v\u1edbi c\u00e1c ch\u1ea5t ho\u1ea1t \u0111\u1ed9ng tr\u00ean b\u1ec1 m\u1eb7t t\u1ef1 nhi\u00ean si\u00eau nh\u1eb9 v\u00e0 l\u00ean men Postbiotic b\u1ed5 d\u01b0\u1ee1ng, n\u00f3 kh\u00f4ng ch\u1ec9 l\u00e0m s\u1ea1ch l\u00e0n da c\u1ee7a b\u1ea1n m\u00e0 c\u00f2n gi\u00fap b\u1ea3o v\u1ec7 h\u1ec7 th\u1ef1c v\u1eadt qu\u00fd gi\u00e1 c\u1ee7a n\u00f3. N\u00f3i l\u1eddi t\u1ea1m bi\u1ec7t v\u1edbi s\u1ef1 t\u1ecfa s\u00e1ng v\u00e0 xin ch\u00e0o m\u1ed9t l\u00e0n da m\u1edd \u0111\u1eb9p. S\u1ea3n ph\u1ea9m ph\u00f9 h\u1ee3p cho da d\u1ea7u \u0111\u1ebfn da h\u1ed7n h\u1ee3p","og_url":"https:\/\/skeyndorvietnam.vn\/en\/product\/expert-cleanse-pro-mattifying-foam-in-gel-200-ml-gel-lam-sach-dong-chuyen-nghiep-co-bot\/","og_site_name":"Skeyndor","article_modified_time":"2025-10-23T09:20:39+00:00","og_image":[{"width":1024,"height":1024,"url":"https:\/\/skeyndorvietnam.vn\/wp-content\/uploads\/2025\/10\/SK20021320-1024x1024.png","type":"image\/png"}],"twitter_card":"summary_large_image","schema":{"@context":"https:\/\/schema.org","@graph":[{"@type":"WebPage","@id":"https:\/\/skeyndorvietnam.vn\/san-pham\/expert-cleanse-pro-mattifying-foam-in-gel-200-ml-gel-lam-sach-dong-chuyen-nghiep-co-bot\/","url":"https:\/\/skeyndorvietnam.vn\/san-pham\/expert-cleanse-pro-mattifying-foam-in-gel-200-ml-gel-lam-sach-dong-chuyen-nghiep-co-bot\/","name":"EXPERT CLEANSE PRO MATTIFYING FOAM-IN-GEL 200 ml. Gel l\u00e0m s\u1ea1ch d\u00f2ng chuy\u00ean nghi\u1ec7p c\u00f3 b\u1ecdt - Skeyndor","isPartOf":{"@id":"https:\/\/skeyndorvietnam.vn\/#website"},"datePublished":"2025-10-20T02:04:05+00:00","dateModified":"2025-10-23T09:20:39+00:00","breadcrumb":{"@id":"https:\/\/skeyndorvietnam.vn\/san-pham\/expert-cleanse-pro-mattifying-foam-in-gel-200-ml-gel-lam-sach-dong-chuyen-nghiep-co-bot\/#breadcrumb"},"inLanguage":"en-US","potentialAction":[{"@type":"ReadAction","target":["https:\/\/skeyndorvietnam.vn\/san-pham\/expert-cleanse-pro-mattifying-foam-in-gel-200-ml-gel-lam-sach-dong-chuyen-nghiep-co-bot\/"]}]},{"@type":"BreadcrumbList","@id":"https:\/\/skeyndorvietnam.vn\/san-pham\/expert-cleanse-pro-mattifying-foam-in-gel-200-ml-gel-lam-sach-dong-chuyen-nghiep-co-bot\/#breadcrumb","itemListElement":[{"@type":"ListItem","position":1,"name":"Home","item":"https:\/\/skeyndorvietnam.vn\/"},{"@type":"ListItem","position":2,"name":"S\u1ea3n ph\u1ea9m","item":"https:\/\/skeyndorvietnam.vn\/shop\/"},{"@type":"ListItem","position":3,"name":"EXPERT CLEANSE PRO MATTIFYING FOAM-IN-GEL 200 ml. Gel l\u00e0m s\u1ea1ch d\u00f2ng chuy\u00ean nghi\u1ec7p c\u00f3 b\u1ecdt"}]},{"@type":"WebSite","@id":"https:\/\/skeyndorvietnam.vn\/#website","url":"https:\/\/skeyndorvietnam.vn\/","name":"Skeyndor","description":"M\u1ef9 ph\u1ea9m cao c\u1ea5p t\u1eeb T\u00e2y Ban Nha - D\u01b0\u1ee1ng da chuy\u00ean s\u00e2u, an to\u00e0n &amp; hi\u1ec7u qu\u1ea3","publisher":{"@id":"https:\/\/skeyndorvietnam.vn\/#organization"},"potentialAction":[{"@type":"SearchAction","target":{"@type":"EntryPoint","urlTemplate":"https:\/\/skeyndorvietnam.vn\/?s={search_term_string}"},"query-input":"required name=search_term_string"}],"inLanguage":"en-US"},{"@type":"Organization","@id":"https:\/\/skeyndorvietnam.vn\/#organization","name":"Skeyndor","url":"https:\/\/skeyndorvietnam.vn\/","logo":{"@type":"ImageObject","inLanguage":"en-US","@id":"https:\/\/skeyndorvietnam.vn\/#\/schema\/logo\/image\/","url":"https:\/\/skeyndorvietnam.vn\/wp-content\/uploads\/2023\/10\/logo.png","contentUrl":"https:\/\/skeyndorvietnam.vn\/wp-content\/uploads\/2023\/10\/logo.png","width":145,"height":43,"caption":"Skeyndor"},"image":{"@id":"https:\/\/skeyndorvietnam.vn\/#\/schema\/logo\/image\/"}}]}},"_links":{"self":[{"href":"https:\/\/skeyndorvietnam.vn\/en\/wp-json\/wp\/v2\/product\/5685","targetHints":{"allow":["GET"]}}],"collection":[{"href":"https:\/\/skeyndorvietnam.vn\/en\/wp-json\/wp\/v2\/product"}],"about":[{"href":"https:\/\/skeyndorvietnam.vn\/en\/wp-json\/wp\/v2\/types\/product"}],"replies":[{"embeddable":true,"href":"https:\/\/skeyndorvietnam.vn\/en\/wp-json\/wp\/v2\/comments?post=5685"}],"version-history":[{"count":0,"href":"https:\/\/skeyndorvietnam.vn\/en\/wp-json\/wp\/v2\/product\/5685\/revisions"}],"wp:featuredmedia":[{"embeddable":true,"href":"https:\/\/skeyndorvietnam.vn\/en\/wp-json\/wp\/v2\/media\/5687"}],"wp:attachment":[{"href":"https:\/\/skeyndorvietnam.vn\/en\/wp-json\/wp\/v2\/media?parent=5685"}],"wp:term":[{"taxonomy":"product_brand","embeddable":true,"href":"https:\/\/skeyndorvietnam.vn\/en\/wp-json\/wp\/v2\/product_brand?post=5685"},{"taxonomy":"product_cat","embeddable":true,"href":"https:\/\/skeyndorvietnam.vn\/en\/wp-json\/wp\/v2\/product_cat?post=5685"},{"taxonomy":"product_tag","embeddable":true,"href":"https:\/\/skeyndorvietnam.vn\/en\/wp-json\/wp\/v2\/product_tag?post=5685"}],"curies":[{"name":"wp","href":"https:\/\/api.w.org\/{rel}","templated":true}]}}