{"id":5682,"date":"2025-10-20T09:04:05","date_gmt":"2025-10-20T02:04:05","guid":{"rendered":"https:\/\/skeyndor.123websitedev.com\/san-pham\/expert-cleanse-pro-micellar-biphasic-125-ml-tay-trang-vung-mat-va-moi\/"},"modified":"2025-10-23T16:20:40","modified_gmt":"2025-10-23T09:20:40","slug":"expert-cleanse-pro-micellar-biphasic-125-ml-tay-trang-vung-mat-va-moi","status":"publish","type":"product","link":"https:\/\/skeyndorvietnam.vn\/en\/product\/expert-cleanse-pro-micellar-biphasic-125-ml-tay-trang-vung-mat-va-moi\/","title":{"rendered":"EXPERT CLEANSE PRO MICELLAR BIPHASIC 125 ml.\n T\u1ea9y trang v\u00f9ng m\u1eaft v\u00e0 m\u00f4i"},"content":{"rendered":"","protected":false},"excerpt":{"rendered":"<p>\u0110\u00e2y l\u00e0 c\u00f4ng th\u1ee9c hai pha tinh th\u1ec3 hai m\u00e0u, d\u1ef1a tr\u00ean ch\u1ea5t l\u00e0m m\u1ec1m th\u1ef1c v\u1eadt \u0111\u01b0\u1ee3c ch\u1ee9ng nh\u1eadn sinh th\u00e1i t\u1ea1o th\u00e0nh c\u00e1c micelle &#8220;b\u1eaby b\u1ee5i b\u1ea9n&#8221; v\u00e0 chi\u1ebft xu\u1ea5t t\u1ef1 nhi\u00ean gi\u00fap gi\u1ea3m thi\u1ec3u t\u00e1c h\u1ea1i c\u1ee7a m\u00f4i tr\u01b0\u1eddng. V\u1edbi k\u1ebft c\u1ea5u nh\u1eb9, ph\u00f9 h\u1ee3p v\u1edbi m\u1ecdi lo\u1ea1i da. \u0110\u00e3 \u0111\u01b0\u1ee3c ki\u1ec3m nghi\u1ec7m nh\u00e3n khoa<\/p>","protected":false},"featured_media":5684,"comment_status":"open","ping_status":"open","template":"","meta":[],"product_brand":[],"product_cat":[114],"product_tag":[],"class_list":{"0":"post-5682","1":"product","2":"type-product","3":"status-publish","4":"has-post-thumbnail","6":"product_cat-dong-lam-sach","7":"pa_dung-tich-125-ml","8":"pa_loai-da-moi-loai-da","11":"instock","12":"purchasable","13":"product-type-simple","14":"product-grid-view"},"yoast_head":"<!-- This site is optimized with the Yoast SEO Premium plugin v20.9 (Yoast SEO v20.9) - https:\/\/yoast.com\/wordpress\/plugins\/seo\/ -->\n<title>EXPERT CLEANSE PRO MICELLAR BIPHASIC 125 ml. T\u1ea9y trang v\u00f9ng m\u1eaft v\u00e0 m\u00f4i - Skeyndor<\/title>\n<meta name=\"robots\" content=\"noindex, follow, max-snippet:-1, max-image-preview:large, max-video-preview:-1\" \/>\n<meta property=\"og:locale\" content=\"en_US\" \/>\n<meta property=\"og:type\" content=\"article\" \/>\n<meta property=\"og:title\" content=\"EXPERT CLEANSE PRO MICELLAR BIPHASIC 125 ml. T\u1ea9y trang v\u00f9ng m\u1eaft v\u00e0 m\u00f4i\" \/>\n<meta property=\"og:description\" content=\"\u0110\u00e2y l\u00e0 c\u00f4ng th\u1ee9c hai pha tinh th\u1ec3 hai m\u00e0u, d\u1ef1a tr\u00ean ch\u1ea5t l\u00e0m m\u1ec1m th\u1ef1c v\u1eadt \u0111\u01b0\u1ee3c ch\u1ee9ng nh\u1eadn sinh th\u00e1i t\u1ea1o th\u00e0nh c\u00e1c micelle &quot;b\u1eaby b\u1ee5i b\u1ea9n&quot; v\u00e0 chi\u1ebft xu\u1ea5t t\u1ef1 nhi\u00ean gi\u00fap gi\u1ea3m thi\u1ec3u t\u00e1c h\u1ea1i c\u1ee7a m\u00f4i tr\u01b0\u1eddng. V\u1edbi k\u1ebft c\u1ea5u nh\u1eb9, ph\u00f9 h\u1ee3p v\u1edbi m\u1ecdi lo\u1ea1i da. \u0110\u00e3 \u0111\u01b0\u1ee3c ki\u1ec3m nghi\u1ec7m nh\u00e3n khoa\" \/>\n<meta property=\"og:url\" content=\"https:\/\/skeyndorvietnam.vn\/en\/product\/expert-cleanse-pro-micellar-biphasic-125-ml-tay-trang-vung-mat-va-moi\/\" \/>\n<meta property=\"og:site_name\" content=\"Skeyndor\" \/>\n<meta property=\"article:modified_time\" content=\"2025-10-23T09:20:40+00:00\" \/>\n<meta property=\"og:image\" content=\"https:\/\/skeyndorvietnam.vn\/wp-content\/uploads\/2025\/10\/SK20011314.png\" \/>\n\t<meta property=\"og:image:width\" content=\"1269\" \/>\n\t<meta property=\"og:image:height\" content=\"1270\" \/>\n\t<meta property=\"og:image:type\" content=\"image\/png\" \/>\n<meta name=\"twitter:card\" content=\"summary_large_image\" \/>\n<script type=\"application\/ld+json\" class=\"yoast-schema-graph\">{\"@context\":\"https:\/\/schema.org\",\"@graph\":[{\"@type\":\"WebPage\",\"@id\":\"https:\/\/skeyndorvietnam.vn\/san-pham\/expert-cleanse-pro-micellar-biphasic-125-ml-tay-trang-vung-mat-va-moi\/\",\"url\":\"https:\/\/skeyndorvietnam.vn\/san-pham\/expert-cleanse-pro-micellar-biphasic-125-ml-tay-trang-vung-mat-va-moi\/\",\"name\":\"EXPERT CLEANSE PRO MICELLAR BIPHASIC 125 ml. T\u1ea9y trang v\u00f9ng m\u1eaft v\u00e0 m\u00f4i - Skeyndor\",\"isPartOf\":{\"@id\":\"https:\/\/skeyndorvietnam.vn\/#website\"},\"datePublished\":\"2025-10-20T02:04:05+00:00\",\"dateModified\":\"2025-10-23T09:20:40+00:00\",\"breadcrumb\":{\"@id\":\"https:\/\/skeyndorvietnam.vn\/san-pham\/expert-cleanse-pro-micellar-biphasic-125-ml-tay-trang-vung-mat-va-moi\/#breadcrumb\"},\"inLanguage\":\"en-US\",\"potentialAction\":[{\"@type\":\"ReadAction\",\"target\":[\"https:\/\/skeyndorvietnam.vn\/san-pham\/expert-cleanse-pro-micellar-biphasic-125-ml-tay-trang-vung-mat-va-moi\/\"]}]},{\"@type\":\"BreadcrumbList\",\"@id\":\"https:\/\/skeyndorvietnam.vn\/san-pham\/expert-cleanse-pro-micellar-biphasic-125-ml-tay-trang-vung-mat-va-moi\/#breadcrumb\",\"itemListElement\":[{\"@type\":\"ListItem\",\"position\":1,\"name\":\"Home\",\"item\":\"https:\/\/skeyndorvietnam.vn\/\"},{\"@type\":\"ListItem\",\"position\":2,\"name\":\"S\u1ea3n ph\u1ea9m\",\"item\":\"https:\/\/skeyndorvietnam.vn\/shop\/\"},{\"@type\":\"ListItem\",\"position\":3,\"name\":\"EXPERT CLEANSE PRO MICELLAR BIPHASIC 125 ml. T\u1ea9y trang v\u00f9ng m\u1eaft v\u00e0 m\u00f4i\"}]},{\"@type\":\"WebSite\",\"@id\":\"https:\/\/skeyndorvietnam.vn\/#website\",\"url\":\"https:\/\/skeyndorvietnam.vn\/\",\"name\":\"Skeyndor\",\"description\":\"M\u1ef9 ph\u1ea9m cao c\u1ea5p t\u1eeb T\u00e2y Ban Nha - D\u01b0\u1ee1ng da chuy\u00ean s\u00e2u, an to\u00e0n &amp; hi\u1ec7u qu\u1ea3\",\"publisher\":{\"@id\":\"https:\/\/skeyndorvietnam.vn\/#organization\"},\"potentialAction\":[{\"@type\":\"SearchAction\",\"target\":{\"@type\":\"EntryPoint\",\"urlTemplate\":\"https:\/\/skeyndorvietnam.vn\/?s={search_term_string}\"},\"query-input\":\"required name=search_term_string\"}],\"inLanguage\":\"en-US\"},{\"@type\":\"Organization\",\"@id\":\"https:\/\/skeyndorvietnam.vn\/#organization\",\"name\":\"Skeyndor\",\"url\":\"https:\/\/skeyndorvietnam.vn\/\",\"logo\":{\"@type\":\"ImageObject\",\"inLanguage\":\"en-US\",\"@id\":\"https:\/\/skeyndorvietnam.vn\/#\/schema\/logo\/image\/\",\"url\":\"https:\/\/skeyndorvietnam.vn\/wp-content\/uploads\/2023\/10\/logo.png\",\"contentUrl\":\"https:\/\/skeyndorvietnam.vn\/wp-content\/uploads\/2023\/10\/logo.png\",\"width\":145,\"height\":43,\"caption\":\"Skeyndor\"},\"image\":{\"@id\":\"https:\/\/skeyndorvietnam.vn\/#\/schema\/logo\/image\/\"}}]}<\/script>\n<!-- \/ Yoast SEO Premium plugin. -->","yoast_head_json":{"title":"EXPERT CLEANSE PRO MICELLAR BIPHASIC 125 ml. T\u1ea9y trang v\u00f9ng m\u1eaft v\u00e0 m\u00f4i - Skeyndor","robots":{"index":"noindex","follow":"follow","max-snippet":"max-snippet:-1","max-image-preview":"max-image-preview:large","max-video-preview":"max-video-preview:-1"},"og_locale":"en_US","og_type":"article","og_title":"EXPERT CLEANSE PRO MICELLAR BIPHASIC 125 ml. T\u1ea9y trang v\u00f9ng m\u1eaft v\u00e0 m\u00f4i","og_description":"\u0110\u00e2y l\u00e0 c\u00f4ng th\u1ee9c hai pha tinh th\u1ec3 hai m\u00e0u, d\u1ef1a tr\u00ean ch\u1ea5t l\u00e0m m\u1ec1m th\u1ef1c v\u1eadt \u0111\u01b0\u1ee3c ch\u1ee9ng nh\u1eadn sinh th\u00e1i t\u1ea1o th\u00e0nh c\u00e1c micelle \"b\u1eaby b\u1ee5i b\u1ea9n\" v\u00e0 chi\u1ebft xu\u1ea5t t\u1ef1 nhi\u00ean gi\u00fap gi\u1ea3m thi\u1ec3u t\u00e1c h\u1ea1i c\u1ee7a m\u00f4i tr\u01b0\u1eddng. V\u1edbi k\u1ebft c\u1ea5u nh\u1eb9, ph\u00f9 h\u1ee3p v\u1edbi m\u1ecdi lo\u1ea1i da. \u0110\u00e3 \u0111\u01b0\u1ee3c ki\u1ec3m nghi\u1ec7m nh\u00e3n khoa","og_url":"https:\/\/skeyndorvietnam.vn\/en\/product\/expert-cleanse-pro-micellar-biphasic-125-ml-tay-trang-vung-mat-va-moi\/","og_site_name":"Skeyndor","article_modified_time":"2025-10-23T09:20:40+00:00","og_image":[{"width":1269,"height":1270,"url":"https:\/\/skeyndorvietnam.vn\/wp-content\/uploads\/2025\/10\/SK20011314.png","type":"image\/png"}],"twitter_card":"summary_large_image","schema":{"@context":"https:\/\/schema.org","@graph":[{"@type":"WebPage","@id":"https:\/\/skeyndorvietnam.vn\/san-pham\/expert-cleanse-pro-micellar-biphasic-125-ml-tay-trang-vung-mat-va-moi\/","url":"https:\/\/skeyndorvietnam.vn\/san-pham\/expert-cleanse-pro-micellar-biphasic-125-ml-tay-trang-vung-mat-va-moi\/","name":"EXPERT CLEANSE PRO MICELLAR BIPHASIC 125 ml. T\u1ea9y trang v\u00f9ng m\u1eaft v\u00e0 m\u00f4i - Skeyndor","isPartOf":{"@id":"https:\/\/skeyndorvietnam.vn\/#website"},"datePublished":"2025-10-20T02:04:05+00:00","dateModified":"2025-10-23T09:20:40+00:00","breadcrumb":{"@id":"https:\/\/skeyndorvietnam.vn\/san-pham\/expert-cleanse-pro-micellar-biphasic-125-ml-tay-trang-vung-mat-va-moi\/#breadcrumb"},"inLanguage":"en-US","potentialAction":[{"@type":"ReadAction","target":["https:\/\/skeyndorvietnam.vn\/san-pham\/expert-cleanse-pro-micellar-biphasic-125-ml-tay-trang-vung-mat-va-moi\/"]}]},{"@type":"BreadcrumbList","@id":"https:\/\/skeyndorvietnam.vn\/san-pham\/expert-cleanse-pro-micellar-biphasic-125-ml-tay-trang-vung-mat-va-moi\/#breadcrumb","itemListElement":[{"@type":"ListItem","position":1,"name":"Home","item":"https:\/\/skeyndorvietnam.vn\/"},{"@type":"ListItem","position":2,"name":"S\u1ea3n ph\u1ea9m","item":"https:\/\/skeyndorvietnam.vn\/shop\/"},{"@type":"ListItem","position":3,"name":"EXPERT CLEANSE PRO MICELLAR BIPHASIC 125 ml. T\u1ea9y trang v\u00f9ng m\u1eaft v\u00e0 m\u00f4i"}]},{"@type":"WebSite","@id":"https:\/\/skeyndorvietnam.vn\/#website","url":"https:\/\/skeyndorvietnam.vn\/","name":"Skeyndor","description":"M\u1ef9 ph\u1ea9m cao c\u1ea5p t\u1eeb T\u00e2y Ban Nha - D\u01b0\u1ee1ng da chuy\u00ean s\u00e2u, an to\u00e0n &amp; hi\u1ec7u qu\u1ea3","publisher":{"@id":"https:\/\/skeyndorvietnam.vn\/#organization"},"potentialAction":[{"@type":"SearchAction","target":{"@type":"EntryPoint","urlTemplate":"https:\/\/skeyndorvietnam.vn\/?s={search_term_string}"},"query-input":"required name=search_term_string"}],"inLanguage":"en-US"},{"@type":"Organization","@id":"https:\/\/skeyndorvietnam.vn\/#organization","name":"Skeyndor","url":"https:\/\/skeyndorvietnam.vn\/","logo":{"@type":"ImageObject","inLanguage":"en-US","@id":"https:\/\/skeyndorvietnam.vn\/#\/schema\/logo\/image\/","url":"https:\/\/skeyndorvietnam.vn\/wp-content\/uploads\/2023\/10\/logo.png","contentUrl":"https:\/\/skeyndorvietnam.vn\/wp-content\/uploads\/2023\/10\/logo.png","width":145,"height":43,"caption":"Skeyndor"},"image":{"@id":"https:\/\/skeyndorvietnam.vn\/#\/schema\/logo\/image\/"}}]}},"_links":{"self":[{"href":"https:\/\/skeyndorvietnam.vn\/en\/wp-json\/wp\/v2\/product\/5682","targetHints":{"allow":["GET"]}}],"collection":[{"href":"https:\/\/skeyndorvietnam.vn\/en\/wp-json\/wp\/v2\/product"}],"about":[{"href":"https:\/\/skeyndorvietnam.vn\/en\/wp-json\/wp\/v2\/types\/product"}],"replies":[{"embeddable":true,"href":"https:\/\/skeyndorvietnam.vn\/en\/wp-json\/wp\/v2\/comments?post=5682"}],"version-history":[{"count":0,"href":"https:\/\/skeyndorvietnam.vn\/en\/wp-json\/wp\/v2\/product\/5682\/revisions"}],"wp:featuredmedia":[{"embeddable":true,"href":"https:\/\/skeyndorvietnam.vn\/en\/wp-json\/wp\/v2\/media\/5684"}],"wp:attachment":[{"href":"https:\/\/skeyndorvietnam.vn\/en\/wp-json\/wp\/v2\/media?parent=5682"}],"wp:term":[{"taxonomy":"product_brand","embeddable":true,"href":"https:\/\/skeyndorvietnam.vn\/en\/wp-json\/wp\/v2\/product_brand?post=5682"},{"taxonomy":"product_cat","embeddable":true,"href":"https:\/\/skeyndorvietnam.vn\/en\/wp-json\/wp\/v2\/product_cat?post=5682"},{"taxonomy":"product_tag","embeddable":true,"href":"https:\/\/skeyndorvietnam.vn\/en\/wp-json\/wp\/v2\/product_tag?post=5682"}],"curies":[{"name":"wp","href":"https:\/\/api.w.org\/{rel}","templated":true}]}}