{"id":5679,"date":"2025-10-20T08:56:13","date_gmt":"2025-10-20T01:56:13","guid":{"rendered":"https:\/\/skeyndor.123websitedev.com\/san-pham\/ha-dynamic-professional-programmebo-set-tri-lieu-cap-am-cho-da-kho-mat-nuoc\/"},"modified":"2025-10-23T16:20:40","modified_gmt":"2025-10-23T09:20:40","slug":"ha-dynamic-professional-programmebo-set-tri-lieu-cap-am-cho-da-kho-mat-nuoc","status":"publish","type":"product","link":"https:\/\/skeyndorvietnam.vn\/en\/product\/ha-dynamic-professional-programmebo-set-tri-lieu-cap-am-cho-da-kho-mat-nuoc\/","title":{"rendered":"HA DYNAMIC PROFESSIONAL PROGRAMME (set) moisturizing treatment set for dry, dehydrated skin"},"content":{"rendered":"","protected":false},"excerpt":{"rendered":"<p>Set tr\u1ecb li\u1ec7u c\u1ea5p \u1ea9m cho da kh\u00f4 m\u1ea5t n\u01b0\u1edbc v\u1edbi \u0111a tr\u1ecdng l\u01b0\u1ee3ng ph\u00e2n t\u1eed HA k\u1ebft h\u1ee3p c\u00f4ng ngh\u1ec7 Liposome gi\u00fap c\u1ea5p \u1ea9m b\u1ed5 sung n\u01b0\u1edbc v\u00e0 gi\u1eef \u1ea9m cho da 24h<\/p>","protected":false},"featured_media":5681,"comment_status":"open","ping_status":"open","template":"","meta":[],"product_brand":[],"product_cat":[108],"product_tag":[],"class_list":{"0":"post-5679","1":"product","2":"type-product","3":"status-publish","4":"has-post-thumbnail","6":"product_cat-set-tri-lieu","7":"pa_dung-tich-20-mat","8":"pa_loai-da-da-kho-da-lao-hoa-da-thieu-nuoc","11":"instock","12":"purchasable","13":"product-type-simple","14":"product-grid-view"},"yoast_head":"<!-- This site is optimized with the Yoast SEO Premium plugin v20.9 (Yoast SEO v20.9) - https:\/\/yoast.com\/wordpress\/plugins\/seo\/ -->\n<title>HA DYNAMIC PROFESSIONAL PROGRAMME(b\u1ed9) set tr\u1ecb li\u1ec7u c\u1ea5p \u1ea9m cho da kh\u00f4 m\u1ea5t n\u01b0\u1edbc - Skeyndor<\/title>\n<meta name=\"robots\" content=\"noindex, follow, max-snippet:-1, max-image-preview:large, max-video-preview:-1\" \/>\n<meta property=\"og:locale\" content=\"en_US\" \/>\n<meta property=\"og:type\" content=\"article\" \/>\n<meta property=\"og:title\" content=\"HA DYNAMIC PROFESSIONAL PROGRAMME(b\u1ed9) set tr\u1ecb li\u1ec7u c\u1ea5p \u1ea9m cho da kh\u00f4 m\u1ea5t n\u01b0\u1edbc\" \/>\n<meta property=\"og:description\" content=\"Set tr\u1ecb li\u1ec7u c\u1ea5p \u1ea9m cho da kh\u00f4 m\u1ea5t n\u01b0\u1edbc v\u1edbi \u0111a tr\u1ecdng l\u01b0\u1ee3ng ph\u00e2n t\u1eed HA k\u1ebft h\u1ee3p c\u00f4ng ngh\u1ec7 Liposome gi\u00fap c\u1ea5p \u1ea9m b\u1ed5 sung n\u01b0\u1edbc v\u00e0 gi\u1eef \u1ea9m cho da 24h\" \/>\n<meta property=\"og:url\" content=\"https:\/\/skeyndorvietnam.vn\/en\/product\/ha-dynamic-professional-programmebo-set-tri-lieu-cap-am-cho-da-kho-mat-nuoc\/\" \/>\n<meta property=\"og:site_name\" content=\"Skeyndor\" \/>\n<meta property=\"article:modified_time\" content=\"2025-10-23T09:20:40+00:00\" \/>\n<meta property=\"og:image\" content=\"https:\/\/skeyndorvietnam.vn\/wp-content\/uploads\/2025\/10\/SK59602600-3-scaled.png\" \/>\n\t<meta property=\"og:image:width\" content=\"2560\" \/>\n\t<meta property=\"og:image:height\" content=\"2560\" \/>\n\t<meta property=\"og:image:type\" content=\"image\/png\" \/>\n<meta name=\"twitter:card\" content=\"summary_large_image\" \/>\n<script type=\"application\/ld+json\" class=\"yoast-schema-graph\">{\"@context\":\"https:\/\/schema.org\",\"@graph\":[{\"@type\":\"WebPage\",\"@id\":\"https:\/\/skeyndorvietnam.vn\/san-pham\/ha-dynamic-professional-programmebo-set-tri-lieu-cap-am-cho-da-kho-mat-nuoc\/\",\"url\":\"https:\/\/skeyndorvietnam.vn\/san-pham\/ha-dynamic-professional-programmebo-set-tri-lieu-cap-am-cho-da-kho-mat-nuoc\/\",\"name\":\"HA DYNAMIC PROFESSIONAL PROGRAMME(b\u1ed9) set tr\u1ecb li\u1ec7u c\u1ea5p \u1ea9m cho da kh\u00f4 m\u1ea5t n\u01b0\u1edbc - Skeyndor\",\"isPartOf\":{\"@id\":\"https:\/\/skeyndorvietnam.vn\/#website\"},\"datePublished\":\"2025-10-20T01:56:13+00:00\",\"dateModified\":\"2025-10-23T09:20:40+00:00\",\"breadcrumb\":{\"@id\":\"https:\/\/skeyndorvietnam.vn\/san-pham\/ha-dynamic-professional-programmebo-set-tri-lieu-cap-am-cho-da-kho-mat-nuoc\/#breadcrumb\"},\"inLanguage\":\"en-US\",\"potentialAction\":[{\"@type\":\"ReadAction\",\"target\":[\"https:\/\/skeyndorvietnam.vn\/san-pham\/ha-dynamic-professional-programmebo-set-tri-lieu-cap-am-cho-da-kho-mat-nuoc\/\"]}]},{\"@type\":\"BreadcrumbList\",\"@id\":\"https:\/\/skeyndorvietnam.vn\/san-pham\/ha-dynamic-professional-programmebo-set-tri-lieu-cap-am-cho-da-kho-mat-nuoc\/#breadcrumb\",\"itemListElement\":[{\"@type\":\"ListItem\",\"position\":1,\"name\":\"Home\",\"item\":\"https:\/\/skeyndorvietnam.vn\/\"},{\"@type\":\"ListItem\",\"position\":2,\"name\":\"S\u1ea3n ph\u1ea9m\",\"item\":\"https:\/\/skeyndorvietnam.vn\/shop\/\"},{\"@type\":\"ListItem\",\"position\":3,\"name\":\"HA DYNAMIC PROFESSIONAL PROGRAMME(b\u1ed9) set tr\u1ecb li\u1ec7u c\u1ea5p \u1ea9m cho da kh\u00f4 m\u1ea5t n\u01b0\u1edbc\"}]},{\"@type\":\"WebSite\",\"@id\":\"https:\/\/skeyndorvietnam.vn\/#website\",\"url\":\"https:\/\/skeyndorvietnam.vn\/\",\"name\":\"Skeyndor\",\"description\":\"M\u1ef9 ph\u1ea9m cao c\u1ea5p t\u1eeb T\u00e2y Ban Nha - D\u01b0\u1ee1ng da chuy\u00ean s\u00e2u, an to\u00e0n &amp; hi\u1ec7u qu\u1ea3\",\"publisher\":{\"@id\":\"https:\/\/skeyndorvietnam.vn\/#organization\"},\"potentialAction\":[{\"@type\":\"SearchAction\",\"target\":{\"@type\":\"EntryPoint\",\"urlTemplate\":\"https:\/\/skeyndorvietnam.vn\/?s={search_term_string}\"},\"query-input\":\"required name=search_term_string\"}],\"inLanguage\":\"en-US\"},{\"@type\":\"Organization\",\"@id\":\"https:\/\/skeyndorvietnam.vn\/#organization\",\"name\":\"Skeyndor\",\"url\":\"https:\/\/skeyndorvietnam.vn\/\",\"logo\":{\"@type\":\"ImageObject\",\"inLanguage\":\"en-US\",\"@id\":\"https:\/\/skeyndorvietnam.vn\/#\/schema\/logo\/image\/\",\"url\":\"https:\/\/skeyndorvietnam.vn\/wp-content\/uploads\/2023\/10\/logo.png\",\"contentUrl\":\"https:\/\/skeyndorvietnam.vn\/wp-content\/uploads\/2023\/10\/logo.png\",\"width\":145,\"height\":43,\"caption\":\"Skeyndor\"},\"image\":{\"@id\":\"https:\/\/skeyndorvietnam.vn\/#\/schema\/logo\/image\/\"}}]}<\/script>\n<!-- \/ Yoast SEO Premium plugin. -->","yoast_head_json":{"title":"HA DYNAMIC PROFESSIONAL PROGRAMME(b\u1ed9) set tr\u1ecb li\u1ec7u c\u1ea5p \u1ea9m cho da kh\u00f4 m\u1ea5t n\u01b0\u1edbc - Skeyndor","robots":{"index":"noindex","follow":"follow","max-snippet":"max-snippet:-1","max-image-preview":"max-image-preview:large","max-video-preview":"max-video-preview:-1"},"og_locale":"en_US","og_type":"article","og_title":"HA DYNAMIC PROFESSIONAL PROGRAMME(b\u1ed9) set tr\u1ecb li\u1ec7u c\u1ea5p \u1ea9m cho da kh\u00f4 m\u1ea5t n\u01b0\u1edbc","og_description":"Set tr\u1ecb li\u1ec7u c\u1ea5p \u1ea9m cho da kh\u00f4 m\u1ea5t n\u01b0\u1edbc v\u1edbi \u0111a tr\u1ecdng l\u01b0\u1ee3ng ph\u00e2n t\u1eed HA k\u1ebft h\u1ee3p c\u00f4ng ngh\u1ec7 Liposome gi\u00fap c\u1ea5p \u1ea9m b\u1ed5 sung n\u01b0\u1edbc v\u00e0 gi\u1eef \u1ea9m cho da 24h","og_url":"https:\/\/skeyndorvietnam.vn\/en\/product\/ha-dynamic-professional-programmebo-set-tri-lieu-cap-am-cho-da-kho-mat-nuoc\/","og_site_name":"Skeyndor","article_modified_time":"2025-10-23T09:20:40+00:00","og_image":[{"width":2560,"height":2560,"url":"https:\/\/skeyndorvietnam.vn\/wp-content\/uploads\/2025\/10\/SK59602600-3-scaled.png","type":"image\/png"}],"twitter_card":"summary_large_image","schema":{"@context":"https:\/\/schema.org","@graph":[{"@type":"WebPage","@id":"https:\/\/skeyndorvietnam.vn\/san-pham\/ha-dynamic-professional-programmebo-set-tri-lieu-cap-am-cho-da-kho-mat-nuoc\/","url":"https:\/\/skeyndorvietnam.vn\/san-pham\/ha-dynamic-professional-programmebo-set-tri-lieu-cap-am-cho-da-kho-mat-nuoc\/","name":"HA DYNAMIC PROFESSIONAL PROGRAMME(b\u1ed9) set tr\u1ecb li\u1ec7u c\u1ea5p \u1ea9m cho da kh\u00f4 m\u1ea5t n\u01b0\u1edbc - Skeyndor","isPartOf":{"@id":"https:\/\/skeyndorvietnam.vn\/#website"},"datePublished":"2025-10-20T01:56:13+00:00","dateModified":"2025-10-23T09:20:40+00:00","breadcrumb":{"@id":"https:\/\/skeyndorvietnam.vn\/san-pham\/ha-dynamic-professional-programmebo-set-tri-lieu-cap-am-cho-da-kho-mat-nuoc\/#breadcrumb"},"inLanguage":"en-US","potentialAction":[{"@type":"ReadAction","target":["https:\/\/skeyndorvietnam.vn\/san-pham\/ha-dynamic-professional-programmebo-set-tri-lieu-cap-am-cho-da-kho-mat-nuoc\/"]}]},{"@type":"BreadcrumbList","@id":"https:\/\/skeyndorvietnam.vn\/san-pham\/ha-dynamic-professional-programmebo-set-tri-lieu-cap-am-cho-da-kho-mat-nuoc\/#breadcrumb","itemListElement":[{"@type":"ListItem","position":1,"name":"Home","item":"https:\/\/skeyndorvietnam.vn\/"},{"@type":"ListItem","position":2,"name":"S\u1ea3n ph\u1ea9m","item":"https:\/\/skeyndorvietnam.vn\/shop\/"},{"@type":"ListItem","position":3,"name":"HA DYNAMIC PROFESSIONAL PROGRAMME(b\u1ed9) set tr\u1ecb li\u1ec7u c\u1ea5p \u1ea9m cho da kh\u00f4 m\u1ea5t n\u01b0\u1edbc"}]},{"@type":"WebSite","@id":"https:\/\/skeyndorvietnam.vn\/#website","url":"https:\/\/skeyndorvietnam.vn\/","name":"Skeyndor","description":"M\u1ef9 ph\u1ea9m cao c\u1ea5p t\u1eeb T\u00e2y Ban Nha - D\u01b0\u1ee1ng da chuy\u00ean s\u00e2u, an to\u00e0n &amp; hi\u1ec7u qu\u1ea3","publisher":{"@id":"https:\/\/skeyndorvietnam.vn\/#organization"},"potentialAction":[{"@type":"SearchAction","target":{"@type":"EntryPoint","urlTemplate":"https:\/\/skeyndorvietnam.vn\/?s={search_term_string}"},"query-input":"required name=search_term_string"}],"inLanguage":"en-US"},{"@type":"Organization","@id":"https:\/\/skeyndorvietnam.vn\/#organization","name":"Skeyndor","url":"https:\/\/skeyndorvietnam.vn\/","logo":{"@type":"ImageObject","inLanguage":"en-US","@id":"https:\/\/skeyndorvietnam.vn\/#\/schema\/logo\/image\/","url":"https:\/\/skeyndorvietnam.vn\/wp-content\/uploads\/2023\/10\/logo.png","contentUrl":"https:\/\/skeyndorvietnam.vn\/wp-content\/uploads\/2023\/10\/logo.png","width":145,"height":43,"caption":"Skeyndor"},"image":{"@id":"https:\/\/skeyndorvietnam.vn\/#\/schema\/logo\/image\/"}}]}},"_links":{"self":[{"href":"https:\/\/skeyndorvietnam.vn\/en\/wp-json\/wp\/v2\/product\/5679","targetHints":{"allow":["GET"]}}],"collection":[{"href":"https:\/\/skeyndorvietnam.vn\/en\/wp-json\/wp\/v2\/product"}],"about":[{"href":"https:\/\/skeyndorvietnam.vn\/en\/wp-json\/wp\/v2\/types\/product"}],"replies":[{"embeddable":true,"href":"https:\/\/skeyndorvietnam.vn\/en\/wp-json\/wp\/v2\/comments?post=5679"}],"version-history":[{"count":0,"href":"https:\/\/skeyndorvietnam.vn\/en\/wp-json\/wp\/v2\/product\/5679\/revisions"}],"wp:featuredmedia":[{"embeddable":true,"href":"https:\/\/skeyndorvietnam.vn\/en\/wp-json\/wp\/v2\/media\/5681"}],"wp:attachment":[{"href":"https:\/\/skeyndorvietnam.vn\/en\/wp-json\/wp\/v2\/media?parent=5679"}],"wp:term":[{"taxonomy":"product_brand","embeddable":true,"href":"https:\/\/skeyndorvietnam.vn\/en\/wp-json\/wp\/v2\/product_brand?post=5679"},{"taxonomy":"product_cat","embeddable":true,"href":"https:\/\/skeyndorvietnam.vn\/en\/wp-json\/wp\/v2\/product_cat?post=5679"},{"taxonomy":"product_tag","embeddable":true,"href":"https:\/\/skeyndorvietnam.vn\/en\/wp-json\/wp\/v2\/product_tag?post=5679"}],"curies":[{"name":"wp","href":"https:\/\/api.w.org\/{rel}","templated":true}]}}