{"id":5662,"date":"2025-10-20T00:56:06","date_gmt":"2025-10-19T17:56:06","guid":{"rendered":"https:\/\/skeyndor.123websitedev.com\/san-pham\/expert-cleanse-pro-rebalancing-hydracomfort-mist-500-ml-xit-khoang-hydrat-hoa-can-bang-cho-da-chuyen-nghiep\/"},"modified":"2025-10-23T16:20:43","modified_gmt":"2025-10-23T09:20:43","slug":"expert-cleanse-pro-rebalancing-hydracomfort-mist-500-ml-xit-khoang-hydrat-hoa-can-bang-cho-da-chuyen-nghiep","status":"publish","type":"product","link":"https:\/\/skeyndorvietnam.vn\/en\/product\/expert-cleanse-pro-rebalancing-hydracomfort-mist-500-ml-xit-khoang-hydrat-hoa-can-bang-cho-da-chuyen-nghiep\/","title":{"rendered":"EXPERT CLEANSE PRO REBALANCING HYDRACOMFORT MIST 500 ml. Professional skin balancing hydration mist"},"content":{"rendered":"","protected":false},"excerpt":{"rendered":"<p>M\u1ed9t lo\u1ea1i s\u01b0\u01a1ng m\u00f9 nh\u1eb9 nh\u00e0ng \u0111\u01b0\u1ee3c t\u1ea1o ra \u0111\u1ec3 c\u00e2n b\u1eb1ng l\u1ea1i \u0111\u1ed9 pH c\u1ee7a da v\u00e0 ph\u1ee5c h\u1ed3i c\u00e1c kho\u00e1ng ch\u1ea5t cho da, mang l\u1ea1i c\u1ea3m gi\u00e1c s\u1ea3ng kho\u00e1i v\u00e0 h\u1ed3i sinh, ph\u1ee5c h\u1ed3i h\u1ec7 vi sinh v\u1eadt tr\u00ean da<\/p>","protected":false},"featured_media":5664,"comment_status":"open","ping_status":"open","template":"","meta":[],"product_brand":[],"product_cat":[121],"product_tag":[],"class_list":{"0":"post-5662","1":"product","2":"type-product","3":"status-publish","4":"has-post-thumbnail","6":"product_cat-dong-cham-soc-chuyen-nghiep","7":"pa_dung-tich-500-ml","8":"pa_loai-da-moi-loai-da","11":"instock","12":"purchasable","13":"product-type-simple","14":"product-grid-view"},"yoast_head":"<!-- This site is optimized with the Yoast SEO Premium plugin v20.9 (Yoast SEO v20.9) - https:\/\/yoast.com\/wordpress\/plugins\/seo\/ -->\n<title>EXPERT CLEANSE PRO REBALANCING HYDRACOMFORT MIST 500 ml. X\u1ecbt kho\u00e1ng hydrat h\u00f3a c\u00e2n b\u1eb1ng cho da chuy\u00ean nghi\u1ec7p - Skeyndor<\/title>\n<meta name=\"robots\" content=\"noindex, follow, max-snippet:-1, max-image-preview:large, max-video-preview:-1\" \/>\n<meta property=\"og:locale\" content=\"en_US\" \/>\n<meta property=\"og:type\" content=\"article\" \/>\n<meta property=\"og:title\" content=\"EXPERT CLEANSE PRO REBALANCING HYDRACOMFORT MIST 500 ml. X\u1ecbt kho\u00e1ng hydrat h\u00f3a c\u00e2n b\u1eb1ng cho da chuy\u00ean nghi\u1ec7p\" \/>\n<meta property=\"og:description\" content=\"M\u1ed9t lo\u1ea1i s\u01b0\u01a1ng m\u00f9 nh\u1eb9 nh\u00e0ng \u0111\u01b0\u1ee3c t\u1ea1o ra \u0111\u1ec3 c\u00e2n b\u1eb1ng l\u1ea1i \u0111\u1ed9 pH c\u1ee7a da v\u00e0 ph\u1ee5c h\u1ed3i c\u00e1c kho\u00e1ng ch\u1ea5t cho da, mang l\u1ea1i c\u1ea3m gi\u00e1c s\u1ea3ng kho\u00e1i v\u00e0 h\u1ed3i sinh, ph\u1ee5c h\u1ed3i h\u1ec7 vi sinh v\u1eadt tr\u00ean da\" \/>\n<meta property=\"og:url\" content=\"https:\/\/skeyndorvietnam.vn\/en\/product\/expert-cleanse-pro-rebalancing-hydracomfort-mist-500-ml-xit-khoang-hydrat-hoa-can-bang-cho-da-chuyen-nghiep\/\" \/>\n<meta property=\"og:site_name\" content=\"Skeyndor\" \/>\n<meta property=\"article:modified_time\" content=\"2025-10-23T09:20:43+00:00\" \/>\n<meta property=\"og:image\" content=\"https:\/\/skeyndorvietnam.vn\/wp-content\/uploads\/2025\/10\/SK20102340-scaled.png\" \/>\n\t<meta property=\"og:image:width\" content=\"2560\" \/>\n\t<meta property=\"og:image:height\" content=\"2560\" \/>\n\t<meta property=\"og:image:type\" content=\"image\/png\" \/>\n<meta name=\"twitter:card\" content=\"summary_large_image\" \/>\n<script type=\"application\/ld+json\" class=\"yoast-schema-graph\">{\"@context\":\"https:\/\/schema.org\",\"@graph\":[{\"@type\":\"WebPage\",\"@id\":\"https:\/\/skeyndorvietnam.vn\/san-pham\/expert-cleanse-pro-rebalancing-hydracomfort-mist-500-ml-xit-khoang-hydrat-hoa-can-bang-cho-da-chuyen-nghiep\/\",\"url\":\"https:\/\/skeyndorvietnam.vn\/san-pham\/expert-cleanse-pro-rebalancing-hydracomfort-mist-500-ml-xit-khoang-hydrat-hoa-can-bang-cho-da-chuyen-nghiep\/\",\"name\":\"EXPERT CLEANSE PRO REBALANCING HYDRACOMFORT MIST 500 ml. X\u1ecbt kho\u00e1ng hydrat h\u00f3a c\u00e2n b\u1eb1ng cho da chuy\u00ean nghi\u1ec7p - Skeyndor\",\"isPartOf\":{\"@id\":\"https:\/\/skeyndorvietnam.vn\/#website\"},\"datePublished\":\"2025-10-19T17:56:06+00:00\",\"dateModified\":\"2025-10-23T09:20:43+00:00\",\"breadcrumb\":{\"@id\":\"https:\/\/skeyndorvietnam.vn\/san-pham\/expert-cleanse-pro-rebalancing-hydracomfort-mist-500-ml-xit-khoang-hydrat-hoa-can-bang-cho-da-chuyen-nghiep\/#breadcrumb\"},\"inLanguage\":\"en-US\",\"potentialAction\":[{\"@type\":\"ReadAction\",\"target\":[\"https:\/\/skeyndorvietnam.vn\/san-pham\/expert-cleanse-pro-rebalancing-hydracomfort-mist-500-ml-xit-khoang-hydrat-hoa-can-bang-cho-da-chuyen-nghiep\/\"]}]},{\"@type\":\"BreadcrumbList\",\"@id\":\"https:\/\/skeyndorvietnam.vn\/san-pham\/expert-cleanse-pro-rebalancing-hydracomfort-mist-500-ml-xit-khoang-hydrat-hoa-can-bang-cho-da-chuyen-nghiep\/#breadcrumb\",\"itemListElement\":[{\"@type\":\"ListItem\",\"position\":1,\"name\":\"Home\",\"item\":\"https:\/\/skeyndorvietnam.vn\/\"},{\"@type\":\"ListItem\",\"position\":2,\"name\":\"S\u1ea3n ph\u1ea9m\",\"item\":\"https:\/\/skeyndorvietnam.vn\/shop\/\"},{\"@type\":\"ListItem\",\"position\":3,\"name\":\"EXPERT CLEANSE PRO REBALANCING HYDRACOMFORT MIST 500 ml. X\u1ecbt kho\u00e1ng hydrat h\u00f3a c\u00e2n b\u1eb1ng cho da chuy\u00ean nghi\u1ec7p\"}]},{\"@type\":\"WebSite\",\"@id\":\"https:\/\/skeyndorvietnam.vn\/#website\",\"url\":\"https:\/\/skeyndorvietnam.vn\/\",\"name\":\"Skeyndor\",\"description\":\"M\u1ef9 ph\u1ea9m cao c\u1ea5p t\u1eeb T\u00e2y Ban Nha - D\u01b0\u1ee1ng da chuy\u00ean s\u00e2u, an to\u00e0n &amp; hi\u1ec7u qu\u1ea3\",\"publisher\":{\"@id\":\"https:\/\/skeyndorvietnam.vn\/#organization\"},\"potentialAction\":[{\"@type\":\"SearchAction\",\"target\":{\"@type\":\"EntryPoint\",\"urlTemplate\":\"https:\/\/skeyndorvietnam.vn\/?s={search_term_string}\"},\"query-input\":\"required name=search_term_string\"}],\"inLanguage\":\"en-US\"},{\"@type\":\"Organization\",\"@id\":\"https:\/\/skeyndorvietnam.vn\/#organization\",\"name\":\"Skeyndor\",\"url\":\"https:\/\/skeyndorvietnam.vn\/\",\"logo\":{\"@type\":\"ImageObject\",\"inLanguage\":\"en-US\",\"@id\":\"https:\/\/skeyndorvietnam.vn\/#\/schema\/logo\/image\/\",\"url\":\"https:\/\/skeyndorvietnam.vn\/wp-content\/uploads\/2023\/10\/logo.png\",\"contentUrl\":\"https:\/\/skeyndorvietnam.vn\/wp-content\/uploads\/2023\/10\/logo.png\",\"width\":145,\"height\":43,\"caption\":\"Skeyndor\"},\"image\":{\"@id\":\"https:\/\/skeyndorvietnam.vn\/#\/schema\/logo\/image\/\"}}]}<\/script>\n<!-- \/ Yoast SEO Premium plugin. -->","yoast_head_json":{"title":"EXPERT CLEANSE PRO REBALANCING HYDRACOMFORT MIST 500 ml. X\u1ecbt kho\u00e1ng hydrat h\u00f3a c\u00e2n b\u1eb1ng cho da chuy\u00ean nghi\u1ec7p - Skeyndor","robots":{"index":"noindex","follow":"follow","max-snippet":"max-snippet:-1","max-image-preview":"max-image-preview:large","max-video-preview":"max-video-preview:-1"},"og_locale":"en_US","og_type":"article","og_title":"EXPERT CLEANSE PRO REBALANCING HYDRACOMFORT MIST 500 ml. X\u1ecbt kho\u00e1ng hydrat h\u00f3a c\u00e2n b\u1eb1ng cho da chuy\u00ean nghi\u1ec7p","og_description":"M\u1ed9t lo\u1ea1i s\u01b0\u01a1ng m\u00f9 nh\u1eb9 nh\u00e0ng \u0111\u01b0\u1ee3c t\u1ea1o ra \u0111\u1ec3 c\u00e2n b\u1eb1ng l\u1ea1i \u0111\u1ed9 pH c\u1ee7a da v\u00e0 ph\u1ee5c h\u1ed3i c\u00e1c kho\u00e1ng ch\u1ea5t cho da, mang l\u1ea1i c\u1ea3m gi\u00e1c s\u1ea3ng kho\u00e1i v\u00e0 h\u1ed3i sinh, ph\u1ee5c h\u1ed3i h\u1ec7 vi sinh v\u1eadt tr\u00ean da","og_url":"https:\/\/skeyndorvietnam.vn\/en\/product\/expert-cleanse-pro-rebalancing-hydracomfort-mist-500-ml-xit-khoang-hydrat-hoa-can-bang-cho-da-chuyen-nghiep\/","og_site_name":"Skeyndor","article_modified_time":"2025-10-23T09:20:43+00:00","og_image":[{"width":2560,"height":2560,"url":"https:\/\/skeyndorvietnam.vn\/wp-content\/uploads\/2025\/10\/SK20102340-scaled.png","type":"image\/png"}],"twitter_card":"summary_large_image","schema":{"@context":"https:\/\/schema.org","@graph":[{"@type":"WebPage","@id":"https:\/\/skeyndorvietnam.vn\/san-pham\/expert-cleanse-pro-rebalancing-hydracomfort-mist-500-ml-xit-khoang-hydrat-hoa-can-bang-cho-da-chuyen-nghiep\/","url":"https:\/\/skeyndorvietnam.vn\/san-pham\/expert-cleanse-pro-rebalancing-hydracomfort-mist-500-ml-xit-khoang-hydrat-hoa-can-bang-cho-da-chuyen-nghiep\/","name":"EXPERT CLEANSE PRO REBALANCING HYDRACOMFORT MIST 500 ml. X\u1ecbt kho\u00e1ng hydrat h\u00f3a c\u00e2n b\u1eb1ng cho da chuy\u00ean nghi\u1ec7p - Skeyndor","isPartOf":{"@id":"https:\/\/skeyndorvietnam.vn\/#website"},"datePublished":"2025-10-19T17:56:06+00:00","dateModified":"2025-10-23T09:20:43+00:00","breadcrumb":{"@id":"https:\/\/skeyndorvietnam.vn\/san-pham\/expert-cleanse-pro-rebalancing-hydracomfort-mist-500-ml-xit-khoang-hydrat-hoa-can-bang-cho-da-chuyen-nghiep\/#breadcrumb"},"inLanguage":"en-US","potentialAction":[{"@type":"ReadAction","target":["https:\/\/skeyndorvietnam.vn\/san-pham\/expert-cleanse-pro-rebalancing-hydracomfort-mist-500-ml-xit-khoang-hydrat-hoa-can-bang-cho-da-chuyen-nghiep\/"]}]},{"@type":"BreadcrumbList","@id":"https:\/\/skeyndorvietnam.vn\/san-pham\/expert-cleanse-pro-rebalancing-hydracomfort-mist-500-ml-xit-khoang-hydrat-hoa-can-bang-cho-da-chuyen-nghiep\/#breadcrumb","itemListElement":[{"@type":"ListItem","position":1,"name":"Home","item":"https:\/\/skeyndorvietnam.vn\/"},{"@type":"ListItem","position":2,"name":"S\u1ea3n ph\u1ea9m","item":"https:\/\/skeyndorvietnam.vn\/shop\/"},{"@type":"ListItem","position":3,"name":"EXPERT CLEANSE PRO REBALANCING HYDRACOMFORT MIST 500 ml. X\u1ecbt kho\u00e1ng hydrat h\u00f3a c\u00e2n b\u1eb1ng cho da chuy\u00ean nghi\u1ec7p"}]},{"@type":"WebSite","@id":"https:\/\/skeyndorvietnam.vn\/#website","url":"https:\/\/skeyndorvietnam.vn\/","name":"Skeyndor","description":"M\u1ef9 ph\u1ea9m cao c\u1ea5p t\u1eeb T\u00e2y Ban Nha - D\u01b0\u1ee1ng da chuy\u00ean s\u00e2u, an to\u00e0n &amp; hi\u1ec7u qu\u1ea3","publisher":{"@id":"https:\/\/skeyndorvietnam.vn\/#organization"},"potentialAction":[{"@type":"SearchAction","target":{"@type":"EntryPoint","urlTemplate":"https:\/\/skeyndorvietnam.vn\/?s={search_term_string}"},"query-input":"required name=search_term_string"}],"inLanguage":"en-US"},{"@type":"Organization","@id":"https:\/\/skeyndorvietnam.vn\/#organization","name":"Skeyndor","url":"https:\/\/skeyndorvietnam.vn\/","logo":{"@type":"ImageObject","inLanguage":"en-US","@id":"https:\/\/skeyndorvietnam.vn\/#\/schema\/logo\/image\/","url":"https:\/\/skeyndorvietnam.vn\/wp-content\/uploads\/2023\/10\/logo.png","contentUrl":"https:\/\/skeyndorvietnam.vn\/wp-content\/uploads\/2023\/10\/logo.png","width":145,"height":43,"caption":"Skeyndor"},"image":{"@id":"https:\/\/skeyndorvietnam.vn\/#\/schema\/logo\/image\/"}}]}},"_links":{"self":[{"href":"https:\/\/skeyndorvietnam.vn\/en\/wp-json\/wp\/v2\/product\/5662","targetHints":{"allow":["GET"]}}],"collection":[{"href":"https:\/\/skeyndorvietnam.vn\/en\/wp-json\/wp\/v2\/product"}],"about":[{"href":"https:\/\/skeyndorvietnam.vn\/en\/wp-json\/wp\/v2\/types\/product"}],"replies":[{"embeddable":true,"href":"https:\/\/skeyndorvietnam.vn\/en\/wp-json\/wp\/v2\/comments?post=5662"}],"version-history":[{"count":0,"href":"https:\/\/skeyndorvietnam.vn\/en\/wp-json\/wp\/v2\/product\/5662\/revisions"}],"wp:featuredmedia":[{"embeddable":true,"href":"https:\/\/skeyndorvietnam.vn\/en\/wp-json\/wp\/v2\/media\/5664"}],"wp:attachment":[{"href":"https:\/\/skeyndorvietnam.vn\/en\/wp-json\/wp\/v2\/media?parent=5662"}],"wp:term":[{"taxonomy":"product_brand","embeddable":true,"href":"https:\/\/skeyndorvietnam.vn\/en\/wp-json\/wp\/v2\/product_brand?post=5662"},{"taxonomy":"product_cat","embeddable":true,"href":"https:\/\/skeyndorvietnam.vn\/en\/wp-json\/wp\/v2\/product_cat?post=5662"},{"taxonomy":"product_tag","embeddable":true,"href":"https:\/\/skeyndorvietnam.vn\/en\/wp-json\/wp\/v2\/product_tag?post=5662"}],"curies":[{"name":"wp","href":"https:\/\/api.w.org\/{rel}","templated":true}]}}