{"id":5604,"date":"2025-10-20T00:11:41","date_gmt":"2025-10-19T17:11:41","guid":{"rendered":"https:\/\/skeyndor.123websitedev.com\/san-pham\/aquatherm-thermal-concentrate-water-pro-250-ml-xit-khoang-dong-chuyen-nghiep-pro\/"},"modified":"2025-10-23T16:20:56","modified_gmt":"2025-10-23T09:20:56","slug":"aquatherm-thermal-concentrate-water-pro-250-ml-xit-khoang-dong-chuyen-nghiep-pro","status":"publish","type":"product","link":"https:\/\/skeyndorvietnam.vn\/en\/product\/aquatherm-thermal-concentrate-water-pro-250-ml-xit-khoang-dong-chuyen-nghiep-pro\/","title":{"rendered":"AQUATHERM THERMAL CONCENTRATE WATER PRO 250 ml\n ( X\u1ecbt kho\u00e1ng d\u00f2ng chuy\u00ean nghi\u1ec7p Pro)"},"content":{"rendered":"","protected":false},"excerpt":{"rendered":"<p>X\u1ecbt kho\u00e1ng, l\u00e0m d\u1ecbu, gi\u1ea3m \u0111\u1ecf, c\u1ea5p \u1ea9m cho m\u1ecdi lo\u1ea1i da<\/p>","protected":false},"featured_media":5606,"comment_status":"open","ping_status":"open","template":"","meta":[],"product_brand":[],"product_cat":[96],"product_tag":[],"class_list":{"0":"post-5604","1":"product","2":"type-product","3":"status-publish","4":"has-post-thumbnail","6":"product_cat-dong-cham-soc-phuc-hoi-nuoi-duong","7":"pa_dung-tich-250-ml","8":"pa_loai-da-moi-loai-da-dac-biet-da-nhay-cam","11":"instock","12":"purchasable","13":"product-type-simple","14":"product-grid-view"},"yoast_head":"<!-- This site is optimized with the Yoast SEO Premium plugin v20.9 (Yoast SEO v20.9) - https:\/\/yoast.com\/wordpress\/plugins\/seo\/ -->\n<title>AQUATHERM THERMAL CONCENTRATE WATER PRO 250 ml ( X\u1ecbt kho\u00e1ng d\u00f2ng chuy\u00ean nghi\u1ec7p Pro) - Skeyndor<\/title>\n<meta name=\"robots\" content=\"noindex, follow, max-snippet:-1, max-image-preview:large, max-video-preview:-1\" \/>\n<meta property=\"og:locale\" content=\"en_US\" \/>\n<meta property=\"og:type\" content=\"article\" \/>\n<meta property=\"og:title\" content=\"AQUATHERM THERMAL CONCENTRATE WATER PRO 250 ml ( X\u1ecbt kho\u00e1ng d\u00f2ng chuy\u00ean nghi\u1ec7p Pro)\" \/>\n<meta property=\"og:description\" content=\"X\u1ecbt kho\u00e1ng, l\u00e0m d\u1ecbu, gi\u1ea3m \u0111\u1ecf, c\u1ea5p \u1ea9m cho m\u1ecdi lo\u1ea1i da\" \/>\n<meta property=\"og:url\" content=\"https:\/\/skeyndorvietnam.vn\/en\/product\/aquatherm-thermal-concentrate-water-pro-250-ml-xit-khoang-dong-chuyen-nghiep-pro\/\" \/>\n<meta property=\"og:site_name\" content=\"Skeyndor\" \/>\n<meta property=\"article:modified_time\" content=\"2025-10-23T09:20:56+00:00\" \/>\n<meta property=\"og:image\" content=\"https:\/\/skeyndorvietnam.vn\/wp-content\/uploads\/2025\/10\/SK66722925-scaled.png\" \/>\n\t<meta property=\"og:image:width\" content=\"2560\" \/>\n\t<meta property=\"og:image:height\" content=\"2560\" \/>\n\t<meta property=\"og:image:type\" content=\"image\/png\" \/>\n<meta name=\"twitter:card\" content=\"summary_large_image\" \/>\n<script type=\"application\/ld+json\" class=\"yoast-schema-graph\">{\"@context\":\"https:\/\/schema.org\",\"@graph\":[{\"@type\":\"WebPage\",\"@id\":\"https:\/\/skeyndorvietnam.vn\/san-pham\/aquatherm-thermal-concentrate-water-pro-250-ml-xit-khoang-dong-chuyen-nghiep-pro\/\",\"url\":\"https:\/\/skeyndorvietnam.vn\/san-pham\/aquatherm-thermal-concentrate-water-pro-250-ml-xit-khoang-dong-chuyen-nghiep-pro\/\",\"name\":\"AQUATHERM THERMAL CONCENTRATE WATER PRO 250 ml ( X\u1ecbt kho\u00e1ng d\u00f2ng chuy\u00ean nghi\u1ec7p Pro) - Skeyndor\",\"isPartOf\":{\"@id\":\"https:\/\/skeyndorvietnam.vn\/#website\"},\"datePublished\":\"2025-10-19T17:11:41+00:00\",\"dateModified\":\"2025-10-23T09:20:56+00:00\",\"breadcrumb\":{\"@id\":\"https:\/\/skeyndorvietnam.vn\/san-pham\/aquatherm-thermal-concentrate-water-pro-250-ml-xit-khoang-dong-chuyen-nghiep-pro\/#breadcrumb\"},\"inLanguage\":\"en-US\",\"potentialAction\":[{\"@type\":\"ReadAction\",\"target\":[\"https:\/\/skeyndorvietnam.vn\/san-pham\/aquatherm-thermal-concentrate-water-pro-250-ml-xit-khoang-dong-chuyen-nghiep-pro\/\"]}]},{\"@type\":\"BreadcrumbList\",\"@id\":\"https:\/\/skeyndorvietnam.vn\/san-pham\/aquatherm-thermal-concentrate-water-pro-250-ml-xit-khoang-dong-chuyen-nghiep-pro\/#breadcrumb\",\"itemListElement\":[{\"@type\":\"ListItem\",\"position\":1,\"name\":\"Home\",\"item\":\"https:\/\/skeyndorvietnam.vn\/\"},{\"@type\":\"ListItem\",\"position\":2,\"name\":\"S\u1ea3n ph\u1ea9m\",\"item\":\"https:\/\/skeyndorvietnam.vn\/shop\/\"},{\"@type\":\"ListItem\",\"position\":3,\"name\":\"AQUATHERM THERMAL CONCENTRATE WATER PRO 250 ml ( X\u1ecbt kho\u00e1ng d\u00f2ng chuy\u00ean nghi\u1ec7p Pro)\"}]},{\"@type\":\"WebSite\",\"@id\":\"https:\/\/skeyndorvietnam.vn\/#website\",\"url\":\"https:\/\/skeyndorvietnam.vn\/\",\"name\":\"Skeyndor\",\"description\":\"M\u1ef9 ph\u1ea9m cao c\u1ea5p t\u1eeb T\u00e2y Ban Nha - D\u01b0\u1ee1ng da chuy\u00ean s\u00e2u, an to\u00e0n &amp; hi\u1ec7u qu\u1ea3\",\"publisher\":{\"@id\":\"https:\/\/skeyndorvietnam.vn\/#organization\"},\"potentialAction\":[{\"@type\":\"SearchAction\",\"target\":{\"@type\":\"EntryPoint\",\"urlTemplate\":\"https:\/\/skeyndorvietnam.vn\/?s={search_term_string}\"},\"query-input\":\"required name=search_term_string\"}],\"inLanguage\":\"en-US\"},{\"@type\":\"Organization\",\"@id\":\"https:\/\/skeyndorvietnam.vn\/#organization\",\"name\":\"Skeyndor\",\"url\":\"https:\/\/skeyndorvietnam.vn\/\",\"logo\":{\"@type\":\"ImageObject\",\"inLanguage\":\"en-US\",\"@id\":\"https:\/\/skeyndorvietnam.vn\/#\/schema\/logo\/image\/\",\"url\":\"https:\/\/skeyndorvietnam.vn\/wp-content\/uploads\/2023\/10\/logo.png\",\"contentUrl\":\"https:\/\/skeyndorvietnam.vn\/wp-content\/uploads\/2023\/10\/logo.png\",\"width\":145,\"height\":43,\"caption\":\"Skeyndor\"},\"image\":{\"@id\":\"https:\/\/skeyndorvietnam.vn\/#\/schema\/logo\/image\/\"}}]}<\/script>\n<!-- \/ Yoast SEO Premium plugin. -->","yoast_head_json":{"title":"AQUATHERM THERMAL CONCENTRATE WATER PRO 250 ml ( X\u1ecbt kho\u00e1ng d\u00f2ng chuy\u00ean nghi\u1ec7p Pro) - Skeyndor","robots":{"index":"noindex","follow":"follow","max-snippet":"max-snippet:-1","max-image-preview":"max-image-preview:large","max-video-preview":"max-video-preview:-1"},"og_locale":"en_US","og_type":"article","og_title":"AQUATHERM THERMAL CONCENTRATE WATER PRO 250 ml ( X\u1ecbt kho\u00e1ng d\u00f2ng chuy\u00ean nghi\u1ec7p Pro)","og_description":"X\u1ecbt kho\u00e1ng, l\u00e0m d\u1ecbu, gi\u1ea3m \u0111\u1ecf, c\u1ea5p \u1ea9m cho m\u1ecdi lo\u1ea1i da","og_url":"https:\/\/skeyndorvietnam.vn\/en\/product\/aquatherm-thermal-concentrate-water-pro-250-ml-xit-khoang-dong-chuyen-nghiep-pro\/","og_site_name":"Skeyndor","article_modified_time":"2025-10-23T09:20:56+00:00","og_image":[{"width":2560,"height":2560,"url":"https:\/\/skeyndorvietnam.vn\/wp-content\/uploads\/2025\/10\/SK66722925-scaled.png","type":"image\/png"}],"twitter_card":"summary_large_image","schema":{"@context":"https:\/\/schema.org","@graph":[{"@type":"WebPage","@id":"https:\/\/skeyndorvietnam.vn\/san-pham\/aquatherm-thermal-concentrate-water-pro-250-ml-xit-khoang-dong-chuyen-nghiep-pro\/","url":"https:\/\/skeyndorvietnam.vn\/san-pham\/aquatherm-thermal-concentrate-water-pro-250-ml-xit-khoang-dong-chuyen-nghiep-pro\/","name":"AQUATHERM THERMAL CONCENTRATE WATER PRO 250 ml ( X\u1ecbt kho\u00e1ng d\u00f2ng chuy\u00ean nghi\u1ec7p Pro) - Skeyndor","isPartOf":{"@id":"https:\/\/skeyndorvietnam.vn\/#website"},"datePublished":"2025-10-19T17:11:41+00:00","dateModified":"2025-10-23T09:20:56+00:00","breadcrumb":{"@id":"https:\/\/skeyndorvietnam.vn\/san-pham\/aquatherm-thermal-concentrate-water-pro-250-ml-xit-khoang-dong-chuyen-nghiep-pro\/#breadcrumb"},"inLanguage":"en-US","potentialAction":[{"@type":"ReadAction","target":["https:\/\/skeyndorvietnam.vn\/san-pham\/aquatherm-thermal-concentrate-water-pro-250-ml-xit-khoang-dong-chuyen-nghiep-pro\/"]}]},{"@type":"BreadcrumbList","@id":"https:\/\/skeyndorvietnam.vn\/san-pham\/aquatherm-thermal-concentrate-water-pro-250-ml-xit-khoang-dong-chuyen-nghiep-pro\/#breadcrumb","itemListElement":[{"@type":"ListItem","position":1,"name":"Home","item":"https:\/\/skeyndorvietnam.vn\/"},{"@type":"ListItem","position":2,"name":"S\u1ea3n ph\u1ea9m","item":"https:\/\/skeyndorvietnam.vn\/shop\/"},{"@type":"ListItem","position":3,"name":"AQUATHERM THERMAL CONCENTRATE WATER PRO 250 ml ( X\u1ecbt kho\u00e1ng d\u00f2ng chuy\u00ean nghi\u1ec7p Pro)"}]},{"@type":"WebSite","@id":"https:\/\/skeyndorvietnam.vn\/#website","url":"https:\/\/skeyndorvietnam.vn\/","name":"Skeyndor","description":"M\u1ef9 ph\u1ea9m cao c\u1ea5p t\u1eeb T\u00e2y Ban Nha - D\u01b0\u1ee1ng da chuy\u00ean s\u00e2u, an to\u00e0n &amp; hi\u1ec7u qu\u1ea3","publisher":{"@id":"https:\/\/skeyndorvietnam.vn\/#organization"},"potentialAction":[{"@type":"SearchAction","target":{"@type":"EntryPoint","urlTemplate":"https:\/\/skeyndorvietnam.vn\/?s={search_term_string}"},"query-input":"required name=search_term_string"}],"inLanguage":"en-US"},{"@type":"Organization","@id":"https:\/\/skeyndorvietnam.vn\/#organization","name":"Skeyndor","url":"https:\/\/skeyndorvietnam.vn\/","logo":{"@type":"ImageObject","inLanguage":"en-US","@id":"https:\/\/skeyndorvietnam.vn\/#\/schema\/logo\/image\/","url":"https:\/\/skeyndorvietnam.vn\/wp-content\/uploads\/2023\/10\/logo.png","contentUrl":"https:\/\/skeyndorvietnam.vn\/wp-content\/uploads\/2023\/10\/logo.png","width":145,"height":43,"caption":"Skeyndor"},"image":{"@id":"https:\/\/skeyndorvietnam.vn\/#\/schema\/logo\/image\/"}}]}},"_links":{"self":[{"href":"https:\/\/skeyndorvietnam.vn\/en\/wp-json\/wp\/v2\/product\/5604","targetHints":{"allow":["GET"]}}],"collection":[{"href":"https:\/\/skeyndorvietnam.vn\/en\/wp-json\/wp\/v2\/product"}],"about":[{"href":"https:\/\/skeyndorvietnam.vn\/en\/wp-json\/wp\/v2\/types\/product"}],"replies":[{"embeddable":true,"href":"https:\/\/skeyndorvietnam.vn\/en\/wp-json\/wp\/v2\/comments?post=5604"}],"version-history":[{"count":0,"href":"https:\/\/skeyndorvietnam.vn\/en\/wp-json\/wp\/v2\/product\/5604\/revisions"}],"wp:featuredmedia":[{"embeddable":true,"href":"https:\/\/skeyndorvietnam.vn\/en\/wp-json\/wp\/v2\/media\/5606"}],"wp:attachment":[{"href":"https:\/\/skeyndorvietnam.vn\/en\/wp-json\/wp\/v2\/media?parent=5604"}],"wp:term":[{"taxonomy":"product_brand","embeddable":true,"href":"https:\/\/skeyndorvietnam.vn\/en\/wp-json\/wp\/v2\/product_brand?post=5604"},{"taxonomy":"product_cat","embeddable":true,"href":"https:\/\/skeyndorvietnam.vn\/en\/wp-json\/wp\/v2\/product_cat?post=5604"},{"taxonomy":"product_tag","embeddable":true,"href":"https:\/\/skeyndorvietnam.vn\/en\/wp-json\/wp\/v2\/product_tag?post=5604"}],"curies":[{"name":"wp","href":"https:\/\/api.w.org\/{rel}","templated":true}]}}