{"id":5580,"date":"2025-10-20T00:11:41","date_gmt":"2025-10-19T17:11:41","guid":{"rendered":"https:\/\/skeyndor.123websitedev.com\/san-pham\/energizing-emulsion-combination-to-oily-skins-50ml-sua-duong-tai-tao-lam-deu-mau-da-thuong-den-kho\/"},"modified":"2025-10-31T14:44:11","modified_gmt":"2025-10-31T07:44:11","slug":"energizing-emulsion-combination-to-oily-skins-50ml-sua-duong-tai-tao-lam-deu-mau-da-thuong-den-kho","status":"publish","type":"product","link":"https:\/\/skeyndorvietnam.vn\/en\/product\/energizing-emulsion-combination-to-oily-skins-50ml-sua-duong-tai-tao-lam-deu-mau-da-thuong-den-kho\/","title":{"rendered":"ENERGIZING EMULSION.Combination to oily skins.(50ml) s\u1eefa d\u01b0\u1ee1ng t\u00e1i t\u1ea1o, l\u00e0m \u0111\u1ec1u m\u00e0u da th\u01b0\u1eddng \u0111\u1ebfn kh\u00f4"},"content":{"rendered":"","protected":false},"excerpt":{"rendered":"<p>ch\u1ed1ng oxy h\u00f3a , ch\u1ed1ng g\u1ed1c t\u1ef1 do , l\u00e0m s\u00e1ng v\u00e0 \u0111\u1ed3ng \u0111\u1ec1u m\u00e0u da . S\u1ef1 k\u1ebft h\u1ee3p gi\u1eefa l\u1ef1u v\u00e0 Vitamin C cho hi\u1ec7u \u1ee9ng t\u1ecfa s\u00e1ng , r\u1ea1ng r\u1ee1<\/p>","protected":false},"featured_media":5582,"comment_status":"open","ping_status":"closed","template":"","meta":[],"product_brand":[],"product_cat":[93,92],"product_tag":[],"class_list":{"0":"post-5580","1":"product","2":"type-product","3":"status-publish","4":"has-post-thumbnail","6":"product_cat-dong-chong-oxy-hoa","7":"product_cat-dong-lam-sang","8":"pa_dung-tich-50-ml","9":"pa_loai-da-da-dau-da-hon-hop","12":"instock","13":"purchasable","14":"product-type-simple","15":"product-grid-view"},"yoast_head":"<!-- This site is optimized with the Yoast SEO Premium plugin v20.9 (Yoast SEO v20.9) - https:\/\/yoast.com\/wordpress\/plugins\/seo\/ -->\n<title>ENERGIZING EMULSION.Combination to oily skins.(50ml) s\u1eefa d\u01b0\u1ee1ng t\u00e1i t\u1ea1o, l\u00e0m \u0111\u1ec1u m\u00e0u da th\u01b0\u1eddng \u0111\u1ebfn kh\u00f4 - Skeyndor<\/title>\n<meta name=\"robots\" content=\"noindex, follow, max-snippet:-1, max-image-preview:large, max-video-preview:-1\" \/>\n<meta property=\"og:locale\" content=\"en_US\" \/>\n<meta property=\"og:type\" content=\"article\" \/>\n<meta property=\"og:title\" content=\"ENERGIZING EMULSION.Combination to oily skins.(50ml) s\u1eefa d\u01b0\u1ee1ng t\u00e1i t\u1ea1o, l\u00e0m \u0111\u1ec1u m\u00e0u da th\u01b0\u1eddng \u0111\u1ebfn kh\u00f4\" \/>\n<meta property=\"og:description\" content=\"ch\u1ed1ng oxy h\u00f3a , ch\u1ed1ng g\u1ed1c t\u1ef1 do , l\u00e0m s\u00e1ng v\u00e0 \u0111\u1ed3ng \u0111\u1ec1u m\u00e0u da . S\u1ef1 k\u1ebft h\u1ee3p gi\u1eefa l\u1ef1u v\u00e0 Vitamin C cho hi\u1ec7u \u1ee9ng t\u1ecfa s\u00e1ng , r\u1ea1ng r\u1ee1\" \/>\n<meta property=\"og:url\" content=\"https:\/\/skeyndorvietnam.vn\/en\/product\/energizing-emulsion-combination-to-oily-skins-50ml-sua-duong-tai-tao-lam-deu-mau-da-thuong-den-kho\/\" \/>\n<meta property=\"og:site_name\" content=\"Skeyndor\" \/>\n<meta property=\"article:modified_time\" content=\"2025-10-31T07:44:11+00:00\" \/>\n<meta property=\"og:image\" content=\"https:\/\/skeyndorvietnam.vn\/wp-content\/uploads\/2025\/10\/SK54521108.png\" \/>\n\t<meta property=\"og:image:width\" content=\"1200\" \/>\n\t<meta property=\"og:image:height\" content=\"1200\" \/>\n\t<meta property=\"og:image:type\" content=\"image\/png\" \/>\n<meta name=\"twitter:card\" content=\"summary_large_image\" \/>\n<script type=\"application\/ld+json\" class=\"yoast-schema-graph\">{\"@context\":\"https:\/\/schema.org\",\"@graph\":[{\"@type\":\"WebPage\",\"@id\":\"https:\/\/skeyndorvietnam.vn\/san-pham\/energizing-emulsion-combination-to-oily-skins-50ml-sua-duong-tai-tao-lam-deu-mau-da-thuong-den-kho\/\",\"url\":\"https:\/\/skeyndorvietnam.vn\/san-pham\/energizing-emulsion-combination-to-oily-skins-50ml-sua-duong-tai-tao-lam-deu-mau-da-thuong-den-kho\/\",\"name\":\"ENERGIZING EMULSION.Combination to oily skins.(50ml) s\u1eefa d\u01b0\u1ee1ng t\u00e1i t\u1ea1o, l\u00e0m \u0111\u1ec1u m\u00e0u da th\u01b0\u1eddng \u0111\u1ebfn kh\u00f4 - Skeyndor\",\"isPartOf\":{\"@id\":\"https:\/\/skeyndorvietnam.vn\/#website\"},\"datePublished\":\"2025-10-19T17:11:41+00:00\",\"dateModified\":\"2025-10-31T07:44:11+00:00\",\"breadcrumb\":{\"@id\":\"https:\/\/skeyndorvietnam.vn\/san-pham\/energizing-emulsion-combination-to-oily-skins-50ml-sua-duong-tai-tao-lam-deu-mau-da-thuong-den-kho\/#breadcrumb\"},\"inLanguage\":\"en-US\",\"potentialAction\":[{\"@type\":\"ReadAction\",\"target\":[\"https:\/\/skeyndorvietnam.vn\/san-pham\/energizing-emulsion-combination-to-oily-skins-50ml-sua-duong-tai-tao-lam-deu-mau-da-thuong-den-kho\/\"]}]},{\"@type\":\"BreadcrumbList\",\"@id\":\"https:\/\/skeyndorvietnam.vn\/san-pham\/energizing-emulsion-combination-to-oily-skins-50ml-sua-duong-tai-tao-lam-deu-mau-da-thuong-den-kho\/#breadcrumb\",\"itemListElement\":[{\"@type\":\"ListItem\",\"position\":1,\"name\":\"Home\",\"item\":\"https:\/\/skeyndorvietnam.vn\/\"},{\"@type\":\"ListItem\",\"position\":2,\"name\":\"S\u1ea3n ph\u1ea9m\",\"item\":\"https:\/\/skeyndorvietnam.vn\/shop\/\"},{\"@type\":\"ListItem\",\"position\":3,\"name\":\"ENERGIZING EMULSION.Combination to oily skins.(50ml) s\u1eefa d\u01b0\u1ee1ng t\u00e1i t\u1ea1o, l\u00e0m \u0111\u1ec1u m\u00e0u da th\u01b0\u1eddng \u0111\u1ebfn kh\u00f4\"}]},{\"@type\":\"WebSite\",\"@id\":\"https:\/\/skeyndorvietnam.vn\/#website\",\"url\":\"https:\/\/skeyndorvietnam.vn\/\",\"name\":\"Skeyndor\",\"description\":\"M\u1ef9 ph\u1ea9m cao c\u1ea5p t\u1eeb T\u00e2y Ban Nha - D\u01b0\u1ee1ng da chuy\u00ean s\u00e2u, an to\u00e0n &amp; hi\u1ec7u qu\u1ea3\",\"publisher\":{\"@id\":\"https:\/\/skeyndorvietnam.vn\/#organization\"},\"potentialAction\":[{\"@type\":\"SearchAction\",\"target\":{\"@type\":\"EntryPoint\",\"urlTemplate\":\"https:\/\/skeyndorvietnam.vn\/?s={search_term_string}\"},\"query-input\":\"required name=search_term_string\"}],\"inLanguage\":\"en-US\"},{\"@type\":\"Organization\",\"@id\":\"https:\/\/skeyndorvietnam.vn\/#organization\",\"name\":\"Skeyndor\",\"url\":\"https:\/\/skeyndorvietnam.vn\/\",\"logo\":{\"@type\":\"ImageObject\",\"inLanguage\":\"en-US\",\"@id\":\"https:\/\/skeyndorvietnam.vn\/#\/schema\/logo\/image\/\",\"url\":\"https:\/\/skeyndorvietnam.vn\/wp-content\/uploads\/2023\/10\/logo.png\",\"contentUrl\":\"https:\/\/skeyndorvietnam.vn\/wp-content\/uploads\/2023\/10\/logo.png\",\"width\":145,\"height\":43,\"caption\":\"Skeyndor\"},\"image\":{\"@id\":\"https:\/\/skeyndorvietnam.vn\/#\/schema\/logo\/image\/\"}}]}<\/script>\n<!-- \/ Yoast SEO Premium plugin. -->","yoast_head_json":{"title":"ENERGIZING EMULSION.Combination to oily skins.(50ml) s\u1eefa d\u01b0\u1ee1ng t\u00e1i t\u1ea1o, l\u00e0m \u0111\u1ec1u m\u00e0u da th\u01b0\u1eddng \u0111\u1ebfn kh\u00f4 - Skeyndor","robots":{"index":"noindex","follow":"follow","max-snippet":"max-snippet:-1","max-image-preview":"max-image-preview:large","max-video-preview":"max-video-preview:-1"},"og_locale":"en_US","og_type":"article","og_title":"ENERGIZING EMULSION.Combination to oily skins.(50ml) s\u1eefa d\u01b0\u1ee1ng t\u00e1i t\u1ea1o, l\u00e0m \u0111\u1ec1u m\u00e0u da th\u01b0\u1eddng \u0111\u1ebfn kh\u00f4","og_description":"ch\u1ed1ng oxy h\u00f3a , ch\u1ed1ng g\u1ed1c t\u1ef1 do , l\u00e0m s\u00e1ng v\u00e0 \u0111\u1ed3ng \u0111\u1ec1u m\u00e0u da . S\u1ef1 k\u1ebft h\u1ee3p gi\u1eefa l\u1ef1u v\u00e0 Vitamin C cho hi\u1ec7u \u1ee9ng t\u1ecfa s\u00e1ng , r\u1ea1ng r\u1ee1","og_url":"https:\/\/skeyndorvietnam.vn\/en\/product\/energizing-emulsion-combination-to-oily-skins-50ml-sua-duong-tai-tao-lam-deu-mau-da-thuong-den-kho\/","og_site_name":"Skeyndor","article_modified_time":"2025-10-31T07:44:11+00:00","og_image":[{"width":1200,"height":1200,"url":"https:\/\/skeyndorvietnam.vn\/wp-content\/uploads\/2025\/10\/SK54521108.png","type":"image\/png"}],"twitter_card":"summary_large_image","schema":{"@context":"https:\/\/schema.org","@graph":[{"@type":"WebPage","@id":"https:\/\/skeyndorvietnam.vn\/san-pham\/energizing-emulsion-combination-to-oily-skins-50ml-sua-duong-tai-tao-lam-deu-mau-da-thuong-den-kho\/","url":"https:\/\/skeyndorvietnam.vn\/san-pham\/energizing-emulsion-combination-to-oily-skins-50ml-sua-duong-tai-tao-lam-deu-mau-da-thuong-den-kho\/","name":"ENERGIZING EMULSION.Combination to oily skins.(50ml) s\u1eefa d\u01b0\u1ee1ng t\u00e1i t\u1ea1o, l\u00e0m \u0111\u1ec1u m\u00e0u da th\u01b0\u1eddng \u0111\u1ebfn kh\u00f4 - Skeyndor","isPartOf":{"@id":"https:\/\/skeyndorvietnam.vn\/#website"},"datePublished":"2025-10-19T17:11:41+00:00","dateModified":"2025-10-31T07:44:11+00:00","breadcrumb":{"@id":"https:\/\/skeyndorvietnam.vn\/san-pham\/energizing-emulsion-combination-to-oily-skins-50ml-sua-duong-tai-tao-lam-deu-mau-da-thuong-den-kho\/#breadcrumb"},"inLanguage":"en-US","potentialAction":[{"@type":"ReadAction","target":["https:\/\/skeyndorvietnam.vn\/san-pham\/energizing-emulsion-combination-to-oily-skins-50ml-sua-duong-tai-tao-lam-deu-mau-da-thuong-den-kho\/"]}]},{"@type":"BreadcrumbList","@id":"https:\/\/skeyndorvietnam.vn\/san-pham\/energizing-emulsion-combination-to-oily-skins-50ml-sua-duong-tai-tao-lam-deu-mau-da-thuong-den-kho\/#breadcrumb","itemListElement":[{"@type":"ListItem","position":1,"name":"Home","item":"https:\/\/skeyndorvietnam.vn\/"},{"@type":"ListItem","position":2,"name":"S\u1ea3n ph\u1ea9m","item":"https:\/\/skeyndorvietnam.vn\/shop\/"},{"@type":"ListItem","position":3,"name":"ENERGIZING EMULSION.Combination to oily skins.(50ml) s\u1eefa d\u01b0\u1ee1ng t\u00e1i t\u1ea1o, l\u00e0m \u0111\u1ec1u m\u00e0u da th\u01b0\u1eddng \u0111\u1ebfn kh\u00f4"}]},{"@type":"WebSite","@id":"https:\/\/skeyndorvietnam.vn\/#website","url":"https:\/\/skeyndorvietnam.vn\/","name":"Skeyndor","description":"M\u1ef9 ph\u1ea9m cao c\u1ea5p t\u1eeb T\u00e2y Ban Nha - D\u01b0\u1ee1ng da chuy\u00ean s\u00e2u, an to\u00e0n &amp; hi\u1ec7u qu\u1ea3","publisher":{"@id":"https:\/\/skeyndorvietnam.vn\/#organization"},"potentialAction":[{"@type":"SearchAction","target":{"@type":"EntryPoint","urlTemplate":"https:\/\/skeyndorvietnam.vn\/?s={search_term_string}"},"query-input":"required name=search_term_string"}],"inLanguage":"en-US"},{"@type":"Organization","@id":"https:\/\/skeyndorvietnam.vn\/#organization","name":"Skeyndor","url":"https:\/\/skeyndorvietnam.vn\/","logo":{"@type":"ImageObject","inLanguage":"en-US","@id":"https:\/\/skeyndorvietnam.vn\/#\/schema\/logo\/image\/","url":"https:\/\/skeyndorvietnam.vn\/wp-content\/uploads\/2023\/10\/logo.png","contentUrl":"https:\/\/skeyndorvietnam.vn\/wp-content\/uploads\/2023\/10\/logo.png","width":145,"height":43,"caption":"Skeyndor"},"image":{"@id":"https:\/\/skeyndorvietnam.vn\/#\/schema\/logo\/image\/"}}]}},"_links":{"self":[{"href":"https:\/\/skeyndorvietnam.vn\/en\/wp-json\/wp\/v2\/product\/5580","targetHints":{"allow":["GET"]}}],"collection":[{"href":"https:\/\/skeyndorvietnam.vn\/en\/wp-json\/wp\/v2\/product"}],"about":[{"href":"https:\/\/skeyndorvietnam.vn\/en\/wp-json\/wp\/v2\/types\/product"}],"replies":[{"embeddable":true,"href":"https:\/\/skeyndorvietnam.vn\/en\/wp-json\/wp\/v2\/comments?post=5580"}],"version-history":[{"count":0,"href":"https:\/\/skeyndorvietnam.vn\/en\/wp-json\/wp\/v2\/product\/5580\/revisions"}],"wp:featuredmedia":[{"embeddable":true,"href":"https:\/\/skeyndorvietnam.vn\/en\/wp-json\/wp\/v2\/media\/5582"}],"wp:attachment":[{"href":"https:\/\/skeyndorvietnam.vn\/en\/wp-json\/wp\/v2\/media?parent=5580"}],"wp:term":[{"taxonomy":"product_brand","embeddable":true,"href":"https:\/\/skeyndorvietnam.vn\/en\/wp-json\/wp\/v2\/product_brand?post=5580"},{"taxonomy":"product_cat","embeddable":true,"href":"https:\/\/skeyndorvietnam.vn\/en\/wp-json\/wp\/v2\/product_cat?post=5580"},{"taxonomy":"product_tag","embeddable":true,"href":"https:\/\/skeyndorvietnam.vn\/en\/wp-json\/wp\/v2\/product_tag?post=5580"}],"curies":[{"name":"wp","href":"https:\/\/api.w.org\/{rel}","templated":true}]}}