{"id":5573,"date":"2025-10-20T00:11:41","date_gmt":"2025-10-19T17:11:41","guid":{"rendered":"https:\/\/skeyndor.123websitedev.com\/san-pham\/power-hyaluronic-intense-hydrating-mask-50-ml-mat-na-cap-am-cho-da\/"},"modified":"2025-10-23T16:20:52","modified_gmt":"2025-10-23T09:20:52","slug":"power-hyaluronic-intense-hydrating-mask-50-ml-mat-na-cap-am-cho-da","status":"publish","type":"product","link":"https:\/\/skeyndorvietnam.vn\/en\/product\/power-hyaluronic-intense-hydrating-mask-50-ml-mat-na-cap-am-cho-da\/","title":{"rendered":"POWER HYALURONIC INTENSE HYDRATING MASK 50 ml\n M\u1eb7t n\u1ea1 c\u1ea5p \u1ea9m cho da"},"content":{"rendered":"","protected":false},"excerpt":{"rendered":"<p>C\u00f3 t\u00e1c d\u1ee5ng d\u01b0\u1ee1ng \u1ea9m s\u00e2u mang l\u1ea1i l\u00e0n da ng\u1eadm n\u01b0\u1edbc h\u01a1n v\u00e0 t\u01b0\u01a1i tr\u1ebb m\u1ecbn m\u00e0ng h\u01a1n. Ngo\u00e0i ra v\u1edbi c\u00f4ng th\u1ee9c \u0111\u1ed9c \u0111\u00e1o ch\u1ee9a nhi\u1ec1u y\u1ebfu t\u1ed1 t\u00e1i t\u1ea1o b\u1ed5 sung c\u00e1c kho\u00e1ng ch\u1ea5t thi\u1ebft y\u1ebfu cho l\u00e0n da c\u1ee7a b\u1ea1n \u0111\u01b0\u1ee3c h\u1ed3i sinh v\u00e0 s\u00e1ng m\u1ecbn.<\/p>","protected":false},"featured_media":5575,"comment_status":"open","ping_status":"open","template":"","meta":[],"product_brand":[],"product_cat":[85,86,87],"product_tag":[],"class_list":{"0":"post-5573","1":"product","2":"type-product","3":"status-publish","4":"has-post-thumbnail","6":"product_cat-dong-cap-am","7":"product_cat-dong-cap-nuoc","8":"product_cat-dong-chong-lao-hoa","9":"pa_dung-tich-50-ml","10":"pa_loai-da-moi-loai-da","13":"instock","14":"purchasable","15":"product-type-simple","16":"product-grid-view"},"yoast_head":"<!-- This site is optimized with the Yoast SEO Premium plugin v20.9 (Yoast SEO v20.9) - https:\/\/yoast.com\/wordpress\/plugins\/seo\/ -->\n<title>POWER HYALURONIC INTENSE HYDRATING MASK 50 ml M\u1eb7t n\u1ea1 c\u1ea5p \u1ea9m cho da - Skeyndor<\/title>\n<meta name=\"robots\" content=\"noindex, follow, max-snippet:-1, max-image-preview:large, max-video-preview:-1\" \/>\n<meta property=\"og:locale\" content=\"en_US\" \/>\n<meta property=\"og:type\" content=\"article\" \/>\n<meta property=\"og:title\" content=\"POWER HYALURONIC INTENSE HYDRATING MASK 50 ml M\u1eb7t n\u1ea1 c\u1ea5p \u1ea9m cho da\" \/>\n<meta property=\"og:description\" content=\"C\u00f3 t\u00e1c d\u1ee5ng d\u01b0\u1ee1ng \u1ea9m s\u00e2u mang l\u1ea1i l\u00e0n da ng\u1eadm n\u01b0\u1edbc h\u01a1n v\u00e0 t\u01b0\u01a1i tr\u1ebb m\u1ecbn m\u00e0ng h\u01a1n. Ngo\u00e0i ra v\u1edbi c\u00f4ng th\u1ee9c \u0111\u1ed9c \u0111\u00e1o ch\u1ee9a nhi\u1ec1u y\u1ebfu t\u1ed1 t\u00e1i t\u1ea1o b\u1ed5 sung c\u00e1c kho\u00e1ng ch\u1ea5t thi\u1ebft y\u1ebfu cho l\u00e0n da c\u1ee7a b\u1ea1n \u0111\u01b0\u1ee3c h\u1ed3i sinh v\u00e0 s\u00e1ng m\u1ecbn.\" \/>\n<meta property=\"og:url\" content=\"https:\/\/skeyndorvietnam.vn\/en\/product\/power-hyaluronic-intense-hydrating-mask-50-ml-mat-na-cap-am-cho-da\/\" \/>\n<meta property=\"og:site_name\" content=\"Skeyndor\" \/>\n<meta property=\"article:modified_time\" content=\"2025-10-23T09:20:52+00:00\" \/>\n<meta property=\"og:image\" content=\"https:\/\/skeyndorvietnam.vn\/wp-content\/uploads\/2025\/10\/SK59811208-2-scaled.png\" \/>\n\t<meta property=\"og:image:width\" content=\"2560\" \/>\n\t<meta property=\"og:image:height\" content=\"2560\" \/>\n\t<meta property=\"og:image:type\" content=\"image\/png\" \/>\n<meta name=\"twitter:card\" content=\"summary_large_image\" \/>\n<script type=\"application\/ld+json\" class=\"yoast-schema-graph\">{\"@context\":\"https:\/\/schema.org\",\"@graph\":[{\"@type\":\"WebPage\",\"@id\":\"https:\/\/skeyndorvietnam.vn\/en\/product\/power-hyaluronic-intense-hydrating-mask-50-ml-mat-na-cap-am-cho-da\/\",\"url\":\"https:\/\/skeyndorvietnam.vn\/en\/product\/power-hyaluronic-intense-hydrating-mask-50-ml-mat-na-cap-am-cho-da\/\",\"name\":\"POWER HYALURONIC INTENSE HYDRATING MASK 50 ml M\u1eb7t n\u1ea1 c\u1ea5p \u1ea9m cho da - Skeyndor\",\"isPartOf\":{\"@id\":\"https:\/\/skeyndorvietnam.vn\/#website\"},\"datePublished\":\"2025-10-19T17:11:41+00:00\",\"dateModified\":\"2025-10-23T09:20:52+00:00\",\"breadcrumb\":{\"@id\":\"https:\/\/skeyndorvietnam.vn\/en\/product\/power-hyaluronic-intense-hydrating-mask-50-ml-mat-na-cap-am-cho-da\/#breadcrumb\"},\"inLanguage\":\"en-US\",\"potentialAction\":[{\"@type\":\"ReadAction\",\"target\":[\"https:\/\/skeyndorvietnam.vn\/en\/product\/power-hyaluronic-intense-hydrating-mask-50-ml-mat-na-cap-am-cho-da\/\"]}]},{\"@type\":\"BreadcrumbList\",\"@id\":\"https:\/\/skeyndorvietnam.vn\/en\/product\/power-hyaluronic-intense-hydrating-mask-50-ml-mat-na-cap-am-cho-da\/#breadcrumb\",\"itemListElement\":[{\"@type\":\"ListItem\",\"position\":1,\"name\":\"Home\",\"item\":\"https:\/\/skeyndorvietnam.vn\/\"},{\"@type\":\"ListItem\",\"position\":2,\"name\":\"S\u1ea3n ph\u1ea9m\",\"item\":\"https:\/\/skeyndorvietnam.vn\/shop\/\"},{\"@type\":\"ListItem\",\"position\":3,\"name\":\"POWER HYALURONIC INTENSE HYDRATING MASK 50 ml M\u1eb7t n\u1ea1 c\u1ea5p \u1ea9m cho da\"}]},{\"@type\":\"WebSite\",\"@id\":\"https:\/\/skeyndorvietnam.vn\/#website\",\"url\":\"https:\/\/skeyndorvietnam.vn\/\",\"name\":\"Skeyndor\",\"description\":\"M\u1ef9 ph\u1ea9m cao c\u1ea5p t\u1eeb T\u00e2y Ban Nha - D\u01b0\u1ee1ng da chuy\u00ean s\u00e2u, an to\u00e0n &amp; hi\u1ec7u qu\u1ea3\",\"publisher\":{\"@id\":\"https:\/\/skeyndorvietnam.vn\/#organization\"},\"potentialAction\":[{\"@type\":\"SearchAction\",\"target\":{\"@type\":\"EntryPoint\",\"urlTemplate\":\"https:\/\/skeyndorvietnam.vn\/?s={search_term_string}\"},\"query-input\":\"required name=search_term_string\"}],\"inLanguage\":\"en-US\"},{\"@type\":\"Organization\",\"@id\":\"https:\/\/skeyndorvietnam.vn\/#organization\",\"name\":\"Skeyndor\",\"url\":\"https:\/\/skeyndorvietnam.vn\/\",\"logo\":{\"@type\":\"ImageObject\",\"inLanguage\":\"en-US\",\"@id\":\"https:\/\/skeyndorvietnam.vn\/#\/schema\/logo\/image\/\",\"url\":\"https:\/\/skeyndorvietnam.vn\/wp-content\/uploads\/2023\/10\/logo.png\",\"contentUrl\":\"https:\/\/skeyndorvietnam.vn\/wp-content\/uploads\/2023\/10\/logo.png\",\"width\":145,\"height\":43,\"caption\":\"Skeyndor\"},\"image\":{\"@id\":\"https:\/\/skeyndorvietnam.vn\/#\/schema\/logo\/image\/\"}}]}<\/script>\n<!-- \/ Yoast SEO Premium plugin. -->","yoast_head_json":{"title":"POWER HYALURONIC INTENSE HYDRATING MASK 50 ml M\u1eb7t n\u1ea1 c\u1ea5p \u1ea9m cho da - Skeyndor","robots":{"index":"noindex","follow":"follow","max-snippet":"max-snippet:-1","max-image-preview":"max-image-preview:large","max-video-preview":"max-video-preview:-1"},"og_locale":"en_US","og_type":"article","og_title":"POWER HYALURONIC INTENSE HYDRATING MASK 50 ml M\u1eb7t n\u1ea1 c\u1ea5p \u1ea9m cho da","og_description":"C\u00f3 t\u00e1c d\u1ee5ng d\u01b0\u1ee1ng \u1ea9m s\u00e2u mang l\u1ea1i l\u00e0n da ng\u1eadm n\u01b0\u1edbc h\u01a1n v\u00e0 t\u01b0\u01a1i tr\u1ebb m\u1ecbn m\u00e0ng h\u01a1n. Ngo\u00e0i ra v\u1edbi c\u00f4ng th\u1ee9c \u0111\u1ed9c \u0111\u00e1o ch\u1ee9a nhi\u1ec1u y\u1ebfu t\u1ed1 t\u00e1i t\u1ea1o b\u1ed5 sung c\u00e1c kho\u00e1ng ch\u1ea5t thi\u1ebft y\u1ebfu cho l\u00e0n da c\u1ee7a b\u1ea1n \u0111\u01b0\u1ee3c h\u1ed3i sinh v\u00e0 s\u00e1ng m\u1ecbn.","og_url":"https:\/\/skeyndorvietnam.vn\/en\/product\/power-hyaluronic-intense-hydrating-mask-50-ml-mat-na-cap-am-cho-da\/","og_site_name":"Skeyndor","article_modified_time":"2025-10-23T09:20:52+00:00","og_image":[{"width":2560,"height":2560,"url":"https:\/\/skeyndorvietnam.vn\/wp-content\/uploads\/2025\/10\/SK59811208-2-scaled.png","type":"image\/png"}],"twitter_card":"summary_large_image","schema":{"@context":"https:\/\/schema.org","@graph":[{"@type":"WebPage","@id":"https:\/\/skeyndorvietnam.vn\/en\/product\/power-hyaluronic-intense-hydrating-mask-50-ml-mat-na-cap-am-cho-da\/","url":"https:\/\/skeyndorvietnam.vn\/en\/product\/power-hyaluronic-intense-hydrating-mask-50-ml-mat-na-cap-am-cho-da\/","name":"POWER HYALURONIC INTENSE HYDRATING MASK 50 ml M\u1eb7t n\u1ea1 c\u1ea5p \u1ea9m cho da - Skeyndor","isPartOf":{"@id":"https:\/\/skeyndorvietnam.vn\/#website"},"datePublished":"2025-10-19T17:11:41+00:00","dateModified":"2025-10-23T09:20:52+00:00","breadcrumb":{"@id":"https:\/\/skeyndorvietnam.vn\/en\/product\/power-hyaluronic-intense-hydrating-mask-50-ml-mat-na-cap-am-cho-da\/#breadcrumb"},"inLanguage":"en-US","potentialAction":[{"@type":"ReadAction","target":["https:\/\/skeyndorvietnam.vn\/en\/product\/power-hyaluronic-intense-hydrating-mask-50-ml-mat-na-cap-am-cho-da\/"]}]},{"@type":"BreadcrumbList","@id":"https:\/\/skeyndorvietnam.vn\/en\/product\/power-hyaluronic-intense-hydrating-mask-50-ml-mat-na-cap-am-cho-da\/#breadcrumb","itemListElement":[{"@type":"ListItem","position":1,"name":"Home","item":"https:\/\/skeyndorvietnam.vn\/"},{"@type":"ListItem","position":2,"name":"S\u1ea3n ph\u1ea9m","item":"https:\/\/skeyndorvietnam.vn\/shop\/"},{"@type":"ListItem","position":3,"name":"POWER HYALURONIC INTENSE HYDRATING MASK 50 ml M\u1eb7t n\u1ea1 c\u1ea5p \u1ea9m cho da"}]},{"@type":"WebSite","@id":"https:\/\/skeyndorvietnam.vn\/#website","url":"https:\/\/skeyndorvietnam.vn\/","name":"Skeyndor","description":"M\u1ef9 ph\u1ea9m cao c\u1ea5p t\u1eeb T\u00e2y Ban Nha - D\u01b0\u1ee1ng da chuy\u00ean s\u00e2u, an to\u00e0n &amp; hi\u1ec7u qu\u1ea3","publisher":{"@id":"https:\/\/skeyndorvietnam.vn\/#organization"},"potentialAction":[{"@type":"SearchAction","target":{"@type":"EntryPoint","urlTemplate":"https:\/\/skeyndorvietnam.vn\/?s={search_term_string}"},"query-input":"required name=search_term_string"}],"inLanguage":"en-US"},{"@type":"Organization","@id":"https:\/\/skeyndorvietnam.vn\/#organization","name":"Skeyndor","url":"https:\/\/skeyndorvietnam.vn\/","logo":{"@type":"ImageObject","inLanguage":"en-US","@id":"https:\/\/skeyndorvietnam.vn\/#\/schema\/logo\/image\/","url":"https:\/\/skeyndorvietnam.vn\/wp-content\/uploads\/2023\/10\/logo.png","contentUrl":"https:\/\/skeyndorvietnam.vn\/wp-content\/uploads\/2023\/10\/logo.png","width":145,"height":43,"caption":"Skeyndor"},"image":{"@id":"https:\/\/skeyndorvietnam.vn\/#\/schema\/logo\/image\/"}}]}},"_links":{"self":[{"href":"https:\/\/skeyndorvietnam.vn\/en\/wp-json\/wp\/v2\/product\/5573","targetHints":{"allow":["GET"]}}],"collection":[{"href":"https:\/\/skeyndorvietnam.vn\/en\/wp-json\/wp\/v2\/product"}],"about":[{"href":"https:\/\/skeyndorvietnam.vn\/en\/wp-json\/wp\/v2\/types\/product"}],"replies":[{"embeddable":true,"href":"https:\/\/skeyndorvietnam.vn\/en\/wp-json\/wp\/v2\/comments?post=5573"}],"version-history":[{"count":0,"href":"https:\/\/skeyndorvietnam.vn\/en\/wp-json\/wp\/v2\/product\/5573\/revisions"}],"wp:featuredmedia":[{"embeddable":true,"href":"https:\/\/skeyndorvietnam.vn\/en\/wp-json\/wp\/v2\/media\/5575"}],"wp:attachment":[{"href":"https:\/\/skeyndorvietnam.vn\/en\/wp-json\/wp\/v2\/media?parent=5573"}],"wp:term":[{"taxonomy":"product_brand","embeddable":true,"href":"https:\/\/skeyndorvietnam.vn\/en\/wp-json\/wp\/v2\/product_brand?post=5573"},{"taxonomy":"product_cat","embeddable":true,"href":"https:\/\/skeyndorvietnam.vn\/en\/wp-json\/wp\/v2\/product_cat?post=5573"},{"taxonomy":"product_tag","embeddable":true,"href":"https:\/\/skeyndorvietnam.vn\/en\/wp-json\/wp\/v2\/product_tag?post=5573"}],"curies":[{"name":"wp","href":"https:\/\/api.w.org\/{rel}","templated":true}]}}