{"id":5569,"date":"2025-10-20T00:11:41","date_gmt":"2025-10-19T17:11:41","guid":{"rendered":"https:\/\/skeyndor.123websitedev.com\/san-pham\/cooling-eye-contour-eyelashes-gel-gel-duong-mat-giam-nhan-dong-thoi-duong-dai-mi\/"},"modified":"2025-10-23T16:20:51","modified_gmt":"2025-10-23T09:20:51","slug":"cooling-eye-contour-eyelashes-gel-gel-duong-mat-giam-nhan-dong-thoi-duong-dai-mi","status":"publish","type":"product","link":"https:\/\/skeyndorvietnam.vn\/en\/product\/cooling-eye-contour-eyelashes-gel-gel-duong-mat-giam-nhan-dong-thoi-duong-dai-mi\/","title":{"rendered":"COOLING EYE CONTOUR &#038; EYELASHES GEL \n Gel d\u01b0\u1ee1ng m\u1eaft gi\u1ea3m nh\u0103n \u0111\u1ed3ng th\u1eddi d\u01b0\u1ee1ng d\u00e0i mi"},"content":{"rendered":"","protected":false},"excerpt":{"rendered":"<p>Gel l\u1ea1nh gi\u00fap d\u01b0\u1ee1ng d\u00e0i mi v\u00e0 l\u00e0m l\u1ea1nh tr\u1ebb h\u00f3a s\u0103n ch\u1eafc v\u00f9ng da, gi\u1ea3m b\u1ecdng m\u1eaft v\u00e0 n\u1ebfp nh\u0103n t\u1ee9c th\u00ec.<\/p>","protected":false},"featured_media":5571,"comment_status":"open","ping_status":"open","template":"","meta":[],"product_brand":[],"product_cat":[85,86,87],"product_tag":[],"class_list":{"0":"post-5569","1":"product","2":"type-product","3":"status-publish","4":"has-post-thumbnail","6":"product_cat-dong-cap-am","7":"product_cat-dong-cap-nuoc","8":"product_cat-dong-chong-lao-hoa","9":"pa_dung-tich-15-ml","10":"pa_loai-da-moi-loai-da","13":"instock","14":"purchasable","15":"product-type-simple","16":"product-grid-view"},"yoast_head":"<!-- This site is optimized with the Yoast SEO Premium plugin v20.9 (Yoast SEO v20.9) - https:\/\/yoast.com\/wordpress\/plugins\/seo\/ -->\n<title>COOLING EYE CONTOUR &amp; EYELASHES GEL  Gel d\u01b0\u1ee1ng m\u1eaft gi\u1ea3m nh\u0103n \u0111\u1ed3ng th\u1eddi d\u01b0\u1ee1ng d\u00e0i mi - Skeyndor<\/title>\n<meta name=\"robots\" content=\"noindex, follow, max-snippet:-1, max-image-preview:large, max-video-preview:-1\" \/>\n<meta property=\"og:locale\" content=\"en_US\" \/>\n<meta property=\"og:type\" content=\"article\" \/>\n<meta property=\"og:title\" content=\"COOLING EYE CONTOUR &amp; EYELASHES GEL  Gel d\u01b0\u1ee1ng m\u1eaft gi\u1ea3m nh\u0103n \u0111\u1ed3ng th\u1eddi d\u01b0\u1ee1ng d\u00e0i mi\" \/>\n<meta property=\"og:description\" content=\"Gel l\u1ea1nh gi\u00fap d\u01b0\u1ee1ng d\u00e0i mi v\u00e0 l\u00e0m l\u1ea1nh tr\u1ebb h\u00f3a s\u0103n ch\u1eafc v\u00f9ng da, gi\u1ea3m b\u1ecdng m\u1eaft v\u00e0 n\u1ebfp nh\u0103n t\u1ee9c th\u00ec.\" \/>\n<meta property=\"og:url\" content=\"https:\/\/skeyndorvietnam.vn\/en\/product\/cooling-eye-contour-eyelashes-gel-gel-duong-mat-giam-nhan-dong-thoi-duong-dai-mi\/\" \/>\n<meta property=\"og:site_name\" content=\"Skeyndor\" \/>\n<meta property=\"article:modified_time\" content=\"2025-10-23T09:20:51+00:00\" \/>\n<meta property=\"og:image\" content=\"https:\/\/skeyndorvietnam.vn\/wp-content\/uploads\/2025\/10\/SK59801201.png\" \/>\n\t<meta property=\"og:image:width\" content=\"1200\" \/>\n\t<meta property=\"og:image:height\" content=\"1200\" \/>\n\t<meta property=\"og:image:type\" content=\"image\/png\" \/>\n<meta name=\"twitter:card\" content=\"summary_large_image\" \/>\n<script type=\"application\/ld+json\" class=\"yoast-schema-graph\">{\"@context\":\"https:\/\/schema.org\",\"@graph\":[{\"@type\":\"WebPage\",\"@id\":\"https:\/\/skeyndorvietnam.vn\/en\/product\/cooling-eye-contour-eyelashes-gel-gel-duong-mat-giam-nhan-dong-thoi-duong-dai-mi\/\",\"url\":\"https:\/\/skeyndorvietnam.vn\/en\/product\/cooling-eye-contour-eyelashes-gel-gel-duong-mat-giam-nhan-dong-thoi-duong-dai-mi\/\",\"name\":\"COOLING EYE CONTOUR & EYELASHES GEL Gel d\u01b0\u1ee1ng m\u1eaft gi\u1ea3m nh\u0103n \u0111\u1ed3ng th\u1eddi d\u01b0\u1ee1ng d\u00e0i mi - Skeyndor\",\"isPartOf\":{\"@id\":\"https:\/\/skeyndorvietnam.vn\/#website\"},\"datePublished\":\"2025-10-19T17:11:41+00:00\",\"dateModified\":\"2025-10-23T09:20:51+00:00\",\"breadcrumb\":{\"@id\":\"https:\/\/skeyndorvietnam.vn\/en\/product\/cooling-eye-contour-eyelashes-gel-gel-duong-mat-giam-nhan-dong-thoi-duong-dai-mi\/#breadcrumb\"},\"inLanguage\":\"en-US\",\"potentialAction\":[{\"@type\":\"ReadAction\",\"target\":[\"https:\/\/skeyndorvietnam.vn\/en\/product\/cooling-eye-contour-eyelashes-gel-gel-duong-mat-giam-nhan-dong-thoi-duong-dai-mi\/\"]}]},{\"@type\":\"BreadcrumbList\",\"@id\":\"https:\/\/skeyndorvietnam.vn\/en\/product\/cooling-eye-contour-eyelashes-gel-gel-duong-mat-giam-nhan-dong-thoi-duong-dai-mi\/#breadcrumb\",\"itemListElement\":[{\"@type\":\"ListItem\",\"position\":1,\"name\":\"Home\",\"item\":\"https:\/\/skeyndorvietnam.vn\/\"},{\"@type\":\"ListItem\",\"position\":2,\"name\":\"S\u1ea3n ph\u1ea9m\",\"item\":\"https:\/\/skeyndorvietnam.vn\/shop\/\"},{\"@type\":\"ListItem\",\"position\":3,\"name\":\"COOLING EYE CONTOUR &#038; EYELASHES GEL Gel d\u01b0\u1ee1ng m\u1eaft gi\u1ea3m nh\u0103n \u0111\u1ed3ng th\u1eddi d\u01b0\u1ee1ng d\u00e0i mi\"}]},{\"@type\":\"WebSite\",\"@id\":\"https:\/\/skeyndorvietnam.vn\/#website\",\"url\":\"https:\/\/skeyndorvietnam.vn\/\",\"name\":\"Skeyndor\",\"description\":\"M\u1ef9 ph\u1ea9m cao c\u1ea5p t\u1eeb T\u00e2y Ban Nha - D\u01b0\u1ee1ng da chuy\u00ean s\u00e2u, an to\u00e0n &amp; hi\u1ec7u qu\u1ea3\",\"publisher\":{\"@id\":\"https:\/\/skeyndorvietnam.vn\/#organization\"},\"potentialAction\":[{\"@type\":\"SearchAction\",\"target\":{\"@type\":\"EntryPoint\",\"urlTemplate\":\"https:\/\/skeyndorvietnam.vn\/?s={search_term_string}\"},\"query-input\":\"required name=search_term_string\"}],\"inLanguage\":\"en-US\"},{\"@type\":\"Organization\",\"@id\":\"https:\/\/skeyndorvietnam.vn\/#organization\",\"name\":\"Skeyndor\",\"url\":\"https:\/\/skeyndorvietnam.vn\/\",\"logo\":{\"@type\":\"ImageObject\",\"inLanguage\":\"en-US\",\"@id\":\"https:\/\/skeyndorvietnam.vn\/#\/schema\/logo\/image\/\",\"url\":\"https:\/\/skeyndorvietnam.vn\/wp-content\/uploads\/2023\/10\/logo.png\",\"contentUrl\":\"https:\/\/skeyndorvietnam.vn\/wp-content\/uploads\/2023\/10\/logo.png\",\"width\":145,\"height\":43,\"caption\":\"Skeyndor\"},\"image\":{\"@id\":\"https:\/\/skeyndorvietnam.vn\/#\/schema\/logo\/image\/\"}}]}<\/script>\n<!-- \/ Yoast SEO Premium plugin. -->","yoast_head_json":{"title":"COOLING EYE CONTOUR & EYELASHES GEL  Gel d\u01b0\u1ee1ng m\u1eaft gi\u1ea3m nh\u0103n \u0111\u1ed3ng th\u1eddi d\u01b0\u1ee1ng d\u00e0i mi - Skeyndor","robots":{"index":"noindex","follow":"follow","max-snippet":"max-snippet:-1","max-image-preview":"max-image-preview:large","max-video-preview":"max-video-preview:-1"},"og_locale":"en_US","og_type":"article","og_title":"COOLING EYE CONTOUR & EYELASHES GEL  Gel d\u01b0\u1ee1ng m\u1eaft gi\u1ea3m nh\u0103n \u0111\u1ed3ng th\u1eddi d\u01b0\u1ee1ng d\u00e0i mi","og_description":"Gel l\u1ea1nh gi\u00fap d\u01b0\u1ee1ng d\u00e0i mi v\u00e0 l\u00e0m l\u1ea1nh tr\u1ebb h\u00f3a s\u0103n ch\u1eafc v\u00f9ng da, gi\u1ea3m b\u1ecdng m\u1eaft v\u00e0 n\u1ebfp nh\u0103n t\u1ee9c th\u00ec.","og_url":"https:\/\/skeyndorvietnam.vn\/en\/product\/cooling-eye-contour-eyelashes-gel-gel-duong-mat-giam-nhan-dong-thoi-duong-dai-mi\/","og_site_name":"Skeyndor","article_modified_time":"2025-10-23T09:20:51+00:00","og_image":[{"width":1200,"height":1200,"url":"https:\/\/skeyndorvietnam.vn\/wp-content\/uploads\/2025\/10\/SK59801201.png","type":"image\/png"}],"twitter_card":"summary_large_image","schema":{"@context":"https:\/\/schema.org","@graph":[{"@type":"WebPage","@id":"https:\/\/skeyndorvietnam.vn\/en\/product\/cooling-eye-contour-eyelashes-gel-gel-duong-mat-giam-nhan-dong-thoi-duong-dai-mi\/","url":"https:\/\/skeyndorvietnam.vn\/en\/product\/cooling-eye-contour-eyelashes-gel-gel-duong-mat-giam-nhan-dong-thoi-duong-dai-mi\/","name":"COOLING EYE CONTOUR & EYELASHES GEL Gel d\u01b0\u1ee1ng m\u1eaft gi\u1ea3m nh\u0103n \u0111\u1ed3ng th\u1eddi d\u01b0\u1ee1ng d\u00e0i mi - Skeyndor","isPartOf":{"@id":"https:\/\/skeyndorvietnam.vn\/#website"},"datePublished":"2025-10-19T17:11:41+00:00","dateModified":"2025-10-23T09:20:51+00:00","breadcrumb":{"@id":"https:\/\/skeyndorvietnam.vn\/en\/product\/cooling-eye-contour-eyelashes-gel-gel-duong-mat-giam-nhan-dong-thoi-duong-dai-mi\/#breadcrumb"},"inLanguage":"en-US","potentialAction":[{"@type":"ReadAction","target":["https:\/\/skeyndorvietnam.vn\/en\/product\/cooling-eye-contour-eyelashes-gel-gel-duong-mat-giam-nhan-dong-thoi-duong-dai-mi\/"]}]},{"@type":"BreadcrumbList","@id":"https:\/\/skeyndorvietnam.vn\/en\/product\/cooling-eye-contour-eyelashes-gel-gel-duong-mat-giam-nhan-dong-thoi-duong-dai-mi\/#breadcrumb","itemListElement":[{"@type":"ListItem","position":1,"name":"Home","item":"https:\/\/skeyndorvietnam.vn\/"},{"@type":"ListItem","position":2,"name":"S\u1ea3n ph\u1ea9m","item":"https:\/\/skeyndorvietnam.vn\/shop\/"},{"@type":"ListItem","position":3,"name":"COOLING EYE CONTOUR &#038; EYELASHES GEL Gel d\u01b0\u1ee1ng m\u1eaft gi\u1ea3m nh\u0103n \u0111\u1ed3ng th\u1eddi d\u01b0\u1ee1ng d\u00e0i mi"}]},{"@type":"WebSite","@id":"https:\/\/skeyndorvietnam.vn\/#website","url":"https:\/\/skeyndorvietnam.vn\/","name":"Skeyndor","description":"M\u1ef9 ph\u1ea9m cao c\u1ea5p t\u1eeb T\u00e2y Ban Nha - D\u01b0\u1ee1ng da chuy\u00ean s\u00e2u, an to\u00e0n &amp; hi\u1ec7u qu\u1ea3","publisher":{"@id":"https:\/\/skeyndorvietnam.vn\/#organization"},"potentialAction":[{"@type":"SearchAction","target":{"@type":"EntryPoint","urlTemplate":"https:\/\/skeyndorvietnam.vn\/?s={search_term_string}"},"query-input":"required name=search_term_string"}],"inLanguage":"en-US"},{"@type":"Organization","@id":"https:\/\/skeyndorvietnam.vn\/#organization","name":"Skeyndor","url":"https:\/\/skeyndorvietnam.vn\/","logo":{"@type":"ImageObject","inLanguage":"en-US","@id":"https:\/\/skeyndorvietnam.vn\/#\/schema\/logo\/image\/","url":"https:\/\/skeyndorvietnam.vn\/wp-content\/uploads\/2023\/10\/logo.png","contentUrl":"https:\/\/skeyndorvietnam.vn\/wp-content\/uploads\/2023\/10\/logo.png","width":145,"height":43,"caption":"Skeyndor"},"image":{"@id":"https:\/\/skeyndorvietnam.vn\/#\/schema\/logo\/image\/"}}]}},"_links":{"self":[{"href":"https:\/\/skeyndorvietnam.vn\/en\/wp-json\/wp\/v2\/product\/5569","targetHints":{"allow":["GET"]}}],"collection":[{"href":"https:\/\/skeyndorvietnam.vn\/en\/wp-json\/wp\/v2\/product"}],"about":[{"href":"https:\/\/skeyndorvietnam.vn\/en\/wp-json\/wp\/v2\/types\/product"}],"replies":[{"embeddable":true,"href":"https:\/\/skeyndorvietnam.vn\/en\/wp-json\/wp\/v2\/comments?post=5569"}],"version-history":[{"count":0,"href":"https:\/\/skeyndorvietnam.vn\/en\/wp-json\/wp\/v2\/product\/5569\/revisions"}],"wp:featuredmedia":[{"embeddable":true,"href":"https:\/\/skeyndorvietnam.vn\/en\/wp-json\/wp\/v2\/media\/5571"}],"wp:attachment":[{"href":"https:\/\/skeyndorvietnam.vn\/en\/wp-json\/wp\/v2\/media?parent=5569"}],"wp:term":[{"taxonomy":"product_brand","embeddable":true,"href":"https:\/\/skeyndorvietnam.vn\/en\/wp-json\/wp\/v2\/product_brand?post=5569"},{"taxonomy":"product_cat","embeddable":true,"href":"https:\/\/skeyndorvietnam.vn\/en\/wp-json\/wp\/v2\/product_cat?post=5569"},{"taxonomy":"product_tag","embeddable":true,"href":"https:\/\/skeyndorvietnam.vn\/en\/wp-json\/wp\/v2\/product_tag?post=5569"}],"curies":[{"name":"wp","href":"https:\/\/api.w.org\/{rel}","templated":true}]}}