{"id":766,"date":"2023-01-31T09:21:02","date_gmt":"2023-01-31T09:21:02","guid":{"rendered":"https:\/\/amiy.wpenginepowered.com\/?page_id=766"},"modified":"2025-11-06T10:11:19","modified_gmt":"2025-11-06T03:11:19","slug":"cua-hang-phan-phoi","status":"publish","type":"page","link":"https:\/\/skeyndorvietnam.vn\/en\/cua-hang-phan-phoi\/","title":{"rendered":"Distribution stores"},"content":{"rendered":"<div data-elementor-type=\"wp-page\" data-elementor-id=\"766\" class=\"elementor elementor-766\" data-elementor-post-type=\"page\">\n\t\t\t\t<div class=\"elementor-element elementor-element-e60157f e-flex e-con-boxed e-con e-parent\" data-id=\"e60157f\" data-element_type=\"container\">\n\t\t\t\t\t<div class=\"e-con-inner\">\n\t\t\t\t<div class=\"elementor-element elementor-element-3ae6eac elementor-widget elementor-widget-shortcode\" data-id=\"3ae6eac\" data-element_type=\"widget\" data-settings=\"{&quot;wdt_animation_effect&quot;:&quot;none&quot;}\" data-widget_type=\"shortcode.default\">\n\t\t\t\t\t\t\t<div class=\"elementor-shortcode\">    \r\n\r\n    <div class=\"store-container\">\r\n        <!-- \ud83d\udd0d \u00d4 t\u00ecm ki\u1ebfm -->\r\n        <div class=\"store-search\">\r\n            <input type=\"text\" id=\"store-search-input\" placeholder=\"Find a store...\">\r\n        <\/div>\r\n\r\n        <div class=\"store-list-container\">\r\n            <div class=\"store-list\" id=\"store-list\"><\/div>\r\n            <div class=\"store-map\" id=\"store-map\"><\/div>\r\n        <\/div>\r\n    <\/div>\r\n\r\n    <!-- Load th\u01b0 vi\u1ec7n Leaflet.js -->\r\n    <link rel=\"stylesheet\" href=\"https:\/\/unpkg.com\/leaflet\/dist\/leaflet.css\" \/>\r\n    <script src=\"https:\/\/unpkg.com\/leaflet\/dist\/leaflet.js\"><\/script>\r\n\r\n    <script>\r\n        var map = L.map('store-map').setView([10.77689, 106.700981], 10);\r\n        \/\/ Th\u00eam ch\u1eef \u201cHo\u00e0ng Sa\u201d\r\n        L.marker([17, 112.5], {\r\n            icon: L.divIcon({\r\n                className: 'custom-label',\r\n                html: '<span style=\"font-weight:bold;color:#f02830;font-size:16px; background:yellow\">Qu\u1ea7n \u0111\u1ea3o<br>Ho\u00e0ng Sa<\/span>',\r\n                iconSize: [100, 20],\r\n                iconAnchor: [50, 10]\r\n            })\r\n        }).addTo(map);\r\n\r\n    \/\/ Th\u00eam ch\u1eef \u201cTr\u01b0\u1eddng Sa\u201d\r\n        L.marker([9.5, 113.0], {\r\n            icon: L.divIcon({\r\n                className: 'custom-label',\r\n                html: '<span style=\"font-weight:bold;color:#f02830;font-size:16px;background:yellow\">Qu\u1ea7n \u0111\u1ea3o<br>Tr\u01b0\u1eddng Sa<\/span>',\r\n                iconSize: [120, 20],\r\n                iconAnchor: [60, 10]\r\n            })\r\n        }).addTo(map);\r\n        \/\/ Th\u00eam b\u1ea3n \u0111\u1ed3 OpenStreetMap\r\n        L.tileLayer('https:\/\/{s}.tile.openstreetmap.org\/{z}\/{x}\/{y}.png', {\r\n            attribution: '&copy; <a href=\"https:\/\/www.openstreetmap.org\/copyright\">OpenStreetMap<\/a> contributors'\r\n        }).addTo(map);\r\n\r\n        var storeMarkerIcon = L.icon({\r\n            iconUrl: 'https:\/\/skeyndorvietnam.vn\/wp-content\/plugins\/store-local\/assets\/css\/img\/marker-icon.png',\r\n            shadowUrl: 'https:\/\/skeyndorvietnam.vn\/wp-content\/plugins\/store-local\/assets\/css\/img\/marker-shadow.png',\r\n            iconSize: [25, 41],\r\n            iconAnchor: [12, 41],\r\n            popupAnchor: [1, -34],\r\n            tooltipAnchor: [16, -28],\r\n            shadowSize: [41, 41]\r\n        });\r\n\r\n        fetch('https:\/\/skeyndorvietnam.vn\/wp-admin\/admin-ajax.php?action=get_stores')\r\n                .then(response => response.json())\r\n                .then(data => {\r\n                    var storeList = document.getElementById('store-list');\r\n                    var searchInput = document.getElementById('store-search-input');\r\n\r\n                    function renderStores(filter = '') {\r\n                        storeList.innerHTML = '';\r\n                        data.filter(store => {\r\n                            var query = filter.toLowerCase();\r\n                            var name = (store.name || '').toLowerCase();\r\n                            var address = (store.address || '').toLowerCase();\r\n                            var address2 = (store.address2 || '').toLowerCase();\r\n                            var company = (store.company || '').toLowerCase();\r\n                            return name.includes(query) || address.includes(query) || address2.includes(query) || company.includes(query);\r\n                        })\r\n                                .forEach(store => {\r\n                                    var storeItem = document.createElement('div');\r\n                                    storeItem.classList.add('store-item');\r\n                                    storeItem.innerHTML = `<h3>${store.name}<\/h3>\r\n                ${store.company ? '<p><strong>' + store.company + '<\/strong><\/p>' : ''}\r\n                <p>${store.address}<\/p>\r\n                ${store.address2 ? '<p>' + store.address2 + '<\/p>' : ''}\r\n                <p>\ud83d\udcde ${store.phone}<\/p>\r\n                <p>\ud83d\udce7 <a href=\"mailto:${store.email}\">${store.email}<\/a><\/p>\r\n                                <a href=\"https:\/\/www.google.com\/maps\/dir\/?api=1&destination=${store.latitude},${store.longitude}\" target=\"_blank\">Nh\u1eadn ch\u1ec9 \u0111\u01b0\u1eddng<\/a>`;\r\n                                    storeItem.addEventListener('click', () => {\r\n                                        map.setView([store.latitude, store.longitude], 14);\r\n                                    });\r\n                                    storeList.appendChild(storeItem);\r\n\r\n                                    L.marker([store.latitude, store.longitude], {icon: storeMarkerIcon})\r\n                                            .addTo(map)\r\n                                            .bindPopup(`<h3>${store.name}<\/h3>\r\n                            ${store.company ? '<p><strong>' + store.company + '<\/strong><\/p>' : ''}\r\n                            <p>${store.address}<\/p>\r\n                            ${store.address2 ? '<p>' + store.address2 + '<\/p>' : ''}\r\n                            <p>\ud83d\udcde ${store.phone}<\/p>\r\n                            <p>\ud83d\udce7 <a href=\"mailto:${store.email}\">${store.email}<\/a><\/p>`);\r\n                                });\r\n                    }\r\n\r\n                    renderStores();\r\n\r\n                    \/\/ L\u1ecdc c\u1eeda h\u00e0ng khi nh\u1eadp v\u00e0o \u00f4 t\u00ecm ki\u1ebfm\r\n                    searchInput.addEventListener('input', () => {\r\n                        renderStores(searchInput.value);\r\n                    });\r\n                });\r\n    <\/script>\r\n    <\/div>\n\t\t\t\t\t\t<\/div>\n\t\t\t\t\t<\/div>\n\t\t\t\t<\/div>\n\t\t\t\t<\/div>","protected":false},"excerpt":{"rendered":"","protected":false},"author":1,"featured_media":0,"parent":0,"menu_order":0,"comment_status":"closed","ping_status":"closed","template":"elementor_header_footer","meta":{"footnotes":""},"class_list":["post-766","page","type-page","status-publish","hentry"],"yoast_head":"<!-- This site is optimized with the Yoast SEO Premium plugin v20.9 (Yoast SEO v20.9) - https:\/\/yoast.com\/wordpress\/plugins\/seo\/ -->\n<title>C\u1eeda h\u00e0ng ph\u00e2n ph\u1ed1i - Skeyndor<\/title>\n<meta name=\"robots\" content=\"noindex, follow, max-snippet:-1, max-image-preview:large, max-video-preview:-1\" \/>\n<meta property=\"og:locale\" content=\"en_US\" \/>\n<meta property=\"og:type\" content=\"article\" \/>\n<meta property=\"og:title\" content=\"C\u1eeda h\u00e0ng ph\u00e2n ph\u1ed1i\" \/>\n<meta property=\"og:url\" content=\"https:\/\/skeyndorvietnam.vn\/en\/cua-hang-phan-phoi\/\" \/>\n<meta property=\"og:site_name\" content=\"Skeyndor\" \/>\n<meta property=\"article:modified_time\" content=\"2025-11-06T03:11:19+00:00\" \/>\n<meta name=\"twitter:card\" content=\"summary_large_image\" \/>\n<script type=\"application\/ld+json\" class=\"yoast-schema-graph\">{\"@context\":\"https:\/\/schema.org\",\"@graph\":[{\"@type\":\"WebPage\",\"@id\":\"https:\/\/skeyndorvietnam.vn\/cua-hang-phan-phoi\/\",\"url\":\"https:\/\/skeyndorvietnam.vn\/cua-hang-phan-phoi\/\",\"name\":\"C\u1eeda h\u00e0ng ph\u00e2n ph\u1ed1i - Skeyndor\",\"isPartOf\":{\"@id\":\"https:\/\/skeyndorvietnam.vn\/#website\"},\"datePublished\":\"2023-01-31T09:21:02+00:00\",\"dateModified\":\"2025-11-06T03:11:19+00:00\",\"breadcrumb\":{\"@id\":\"https:\/\/skeyndorvietnam.vn\/cua-hang-phan-phoi\/#breadcrumb\"},\"inLanguage\":\"en-US\",\"potentialAction\":[{\"@type\":\"ReadAction\",\"target\":[\"https:\/\/skeyndorvietnam.vn\/cua-hang-phan-phoi\/\"]}]},{\"@type\":\"BreadcrumbList\",\"@id\":\"https:\/\/skeyndorvietnam.vn\/cua-hang-phan-phoi\/#breadcrumb\",\"itemListElement\":[{\"@type\":\"ListItem\",\"position\":1,\"name\":\"Home\",\"item\":\"https:\/\/skeyndorvietnam.vn\/\"},{\"@type\":\"ListItem\",\"position\":2,\"name\":\"C\u1eeda h\u00e0ng ph\u00e2n ph\u1ed1i\"}]},{\"@type\":\"WebSite\",\"@id\":\"https:\/\/skeyndorvietnam.vn\/#website\",\"url\":\"https:\/\/skeyndorvietnam.vn\/\",\"name\":\"Skeyndor\",\"description\":\"M\u1ef9 ph\u1ea9m cao c\u1ea5p t\u1eeb T\u00e2y Ban Nha - D\u01b0\u1ee1ng da chuy\u00ean s\u00e2u, an to\u00e0n &amp; hi\u1ec7u qu\u1ea3\",\"publisher\":{\"@id\":\"https:\/\/skeyndorvietnam.vn\/#organization\"},\"potentialAction\":[{\"@type\":\"SearchAction\",\"target\":{\"@type\":\"EntryPoint\",\"urlTemplate\":\"https:\/\/skeyndorvietnam.vn\/?s={search_term_string}\"},\"query-input\":\"required name=search_term_string\"}],\"inLanguage\":\"en-US\"},{\"@type\":\"Organization\",\"@id\":\"https:\/\/skeyndorvietnam.vn\/#organization\",\"name\":\"Skeyndor\",\"url\":\"https:\/\/skeyndorvietnam.vn\/\",\"logo\":{\"@type\":\"ImageObject\",\"inLanguage\":\"en-US\",\"@id\":\"https:\/\/skeyndorvietnam.vn\/#\/schema\/logo\/image\/\",\"url\":\"https:\/\/skeyndorvietnam.vn\/wp-content\/uploads\/2023\/10\/logo.png\",\"contentUrl\":\"https:\/\/skeyndorvietnam.vn\/wp-content\/uploads\/2023\/10\/logo.png\",\"width\":145,\"height\":43,\"caption\":\"Skeyndor\"},\"image\":{\"@id\":\"https:\/\/skeyndorvietnam.vn\/#\/schema\/logo\/image\/\"}}]}<\/script>\n<!-- \/ Yoast SEO Premium plugin. -->","yoast_head_json":{"title":"C\u1eeda h\u00e0ng ph\u00e2n ph\u1ed1i - Skeyndor","robots":{"index":"noindex","follow":"follow","max-snippet":"max-snippet:-1","max-image-preview":"max-image-preview:large","max-video-preview":"max-video-preview:-1"},"og_locale":"en_US","og_type":"article","og_title":"C\u1eeda h\u00e0ng ph\u00e2n ph\u1ed1i","og_url":"https:\/\/skeyndorvietnam.vn\/en\/cua-hang-phan-phoi\/","og_site_name":"Skeyndor","article_modified_time":"2025-11-06T03:11:19+00:00","twitter_card":"summary_large_image","schema":{"@context":"https:\/\/schema.org","@graph":[{"@type":"WebPage","@id":"https:\/\/skeyndorvietnam.vn\/cua-hang-phan-phoi\/","url":"https:\/\/skeyndorvietnam.vn\/cua-hang-phan-phoi\/","name":"C\u1eeda h\u00e0ng ph\u00e2n ph\u1ed1i - Skeyndor","isPartOf":{"@id":"https:\/\/skeyndorvietnam.vn\/#website"},"datePublished":"2023-01-31T09:21:02+00:00","dateModified":"2025-11-06T03:11:19+00:00","breadcrumb":{"@id":"https:\/\/skeyndorvietnam.vn\/cua-hang-phan-phoi\/#breadcrumb"},"inLanguage":"en-US","potentialAction":[{"@type":"ReadAction","target":["https:\/\/skeyndorvietnam.vn\/cua-hang-phan-phoi\/"]}]},{"@type":"BreadcrumbList","@id":"https:\/\/skeyndorvietnam.vn\/cua-hang-phan-phoi\/#breadcrumb","itemListElement":[{"@type":"ListItem","position":1,"name":"Home","item":"https:\/\/skeyndorvietnam.vn\/"},{"@type":"ListItem","position":2,"name":"C\u1eeda h\u00e0ng ph\u00e2n ph\u1ed1i"}]},{"@type":"WebSite","@id":"https:\/\/skeyndorvietnam.vn\/#website","url":"https:\/\/skeyndorvietnam.vn\/","name":"Skeyndor","description":"M\u1ef9 ph\u1ea9m cao c\u1ea5p t\u1eeb T\u00e2y Ban Nha - D\u01b0\u1ee1ng da chuy\u00ean s\u00e2u, an to\u00e0n &amp; hi\u1ec7u qu\u1ea3","publisher":{"@id":"https:\/\/skeyndorvietnam.vn\/#organization"},"potentialAction":[{"@type":"SearchAction","target":{"@type":"EntryPoint","urlTemplate":"https:\/\/skeyndorvietnam.vn\/?s={search_term_string}"},"query-input":"required name=search_term_string"}],"inLanguage":"en-US"},{"@type":"Organization","@id":"https:\/\/skeyndorvietnam.vn\/#organization","name":"Skeyndor","url":"https:\/\/skeyndorvietnam.vn\/","logo":{"@type":"ImageObject","inLanguage":"en-US","@id":"https:\/\/skeyndorvietnam.vn\/#\/schema\/logo\/image\/","url":"https:\/\/skeyndorvietnam.vn\/wp-content\/uploads\/2023\/10\/logo.png","contentUrl":"https:\/\/skeyndorvietnam.vn\/wp-content\/uploads\/2023\/10\/logo.png","width":145,"height":43,"caption":"Skeyndor"},"image":{"@id":"https:\/\/skeyndorvietnam.vn\/#\/schema\/logo\/image\/"}}]}},"_links":{"self":[{"href":"https:\/\/skeyndorvietnam.vn\/en\/wp-json\/wp\/v2\/pages\/766","targetHints":{"allow":["GET"]}}],"collection":[{"href":"https:\/\/skeyndorvietnam.vn\/en\/wp-json\/wp\/v2\/pages"}],"about":[{"href":"https:\/\/skeyndorvietnam.vn\/en\/wp-json\/wp\/v2\/types\/page"}],"author":[{"embeddable":true,"href":"https:\/\/skeyndorvietnam.vn\/en\/wp-json\/wp\/v2\/users\/1"}],"replies":[{"embeddable":true,"href":"https:\/\/skeyndorvietnam.vn\/en\/wp-json\/wp\/v2\/comments?post=766"}],"version-history":[{"count":0,"href":"https:\/\/skeyndorvietnam.vn\/en\/wp-json\/wp\/v2\/pages\/766\/revisions"}],"wp:attachment":[{"href":"https:\/\/skeyndorvietnam.vn\/en\/wp-json\/wp\/v2\/media?parent=766"}],"curies":[{"name":"wp","href":"https:\/\/api.w.org\/{rel}","templated":true}]}}