{"id":5120,"date":"2025-10-03T13:47:56","date_gmt":"2025-10-03T06:47:56","guid":{"rendered":"https:\/\/skeyndor.123websitedev.com\/?page_id=5120"},"modified":"2025-10-03T13:49:04","modified_gmt":"2025-10-03T06:49:04","slug":"hoan-tra","status":"publish","type":"page","link":"https:\/\/skeyndorvietnam.vn\/en\/hoan-tra\/","title":{"rendered":"Refund"},"content":{"rendered":"<div data-elementor-type=\"wp-page\" data-elementor-id=\"5120\" class=\"elementor elementor-5120\" data-elementor-post-type=\"page\">\n\t\t\t\t<div class=\"elementor-element elementor-element-da1a4c1 e-flex e-con-boxed e-con e-parent\" data-id=\"da1a4c1\" data-element_type=\"container\">\n\t\t\t\t\t<div class=\"e-con-inner\">\n\t\t\t\t<div class=\"elementor-element elementor-element-a58909e elementor-widget elementor-widget-text-editor\" data-id=\"a58909e\" data-element_type=\"widget\" data-settings=\"{&quot;wdt_animation_effect&quot;:&quot;none&quot;}\" data-widget_type=\"text-editor.default\">\n\t\t\t\t\t\t\t\t\t<p>N\u1ebfu b\u1ea1n kh\u00f4ng h\u00e0i l\u00f2ng v\u1edbi s\u1ea3n ph\u1ea9m \u0111\u00e3 mua, ch\u00fang t\u00f4i h\u1ed7 tr\u1ee3 <strong data-start=\"213\" data-end=\"252\">\u0111\u1ed5i ho\u1eb7c ho\u00e0n tr\u1ea3 trong v\u00f2ng 7 ng\u00e0y<\/strong> k\u1ec3 t\u1eeb khi nh\u1eadn h\u00e0ng. S\u1ea3n ph\u1ea9m c\u1ea7n c\u00f2n nguy\u00ean tem, ch\u01b0a qua s\u1eed d\u1ee5ng v\u00e0 l\u1ed7i thu\u1ed9c v\u1ec1 nh\u00e0 s\u1ea3n xu\u1ea5t ho\u1eb7c do giao nh\u1ea7m. Quy tr\u00ecnh ho\u00e0n tr\u1ea3 \u0111\u01a1n gi\u1ea3n, minh b\u1ea1ch v\u00e0 lu\u00f4n \u0111\u1eb7t quy\u1ec1n l\u1ee3i c\u1ee7a kh\u00e1ch h\u00e0ng l\u00ean h\u00e0ng \u0111\u1ea7u.<\/p>\t\t\t\t\t\t\t\t<\/div>\n\t\t\t\t\t<\/div>\n\t\t\t\t<\/div>\n\t\t\t\t<\/div>","protected":false},"excerpt":{"rendered":"<p>N\u1ebfu b\u1ea1n kh\u00f4ng h\u00e0i l\u00f2ng v\u1edbi s\u1ea3n ph\u1ea9m \u0111\u00e3 mua, ch\u00fang t\u00f4i h\u1ed7 tr\u1ee3 \u0111\u1ed5i ho\u1eb7c ho\u00e0n tr\u1ea3 trong v\u00f2ng 7 ng\u00e0y k\u1ec3 t\u1eeb khi nh\u1eadn h\u00e0ng. S\u1ea3n ph\u1ea9m c\u1ea7n c\u00f2n nguy\u00ean tem, ch\u01b0a qua s\u1eed d\u1ee5ng v\u00e0 l\u1ed7i thu\u1ed9c v\u1ec1 nh\u00e0 s\u1ea3n xu\u1ea5t ho\u1eb7c do giao nh\u1ea7m. Quy tr\u00ecnh ho\u00e0n tr\u1ea3 \u0111\u01a1n gi\u1ea3n, minh [&hellip;]<\/p>","protected":false},"author":1,"featured_media":0,"parent":0,"menu_order":0,"comment_status":"closed","ping_status":"closed","template":"","meta":{"footnotes":""},"class_list":["post-5120","page","type-page","status-publish","hentry"],"yoast_head":"<!-- This site is optimized with the Yoast SEO Premium plugin v20.9 (Yoast SEO v20.9) - https:\/\/yoast.com\/wordpress\/plugins\/seo\/ -->\n<title>Ho\u00e0n tr\u1ea3 - Skeyndor<\/title>\n<meta name=\"robots\" content=\"noindex, follow, max-snippet:-1, max-image-preview:large, max-video-preview:-1\" \/>\n<meta property=\"og:locale\" content=\"en_US\" \/>\n<meta property=\"og:type\" content=\"article\" \/>\n<meta property=\"og:title\" content=\"Ho\u00e0n tr\u1ea3\" \/>\n<meta property=\"og:description\" content=\"N\u1ebfu b\u1ea1n kh\u00f4ng h\u00e0i l\u00f2ng v\u1edbi s\u1ea3n ph\u1ea9m \u0111\u00e3 mua, ch\u00fang t\u00f4i h\u1ed7 tr\u1ee3 \u0111\u1ed5i ho\u1eb7c ho\u00e0n tr\u1ea3 trong v\u00f2ng 7 ng\u00e0y k\u1ec3 t\u1eeb khi nh\u1eadn h\u00e0ng. S\u1ea3n ph\u1ea9m c\u1ea7n c\u00f2n nguy\u00ean tem, ch\u01b0a qua s\u1eed d\u1ee5ng v\u00e0 l\u1ed7i thu\u1ed9c v\u1ec1 nh\u00e0 s\u1ea3n xu\u1ea5t ho\u1eb7c do giao nh\u1ea7m. Quy tr\u00ecnh ho\u00e0n tr\u1ea3 \u0111\u01a1n gi\u1ea3n, minh [&hellip;]\" \/>\n<meta property=\"og:url\" content=\"https:\/\/skeyndorvietnam.vn\/en\/hoan-tra\/\" \/>\n<meta property=\"og:site_name\" content=\"Skeyndor\" \/>\n<meta property=\"article:modified_time\" content=\"2025-10-03T06:49:04+00:00\" \/>\n<meta name=\"twitter:card\" content=\"summary_large_image\" \/>\n<meta name=\"twitter:label1\" content=\"Est. reading time\" \/>\n\t<meta name=\"twitter:data1\" content=\"1 minute\" \/>\n<script type=\"application\/ld+json\" class=\"yoast-schema-graph\">{\"@context\":\"https:\/\/schema.org\",\"@graph\":[{\"@type\":\"WebPage\",\"@id\":\"https:\/\/skeyndorvietnam.vn\/hoan-tra\/\",\"url\":\"https:\/\/skeyndorvietnam.vn\/hoan-tra\/\",\"name\":\"Ho\u00e0n tr\u1ea3 - Skeyndor\",\"isPartOf\":{\"@id\":\"https:\/\/skeyndorvietnam.vn\/#website\"},\"datePublished\":\"2025-10-03T06:47:56+00:00\",\"dateModified\":\"2025-10-03T06:49:04+00:00\",\"breadcrumb\":{\"@id\":\"https:\/\/skeyndorvietnam.vn\/hoan-tra\/#breadcrumb\"},\"inLanguage\":\"en-US\",\"potentialAction\":[{\"@type\":\"ReadAction\",\"target\":[\"https:\/\/skeyndorvietnam.vn\/hoan-tra\/\"]}]},{\"@type\":\"BreadcrumbList\",\"@id\":\"https:\/\/skeyndorvietnam.vn\/hoan-tra\/#breadcrumb\",\"itemListElement\":[{\"@type\":\"ListItem\",\"position\":1,\"name\":\"Home\",\"item\":\"https:\/\/skeyndorvietnam.vn\/\"},{\"@type\":\"ListItem\",\"position\":2,\"name\":\"Ho\u00e0n tr\u1ea3\"}]},{\"@type\":\"WebSite\",\"@id\":\"https:\/\/skeyndorvietnam.vn\/#website\",\"url\":\"https:\/\/skeyndorvietnam.vn\/\",\"name\":\"Skeyndor\",\"description\":\"M\u1ef9 ph\u1ea9m cao c\u1ea5p t\u1eeb T\u00e2y Ban Nha - D\u01b0\u1ee1ng da chuy\u00ean s\u00e2u, an to\u00e0n &amp; hi\u1ec7u qu\u1ea3\",\"publisher\":{\"@id\":\"https:\/\/skeyndorvietnam.vn\/#organization\"},\"potentialAction\":[{\"@type\":\"SearchAction\",\"target\":{\"@type\":\"EntryPoint\",\"urlTemplate\":\"https:\/\/skeyndorvietnam.vn\/?s={search_term_string}\"},\"query-input\":\"required name=search_term_string\"}],\"inLanguage\":\"en-US\"},{\"@type\":\"Organization\",\"@id\":\"https:\/\/skeyndorvietnam.vn\/#organization\",\"name\":\"Skeyndor\",\"url\":\"https:\/\/skeyndorvietnam.vn\/\",\"logo\":{\"@type\":\"ImageObject\",\"inLanguage\":\"en-US\",\"@id\":\"https:\/\/skeyndorvietnam.vn\/#\/schema\/logo\/image\/\",\"url\":\"https:\/\/skeyndorvietnam.vn\/wp-content\/uploads\/2023\/10\/logo.png\",\"contentUrl\":\"https:\/\/skeyndorvietnam.vn\/wp-content\/uploads\/2023\/10\/logo.png\",\"width\":145,\"height\":43,\"caption\":\"Skeyndor\"},\"image\":{\"@id\":\"https:\/\/skeyndorvietnam.vn\/#\/schema\/logo\/image\/\"}}]}<\/script>\n<!-- \/ Yoast SEO Premium plugin. -->","yoast_head_json":{"title":"Ho\u00e0n tr\u1ea3 - Skeyndor","robots":{"index":"noindex","follow":"follow","max-snippet":"max-snippet:-1","max-image-preview":"max-image-preview:large","max-video-preview":"max-video-preview:-1"},"og_locale":"en_US","og_type":"article","og_title":"Ho\u00e0n tr\u1ea3","og_description":"N\u1ebfu b\u1ea1n kh\u00f4ng h\u00e0i l\u00f2ng v\u1edbi s\u1ea3n ph\u1ea9m \u0111\u00e3 mua, ch\u00fang t\u00f4i h\u1ed7 tr\u1ee3 \u0111\u1ed5i ho\u1eb7c ho\u00e0n tr\u1ea3 trong v\u00f2ng 7 ng\u00e0y k\u1ec3 t\u1eeb khi nh\u1eadn h\u00e0ng. S\u1ea3n ph\u1ea9m c\u1ea7n c\u00f2n nguy\u00ean tem, ch\u01b0a qua s\u1eed d\u1ee5ng v\u00e0 l\u1ed7i thu\u1ed9c v\u1ec1 nh\u00e0 s\u1ea3n xu\u1ea5t ho\u1eb7c do giao nh\u1ea7m. Quy tr\u00ecnh ho\u00e0n tr\u1ea3 \u0111\u01a1n gi\u1ea3n, minh [&hellip;]","og_url":"https:\/\/skeyndorvietnam.vn\/en\/hoan-tra\/","og_site_name":"Skeyndor","article_modified_time":"2025-10-03T06:49:04+00:00","twitter_card":"summary_large_image","twitter_misc":{"Est. reading time":"1 minute"},"schema":{"@context":"https:\/\/schema.org","@graph":[{"@type":"WebPage","@id":"https:\/\/skeyndorvietnam.vn\/hoan-tra\/","url":"https:\/\/skeyndorvietnam.vn\/hoan-tra\/","name":"Ho\u00e0n tr\u1ea3 - Skeyndor","isPartOf":{"@id":"https:\/\/skeyndorvietnam.vn\/#website"},"datePublished":"2025-10-03T06:47:56+00:00","dateModified":"2025-10-03T06:49:04+00:00","breadcrumb":{"@id":"https:\/\/skeyndorvietnam.vn\/hoan-tra\/#breadcrumb"},"inLanguage":"en-US","potentialAction":[{"@type":"ReadAction","target":["https:\/\/skeyndorvietnam.vn\/hoan-tra\/"]}]},{"@type":"BreadcrumbList","@id":"https:\/\/skeyndorvietnam.vn\/hoan-tra\/#breadcrumb","itemListElement":[{"@type":"ListItem","position":1,"name":"Home","item":"https:\/\/skeyndorvietnam.vn\/"},{"@type":"ListItem","position":2,"name":"Ho\u00e0n tr\u1ea3"}]},{"@type":"WebSite","@id":"https:\/\/skeyndorvietnam.vn\/#website","url":"https:\/\/skeyndorvietnam.vn\/","name":"Skeyndor","description":"M\u1ef9 ph\u1ea9m cao c\u1ea5p t\u1eeb T\u00e2y Ban Nha - D\u01b0\u1ee1ng da chuy\u00ean s\u00e2u, an to\u00e0n &amp; hi\u1ec7u qu\u1ea3","publisher":{"@id":"https:\/\/skeyndorvietnam.vn\/#organization"},"potentialAction":[{"@type":"SearchAction","target":{"@type":"EntryPoint","urlTemplate":"https:\/\/skeyndorvietnam.vn\/?s={search_term_string}"},"query-input":"required name=search_term_string"}],"inLanguage":"en-US"},{"@type":"Organization","@id":"https:\/\/skeyndorvietnam.vn\/#organization","name":"Skeyndor","url":"https:\/\/skeyndorvietnam.vn\/","logo":{"@type":"ImageObject","inLanguage":"en-US","@id":"https:\/\/skeyndorvietnam.vn\/#\/schema\/logo\/image\/","url":"https:\/\/skeyndorvietnam.vn\/wp-content\/uploads\/2023\/10\/logo.png","contentUrl":"https:\/\/skeyndorvietnam.vn\/wp-content\/uploads\/2023\/10\/logo.png","width":145,"height":43,"caption":"Skeyndor"},"image":{"@id":"https:\/\/skeyndorvietnam.vn\/#\/schema\/logo\/image\/"}}]}},"_links":{"self":[{"href":"https:\/\/skeyndorvietnam.vn\/en\/wp-json\/wp\/v2\/pages\/5120","targetHints":{"allow":["GET"]}}],"collection":[{"href":"https:\/\/skeyndorvietnam.vn\/en\/wp-json\/wp\/v2\/pages"}],"about":[{"href":"https:\/\/skeyndorvietnam.vn\/en\/wp-json\/wp\/v2\/types\/page"}],"author":[{"embeddable":true,"href":"https:\/\/skeyndorvietnam.vn\/en\/wp-json\/wp\/v2\/users\/1"}],"replies":[{"embeddable":true,"href":"https:\/\/skeyndorvietnam.vn\/en\/wp-json\/wp\/v2\/comments?post=5120"}],"version-history":[{"count":0,"href":"https:\/\/skeyndorvietnam.vn\/en\/wp-json\/wp\/v2\/pages\/5120\/revisions"}],"wp:attachment":[{"href":"https:\/\/skeyndorvietnam.vn\/en\/wp-json\/wp\/v2\/media?parent=5120"}],"curies":[{"name":"wp","href":"https:\/\/api.w.org\/{rel}","templated":true}]}}