{"id":5116,"date":"2025-10-03T13:46:22","date_gmt":"2025-10-03T06:46:22","guid":{"rendered":"https:\/\/skeyndor.123websitedev.com\/?page_id=5116"},"modified":"2025-10-03T13:47:35","modified_gmt":"2025-10-03T06:47:35","slug":"bao-mat","status":"publish","type":"page","link":"https:\/\/skeyndorvietnam.vn\/en\/bao-mat\/","title":{"rendered":"Security"},"content":{"rendered":"<div data-elementor-type=\"wp-page\" data-elementor-id=\"5116\" class=\"elementor elementor-5116\" data-elementor-post-type=\"page\">\n\t\t\t\t<div class=\"elementor-element elementor-element-da1a4c1 e-flex e-con-boxed e-con e-parent\" data-id=\"da1a4c1\" data-element_type=\"container\">\n\t\t\t\t\t<div class=\"e-con-inner\">\n\t\t\t\t<div class=\"elementor-element elementor-element-a58909e elementor-widget elementor-widget-text-editor\" data-id=\"a58909e\" data-element_type=\"widget\" data-settings=\"{&quot;wdt_animation_effect&quot;:&quot;none&quot;}\" data-widget_type=\"text-editor.default\">\n\t\t\t\t\t\t\t\t\t<p>Ch\u00fang t\u00f4i cam k\u1ebft b\u1ea3o v\u1ec7 tuy\u1ec7t \u0111\u1ed1i m\u1ecdi th\u00f4ng tin c\u00e1 nh\u00e2n m\u00e0 kh\u00e1ch h\u00e0ng cung c\u1ea5p khi mua s\u1eafm t\u1ea1i Skeyndor. M\u1ecdi d\u1eef li\u1ec7u nh\u01b0 h\u1ecd t\u00ean, s\u1ed1 \u0111i\u1ec7n tho\u1ea1i, \u0111\u1ecba ch\u1ec9 giao h\u00e0ng v\u00e0 email s\u1ebd ch\u1ec9 \u0111\u01b0\u1ee3c s\u1eed d\u1ee5ng cho m\u1ee5c \u0111\u00edch x\u1eed l\u00fd \u0111\u01a1n h\u00e0ng, ch\u0103m s\u00f3c kh\u00e1ch h\u00e0ng v\u00e0 g\u1eedi th\u00f4ng tin \u01b0u \u0111\u00e3i (n\u1ebfu b\u1ea1n \u0111\u1ed3ng \u00fd).<\/p><p>Ch\u00fang t\u00f4i kh\u00f4ng chia s\u1ebb, mua b\u00e1n hay trao \u0111\u1ed5i th\u00f4ng tin kh\u00e1ch h\u00e0ng cho b\u00ean th\u1ee9 ba d\u01b0\u1edbi b\u1ea5t k\u1ef3 h\u00ecnh th\u1ee9c n\u00e0o, tr\u1eeb khi c\u00f3 y\u00eau c\u1ea7u t\u1eeb c\u01a1 quan ph\u00e1p lu\u1eadt c\u00f3 th\u1ea9m quy\u1ec1n.<\/p><p>H\u1ec7 th\u1ed1ng website s\u1eed d\u1ee5ng giao th\u1ee9c b\u1ea3o m\u1eadt SSL \u0111\u1ec3 m\u00e3 h\u00f3a th\u00f4ng tin, \u0111\u1ea3m b\u1ea3o an to\u00e0n tuy\u1ec7t \u0111\u1ed1i trong qu\u00e1 tr\u00ecnh truy\u1ec1n t\u1ea3i d\u1eef li\u1ec7u.<\/p>\t\t\t\t\t\t\t\t<\/div>\n\t\t\t\t\t<\/div>\n\t\t\t\t<\/div>\n\t\t\t\t<\/div>","protected":false},"excerpt":{"rendered":"<p>Ch\u00fang t\u00f4i cam k\u1ebft b\u1ea3o v\u1ec7 tuy\u1ec7t \u0111\u1ed1i m\u1ecdi th\u00f4ng tin c\u00e1 nh\u00e2n m\u00e0 kh\u00e1ch h\u00e0ng cung c\u1ea5p khi mua s\u1eafm t\u1ea1i Skeyndor. M\u1ecdi d\u1eef li\u1ec7u nh\u01b0 h\u1ecd t\u00ean, s\u1ed1 \u0111i\u1ec7n tho\u1ea1i, \u0111\u1ecba ch\u1ec9 giao h\u00e0ng v\u00e0 email s\u1ebd ch\u1ec9 \u0111\u01b0\u1ee3c s\u1eed d\u1ee5ng cho m\u1ee5c \u0111\u00edch x\u1eed l\u00fd \u0111\u01a1n h\u00e0ng, ch\u0103m s\u00f3c kh\u00e1ch h\u00e0ng v\u00e0 [&hellip;]<\/p>","protected":false},"author":1,"featured_media":0,"parent":0,"menu_order":0,"comment_status":"closed","ping_status":"closed","template":"","meta":{"footnotes":""},"class_list":["post-5116","page","type-page","status-publish","hentry"],"yoast_head":"<!-- This site is optimized with the Yoast SEO Premium plugin v20.9 (Yoast SEO v20.9) - https:\/\/yoast.com\/wordpress\/plugins\/seo\/ -->\n<title>B\u1ea3o m\u1eadt - Skeyndor<\/title>\n<meta name=\"robots\" content=\"noindex, follow, max-snippet:-1, max-image-preview:large, max-video-preview:-1\" \/>\n<meta property=\"og:locale\" content=\"en_US\" \/>\n<meta property=\"og:type\" content=\"article\" \/>\n<meta property=\"og:title\" content=\"B\u1ea3o m\u1eadt\" \/>\n<meta property=\"og:description\" content=\"Ch\u00fang t\u00f4i cam k\u1ebft b\u1ea3o v\u1ec7 tuy\u1ec7t \u0111\u1ed1i m\u1ecdi th\u00f4ng tin c\u00e1 nh\u00e2n m\u00e0 kh\u00e1ch h\u00e0ng cung c\u1ea5p khi mua s\u1eafm t\u1ea1i Skeyndor. M\u1ecdi d\u1eef li\u1ec7u nh\u01b0 h\u1ecd t\u00ean, s\u1ed1 \u0111i\u1ec7n tho\u1ea1i, \u0111\u1ecba ch\u1ec9 giao h\u00e0ng v\u00e0 email s\u1ebd ch\u1ec9 \u0111\u01b0\u1ee3c s\u1eed d\u1ee5ng cho m\u1ee5c \u0111\u00edch x\u1eed l\u00fd \u0111\u01a1n h\u00e0ng, ch\u0103m s\u00f3c kh\u00e1ch h\u00e0ng v\u00e0 [&hellip;]\" \/>\n<meta property=\"og:url\" content=\"https:\/\/skeyndorvietnam.vn\/en\/bao-mat\/\" \/>\n<meta property=\"og:site_name\" content=\"Skeyndor\" \/>\n<meta property=\"article:modified_time\" content=\"2025-10-03T06:47:35+00:00\" \/>\n<meta name=\"twitter:card\" content=\"summary_large_image\" \/>\n<meta name=\"twitter:label1\" content=\"Est. reading time\" \/>\n\t<meta name=\"twitter:data1\" content=\"1 minute\" \/>\n<script type=\"application\/ld+json\" class=\"yoast-schema-graph\">{\"@context\":\"https:\/\/schema.org\",\"@graph\":[{\"@type\":\"WebPage\",\"@id\":\"https:\/\/skeyndorvietnam.vn\/bao-mat\/\",\"url\":\"https:\/\/skeyndorvietnam.vn\/bao-mat\/\",\"name\":\"B\u1ea3o m\u1eadt - Skeyndor\",\"isPartOf\":{\"@id\":\"https:\/\/skeyndorvietnam.vn\/#website\"},\"datePublished\":\"2025-10-03T06:46:22+00:00\",\"dateModified\":\"2025-10-03T06:47:35+00:00\",\"breadcrumb\":{\"@id\":\"https:\/\/skeyndorvietnam.vn\/bao-mat\/#breadcrumb\"},\"inLanguage\":\"en-US\",\"potentialAction\":[{\"@type\":\"ReadAction\",\"target\":[\"https:\/\/skeyndorvietnam.vn\/bao-mat\/\"]}]},{\"@type\":\"BreadcrumbList\",\"@id\":\"https:\/\/skeyndorvietnam.vn\/bao-mat\/#breadcrumb\",\"itemListElement\":[{\"@type\":\"ListItem\",\"position\":1,\"name\":\"Home\",\"item\":\"https:\/\/skeyndorvietnam.vn\/\"},{\"@type\":\"ListItem\",\"position\":2,\"name\":\"B\u1ea3o m\u1eadt\"}]},{\"@type\":\"WebSite\",\"@id\":\"https:\/\/skeyndorvietnam.vn\/#website\",\"url\":\"https:\/\/skeyndorvietnam.vn\/\",\"name\":\"Skeyndor\",\"description\":\"M\u1ef9 ph\u1ea9m cao c\u1ea5p t\u1eeb T\u00e2y Ban Nha - D\u01b0\u1ee1ng da chuy\u00ean s\u00e2u, an to\u00e0n &amp; hi\u1ec7u qu\u1ea3\",\"publisher\":{\"@id\":\"https:\/\/skeyndorvietnam.vn\/#organization\"},\"potentialAction\":[{\"@type\":\"SearchAction\",\"target\":{\"@type\":\"EntryPoint\",\"urlTemplate\":\"https:\/\/skeyndorvietnam.vn\/?s={search_term_string}\"},\"query-input\":\"required name=search_term_string\"}],\"inLanguage\":\"en-US\"},{\"@type\":\"Organization\",\"@id\":\"https:\/\/skeyndorvietnam.vn\/#organization\",\"name\":\"Skeyndor\",\"url\":\"https:\/\/skeyndorvietnam.vn\/\",\"logo\":{\"@type\":\"ImageObject\",\"inLanguage\":\"en-US\",\"@id\":\"https:\/\/skeyndorvietnam.vn\/#\/schema\/logo\/image\/\",\"url\":\"https:\/\/skeyndorvietnam.vn\/wp-content\/uploads\/2023\/10\/logo.png\",\"contentUrl\":\"https:\/\/skeyndorvietnam.vn\/wp-content\/uploads\/2023\/10\/logo.png\",\"width\":145,\"height\":43,\"caption\":\"Skeyndor\"},\"image\":{\"@id\":\"https:\/\/skeyndorvietnam.vn\/#\/schema\/logo\/image\/\"}}]}<\/script>\n<!-- \/ Yoast SEO Premium plugin. -->","yoast_head_json":{"title":"B\u1ea3o m\u1eadt - Skeyndor","robots":{"index":"noindex","follow":"follow","max-snippet":"max-snippet:-1","max-image-preview":"max-image-preview:large","max-video-preview":"max-video-preview:-1"},"og_locale":"en_US","og_type":"article","og_title":"B\u1ea3o m\u1eadt","og_description":"Ch\u00fang t\u00f4i cam k\u1ebft b\u1ea3o v\u1ec7 tuy\u1ec7t \u0111\u1ed1i m\u1ecdi th\u00f4ng tin c\u00e1 nh\u00e2n m\u00e0 kh\u00e1ch h\u00e0ng cung c\u1ea5p khi mua s\u1eafm t\u1ea1i Skeyndor. M\u1ecdi d\u1eef li\u1ec7u nh\u01b0 h\u1ecd t\u00ean, s\u1ed1 \u0111i\u1ec7n tho\u1ea1i, \u0111\u1ecba ch\u1ec9 giao h\u00e0ng v\u00e0 email s\u1ebd ch\u1ec9 \u0111\u01b0\u1ee3c s\u1eed d\u1ee5ng cho m\u1ee5c \u0111\u00edch x\u1eed l\u00fd \u0111\u01a1n h\u00e0ng, ch\u0103m s\u00f3c kh\u00e1ch h\u00e0ng v\u00e0 [&hellip;]","og_url":"https:\/\/skeyndorvietnam.vn\/en\/bao-mat\/","og_site_name":"Skeyndor","article_modified_time":"2025-10-03T06:47:35+00:00","twitter_card":"summary_large_image","twitter_misc":{"Est. reading time":"1 minute"},"schema":{"@context":"https:\/\/schema.org","@graph":[{"@type":"WebPage","@id":"https:\/\/skeyndorvietnam.vn\/bao-mat\/","url":"https:\/\/skeyndorvietnam.vn\/bao-mat\/","name":"B\u1ea3o m\u1eadt - Skeyndor","isPartOf":{"@id":"https:\/\/skeyndorvietnam.vn\/#website"},"datePublished":"2025-10-03T06:46:22+00:00","dateModified":"2025-10-03T06:47:35+00:00","breadcrumb":{"@id":"https:\/\/skeyndorvietnam.vn\/bao-mat\/#breadcrumb"},"inLanguage":"en-US","potentialAction":[{"@type":"ReadAction","target":["https:\/\/skeyndorvietnam.vn\/bao-mat\/"]}]},{"@type":"BreadcrumbList","@id":"https:\/\/skeyndorvietnam.vn\/bao-mat\/#breadcrumb","itemListElement":[{"@type":"ListItem","position":1,"name":"Home","item":"https:\/\/skeyndorvietnam.vn\/"},{"@type":"ListItem","position":2,"name":"B\u1ea3o m\u1eadt"}]},{"@type":"WebSite","@id":"https:\/\/skeyndorvietnam.vn\/#website","url":"https:\/\/skeyndorvietnam.vn\/","name":"Skeyndor","description":"M\u1ef9 ph\u1ea9m cao c\u1ea5p t\u1eeb T\u00e2y Ban Nha - D\u01b0\u1ee1ng da chuy\u00ean s\u00e2u, an to\u00e0n &amp; hi\u1ec7u qu\u1ea3","publisher":{"@id":"https:\/\/skeyndorvietnam.vn\/#organization"},"potentialAction":[{"@type":"SearchAction","target":{"@type":"EntryPoint","urlTemplate":"https:\/\/skeyndorvietnam.vn\/?s={search_term_string}"},"query-input":"required name=search_term_string"}],"inLanguage":"en-US"},{"@type":"Organization","@id":"https:\/\/skeyndorvietnam.vn\/#organization","name":"Skeyndor","url":"https:\/\/skeyndorvietnam.vn\/","logo":{"@type":"ImageObject","inLanguage":"en-US","@id":"https:\/\/skeyndorvietnam.vn\/#\/schema\/logo\/image\/","url":"https:\/\/skeyndorvietnam.vn\/wp-content\/uploads\/2023\/10\/logo.png","contentUrl":"https:\/\/skeyndorvietnam.vn\/wp-content\/uploads\/2023\/10\/logo.png","width":145,"height":43,"caption":"Skeyndor"},"image":{"@id":"https:\/\/skeyndorvietnam.vn\/#\/schema\/logo\/image\/"}}]}},"_links":{"self":[{"href":"https:\/\/skeyndorvietnam.vn\/en\/wp-json\/wp\/v2\/pages\/5116","targetHints":{"allow":["GET"]}}],"collection":[{"href":"https:\/\/skeyndorvietnam.vn\/en\/wp-json\/wp\/v2\/pages"}],"about":[{"href":"https:\/\/skeyndorvietnam.vn\/en\/wp-json\/wp\/v2\/types\/page"}],"author":[{"embeddable":true,"href":"https:\/\/skeyndorvietnam.vn\/en\/wp-json\/wp\/v2\/users\/1"}],"replies":[{"embeddable":true,"href":"https:\/\/skeyndorvietnam.vn\/en\/wp-json\/wp\/v2\/comments?post=5116"}],"version-history":[{"count":0,"href":"https:\/\/skeyndorvietnam.vn\/en\/wp-json\/wp\/v2\/pages\/5116\/revisions"}],"wp:attachment":[{"href":"https:\/\/skeyndorvietnam.vn\/en\/wp-json\/wp\/v2\/media?parent=5116"}],"curies":[{"name":"wp","href":"https:\/\/api.w.org\/{rel}","templated":true}]}}