{"id":5109,"date":"2025-10-03T13:43:41","date_gmt":"2025-10-03T06:43:41","guid":{"rendered":"https:\/\/skeyndor.123websitedev.com\/?page_id=5109"},"modified":"2025-10-03T13:45:54","modified_gmt":"2025-10-03T06:45:54","slug":"van-chuyen","status":"publish","type":"page","link":"https:\/\/skeyndorvietnam.vn\/en\/van-chuyen\/","title":{"rendered":"Transport"},"content":{"rendered":"<div data-elementor-type=\"wp-page\" data-elementor-id=\"5109\" class=\"elementor elementor-5109\" data-elementor-post-type=\"page\">\n\t\t\t\t<div class=\"elementor-element elementor-element-da1a4c1 e-flex e-con-boxed e-con e-parent\" data-id=\"da1a4c1\" data-element_type=\"container\">\n\t\t\t\t\t<div class=\"e-con-inner\">\n\t\t\t\t<div class=\"elementor-element elementor-element-a58909e elementor-widget elementor-widget-text-editor\" data-id=\"a58909e\" data-element_type=\"widget\" data-settings=\"{&quot;wdt_animation_effect&quot;:&quot;none&quot;}\" data-widget_type=\"text-editor.default\">\n\t\t\t\t\t\t\t\t\t<p>Ch\u00fang t\u00f4i giao h\u00e0ng to\u00e0n qu\u1ed1c th\u00f4ng qua c\u00e1c \u0111\u01a1n v\u1ecb v\u1eadn chuy\u1ec3n uy t\u00edn nh\u01b0 GHTK, J&amp;T Express v\u00e0 Viettel Post. Th\u1eddi gian giao h\u00e0ng dao \u0111\u1ed9ng t\u1eeb 1\u20135 ng\u00e0y l\u00e0m vi\u1ec7c, t\u00f9y theo \u0111\u1ecba ch\u1ec9 nh\u1eadn h\u00e0ng:<\/p><ul><li>N\u1ed9i th\u00e0nh H\u00e0 N\u1ed9i &amp; TP.HCM: 1\u20132 ng\u00e0y<\/li><li>C\u00e1c t\u1ec9nh, th\u00e0nh kh\u00e1c: 2\u20135 ng\u00e0y<\/li><\/ul><p>Mi\u1ec5n ph\u00ed v\u1eadn chuy\u1ec3n v\u1edbi \u0111\u01a1n h\u00e0ng t\u1eeb 500.000\u0111 tr\u1edf l\u00ean. V\u1edbi \u0111\u01a1n h\u00e0ng d\u01b0\u1edbi m\u1ee9c n\u00e0y, ph\u00ed ship s\u1ebd \u0111\u01b0\u1ee3c hi\u1ec3n th\u1ecb chi ti\u1ebft t\u1ea1i b\u01b0\u1edbc thanh to\u00e1n.<br \/>Tr\u01b0\u1edbc khi nh\u1eadn h\u00e0ng, b\u1ea1n c\u00f3 th\u1ec3 ki\u1ec3m tra s\u1ea3n ph\u1ea9m \u0111\u1ec3 \u0111\u1ea3m b\u1ea3o \u0111\u00fang m\u1eabu m\u00e3, k\u00edch th\u01b0\u1edbc v\u00e0 t\u00ecnh tr\u1ea1ng s\u1ea3n ph\u1ea9m.<\/p>\t\t\t\t\t\t\t\t<\/div>\n\t\t\t\t\t<\/div>\n\t\t\t\t<\/div>\n\t\t\t\t<\/div>","protected":false},"excerpt":{"rendered":"<p>Ch\u00fang t\u00f4i giao h\u00e0ng to\u00e0n qu\u1ed1c th\u00f4ng qua c\u00e1c \u0111\u01a1n v\u1ecb v\u1eadn chuy\u1ec3n uy t\u00edn nh\u01b0 GHTK, J&amp;T Express v\u00e0 Viettel Post. Th\u1eddi gian giao h\u00e0ng dao \u0111\u1ed9ng t\u1eeb 1\u20135 ng\u00e0y l\u00e0m vi\u1ec7c, t\u00f9y theo \u0111\u1ecba ch\u1ec9 nh\u1eadn h\u00e0ng: N\u1ed9i th\u00e0nh H\u00e0 N\u1ed9i &amp; TP.HCM: 1\u20132 ng\u00e0y C\u00e1c t\u1ec9nh, th\u00e0nh kh\u00e1c: 2\u20135 ng\u00e0y Mi\u1ec5n ph\u00ed [&hellip;]<\/p>","protected":false},"author":1,"featured_media":0,"parent":0,"menu_order":0,"comment_status":"closed","ping_status":"closed","template":"","meta":{"footnotes":""},"class_list":["post-5109","page","type-page","status-publish","hentry"],"yoast_head":"<!-- This site is optimized with the Yoast SEO Premium plugin v20.9 (Yoast SEO v20.9) - https:\/\/yoast.com\/wordpress\/plugins\/seo\/ -->\n<title>V\u1eadn chuy\u1ec3n - Skeyndor<\/title>\n<meta name=\"robots\" content=\"noindex, follow, max-snippet:-1, max-image-preview:large, max-video-preview:-1\" \/>\n<meta property=\"og:locale\" content=\"en_US\" \/>\n<meta property=\"og:type\" content=\"article\" \/>\n<meta property=\"og:title\" content=\"V\u1eadn chuy\u1ec3n\" \/>\n<meta property=\"og:description\" content=\"Ch\u00fang t\u00f4i giao h\u00e0ng to\u00e0n qu\u1ed1c th\u00f4ng qua c\u00e1c \u0111\u01a1n v\u1ecb v\u1eadn chuy\u1ec3n uy t\u00edn nh\u01b0 GHTK, J&amp;T Express v\u00e0 Viettel Post. Th\u1eddi gian giao h\u00e0ng dao \u0111\u1ed9ng t\u1eeb 1\u20135 ng\u00e0y l\u00e0m vi\u1ec7c, t\u00f9y theo \u0111\u1ecba ch\u1ec9 nh\u1eadn h\u00e0ng: N\u1ed9i th\u00e0nh H\u00e0 N\u1ed9i &amp; TP.HCM: 1\u20132 ng\u00e0y C\u00e1c t\u1ec9nh, th\u00e0nh kh\u00e1c: 2\u20135 ng\u00e0y Mi\u1ec5n ph\u00ed [&hellip;]\" \/>\n<meta property=\"og:url\" content=\"https:\/\/skeyndorvietnam.vn\/en\/van-chuyen\/\" \/>\n<meta property=\"og:site_name\" content=\"Skeyndor\" \/>\n<meta property=\"article:modified_time\" content=\"2025-10-03T06:45:54+00:00\" \/>\n<meta name=\"twitter:card\" content=\"summary_large_image\" \/>\n<meta name=\"twitter:label1\" content=\"Est. reading time\" \/>\n\t<meta name=\"twitter:data1\" content=\"1 minute\" \/>\n<script type=\"application\/ld+json\" class=\"yoast-schema-graph\">{\"@context\":\"https:\/\/schema.org\",\"@graph\":[{\"@type\":\"WebPage\",\"@id\":\"https:\/\/skeyndorvietnam.vn\/van-chuyen\/\",\"url\":\"https:\/\/skeyndorvietnam.vn\/van-chuyen\/\",\"name\":\"V\u1eadn chuy\u1ec3n - Skeyndor\",\"isPartOf\":{\"@id\":\"https:\/\/skeyndorvietnam.vn\/#website\"},\"datePublished\":\"2025-10-03T06:43:41+00:00\",\"dateModified\":\"2025-10-03T06:45:54+00:00\",\"breadcrumb\":{\"@id\":\"https:\/\/skeyndorvietnam.vn\/van-chuyen\/#breadcrumb\"},\"inLanguage\":\"en-US\",\"potentialAction\":[{\"@type\":\"ReadAction\",\"target\":[\"https:\/\/skeyndorvietnam.vn\/van-chuyen\/\"]}]},{\"@type\":\"BreadcrumbList\",\"@id\":\"https:\/\/skeyndorvietnam.vn\/van-chuyen\/#breadcrumb\",\"itemListElement\":[{\"@type\":\"ListItem\",\"position\":1,\"name\":\"Home\",\"item\":\"https:\/\/skeyndorvietnam.vn\/\"},{\"@type\":\"ListItem\",\"position\":2,\"name\":\"V\u1eadn chuy\u1ec3n\"}]},{\"@type\":\"WebSite\",\"@id\":\"https:\/\/skeyndorvietnam.vn\/#website\",\"url\":\"https:\/\/skeyndorvietnam.vn\/\",\"name\":\"Skeyndor\",\"description\":\"M\u1ef9 ph\u1ea9m cao c\u1ea5p t\u1eeb T\u00e2y Ban Nha - D\u01b0\u1ee1ng da chuy\u00ean s\u00e2u, an to\u00e0n &amp; hi\u1ec7u qu\u1ea3\",\"publisher\":{\"@id\":\"https:\/\/skeyndorvietnam.vn\/#organization\"},\"potentialAction\":[{\"@type\":\"SearchAction\",\"target\":{\"@type\":\"EntryPoint\",\"urlTemplate\":\"https:\/\/skeyndorvietnam.vn\/?s={search_term_string}\"},\"query-input\":\"required name=search_term_string\"}],\"inLanguage\":\"en-US\"},{\"@type\":\"Organization\",\"@id\":\"https:\/\/skeyndorvietnam.vn\/#organization\",\"name\":\"Skeyndor\",\"url\":\"https:\/\/skeyndorvietnam.vn\/\",\"logo\":{\"@type\":\"ImageObject\",\"inLanguage\":\"en-US\",\"@id\":\"https:\/\/skeyndorvietnam.vn\/#\/schema\/logo\/image\/\",\"url\":\"https:\/\/skeyndorvietnam.vn\/wp-content\/uploads\/2023\/10\/logo.png\",\"contentUrl\":\"https:\/\/skeyndorvietnam.vn\/wp-content\/uploads\/2023\/10\/logo.png\",\"width\":145,\"height\":43,\"caption\":\"Skeyndor\"},\"image\":{\"@id\":\"https:\/\/skeyndorvietnam.vn\/#\/schema\/logo\/image\/\"}}]}<\/script>\n<!-- \/ Yoast SEO Premium plugin. -->","yoast_head_json":{"title":"V\u1eadn chuy\u1ec3n - Skeyndor","robots":{"index":"noindex","follow":"follow","max-snippet":"max-snippet:-1","max-image-preview":"max-image-preview:large","max-video-preview":"max-video-preview:-1"},"og_locale":"en_US","og_type":"article","og_title":"V\u1eadn chuy\u1ec3n","og_description":"Ch\u00fang t\u00f4i giao h\u00e0ng to\u00e0n qu\u1ed1c th\u00f4ng qua c\u00e1c \u0111\u01a1n v\u1ecb v\u1eadn chuy\u1ec3n uy t\u00edn nh\u01b0 GHTK, J&amp;T Express v\u00e0 Viettel Post. Th\u1eddi gian giao h\u00e0ng dao \u0111\u1ed9ng t\u1eeb 1\u20135 ng\u00e0y l\u00e0m vi\u1ec7c, t\u00f9y theo \u0111\u1ecba ch\u1ec9 nh\u1eadn h\u00e0ng: N\u1ed9i th\u00e0nh H\u00e0 N\u1ed9i &amp; TP.HCM: 1\u20132 ng\u00e0y C\u00e1c t\u1ec9nh, th\u00e0nh kh\u00e1c: 2\u20135 ng\u00e0y Mi\u1ec5n ph\u00ed [&hellip;]","og_url":"https:\/\/skeyndorvietnam.vn\/en\/van-chuyen\/","og_site_name":"Skeyndor","article_modified_time":"2025-10-03T06:45:54+00:00","twitter_card":"summary_large_image","twitter_misc":{"Est. reading time":"1 minute"},"schema":{"@context":"https:\/\/schema.org","@graph":[{"@type":"WebPage","@id":"https:\/\/skeyndorvietnam.vn\/van-chuyen\/","url":"https:\/\/skeyndorvietnam.vn\/van-chuyen\/","name":"V\u1eadn chuy\u1ec3n - Skeyndor","isPartOf":{"@id":"https:\/\/skeyndorvietnam.vn\/#website"},"datePublished":"2025-10-03T06:43:41+00:00","dateModified":"2025-10-03T06:45:54+00:00","breadcrumb":{"@id":"https:\/\/skeyndorvietnam.vn\/van-chuyen\/#breadcrumb"},"inLanguage":"en-US","potentialAction":[{"@type":"ReadAction","target":["https:\/\/skeyndorvietnam.vn\/van-chuyen\/"]}]},{"@type":"BreadcrumbList","@id":"https:\/\/skeyndorvietnam.vn\/van-chuyen\/#breadcrumb","itemListElement":[{"@type":"ListItem","position":1,"name":"Home","item":"https:\/\/skeyndorvietnam.vn\/"},{"@type":"ListItem","position":2,"name":"V\u1eadn chuy\u1ec3n"}]},{"@type":"WebSite","@id":"https:\/\/skeyndorvietnam.vn\/#website","url":"https:\/\/skeyndorvietnam.vn\/","name":"Skeyndor","description":"M\u1ef9 ph\u1ea9m cao c\u1ea5p t\u1eeb T\u00e2y Ban Nha - D\u01b0\u1ee1ng da chuy\u00ean s\u00e2u, an to\u00e0n &amp; hi\u1ec7u qu\u1ea3","publisher":{"@id":"https:\/\/skeyndorvietnam.vn\/#organization"},"potentialAction":[{"@type":"SearchAction","target":{"@type":"EntryPoint","urlTemplate":"https:\/\/skeyndorvietnam.vn\/?s={search_term_string}"},"query-input":"required name=search_term_string"}],"inLanguage":"en-US"},{"@type":"Organization","@id":"https:\/\/skeyndorvietnam.vn\/#organization","name":"Skeyndor","url":"https:\/\/skeyndorvietnam.vn\/","logo":{"@type":"ImageObject","inLanguage":"en-US","@id":"https:\/\/skeyndorvietnam.vn\/#\/schema\/logo\/image\/","url":"https:\/\/skeyndorvietnam.vn\/wp-content\/uploads\/2023\/10\/logo.png","contentUrl":"https:\/\/skeyndorvietnam.vn\/wp-content\/uploads\/2023\/10\/logo.png","width":145,"height":43,"caption":"Skeyndor"},"image":{"@id":"https:\/\/skeyndorvietnam.vn\/#\/schema\/logo\/image\/"}}]}},"_links":{"self":[{"href":"https:\/\/skeyndorvietnam.vn\/en\/wp-json\/wp\/v2\/pages\/5109","targetHints":{"allow":["GET"]}}],"collection":[{"href":"https:\/\/skeyndorvietnam.vn\/en\/wp-json\/wp\/v2\/pages"}],"about":[{"href":"https:\/\/skeyndorvietnam.vn\/en\/wp-json\/wp\/v2\/types\/page"}],"author":[{"embeddable":true,"href":"https:\/\/skeyndorvietnam.vn\/en\/wp-json\/wp\/v2\/users\/1"}],"replies":[{"embeddable":true,"href":"https:\/\/skeyndorvietnam.vn\/en\/wp-json\/wp\/v2\/comments?post=5109"}],"version-history":[{"count":0,"href":"https:\/\/skeyndorvietnam.vn\/en\/wp-json\/wp\/v2\/pages\/5109\/revisions"}],"wp:attachment":[{"href":"https:\/\/skeyndorvietnam.vn\/en\/wp-json\/wp\/v2\/media?parent=5109"}],"curies":[{"name":"wp","href":"https:\/\/api.w.org\/{rel}","templated":true}]}}